{"id":42640,"date":"2024-06-02T02:15:35","date_gmt":"2024-06-01T23:15:35","guid":{"rendered":"https:\/\/araratfinland.com\/product\/mahmood-earl-grey-tea-450g\/"},"modified":"2025-11-08T10:02:05","modified_gmt":"2025-11-08T08:02:05","slug":"mahmood-earl-grey-tea-450g","status":"publish","type":"product","link":"https:\/\/araratfinland.com\/en\/product\/mahmood-earl-grey-tea-450g\/","title":{"rendered":"Mahmood Earl Grey Tea 450g"},"content":{"rendered":"<p data-start=\"207\" data-end=\"251\"><strong data-start=\"207\" data-end=\"221\">Ainesosat:<\/strong><br data-start=\"221\" data-end=\"224\" \/> Musta tee, bergamottiaromi.<\/p>\n<p data-start=\"253\" data-end=\"279\"><strong data-start=\"253\" data-end=\"269\">Alkuper\u00e4maa:<\/strong> Sri Lanka<\/p>\n<p data-start=\"281\" data-end=\"336\"><strong data-start=\"281\" data-end=\"294\">S\u00e4ilytys:<\/strong><br data-start=\"294\" data-end=\"297\" \/> S\u00e4ilyt\u00e4 viile\u00e4ss\u00e4 ja kuivassa paikassa.<\/p>\n<p data-start=\"338\" data-end=\"376\"><strong data-start=\"338\" data-end=\"356\">Parasta ennen:<\/strong> Katso pakkauksesta.<\/p>\n","protected":false},"excerpt":{"rendered":"<p>Ainesosat: Musta tee, bergamottiaromi. Alkuper\u00e4maa: Sri Lanka S\u00e4ilytys: S\u00e4ilyt\u00e4 viile\u00e4ss\u00e4 ja kuivassa paikassa. Parasta ennen: Katso pakkauksesta.<\/p>\n","protected":false},"featured_media":99798,"template":"","meta":{"om_disable_all_campaigns":false,"_monsterinsights_skip_tracking":false,"_monsterinsights_sitenote_active":false,"_monsterinsights_sitenote_note":"","_monsterinsights_sitenote_category":0},"location":[1422],"product_brand":[1423],"product_cat":[1340],"product_tag":[],"class_list":{"0":"post-42640","1":"product","2":"type-product","3":"status-publish","4":"has-post-thumbnail","6":"location-v","7":"product_brand-ararat-ari-food","8":"product_cat-teet-kahvit-fi","9":"stock_type-pcs-en","11":"first","12":"instock","13":"taxable","14":"shipping-taxable","15":"purchasable","16":"product-type-simple"},"aioseo_notices":[],"locations":[{"id":1422,"name":"v","slug":"v","quantity":"92"}],"_links":{"self":[{"href":"https:\/\/araratfinland.com\/en\/wp-json\/wp\/v2\/product\/42640","targetHints":{"allow":["GET"]}}],"collection":[{"href":"https:\/\/araratfinland.com\/en\/wp-json\/wp\/v2\/product"}],"about":[{"href":"https:\/\/araratfinland.com\/en\/wp-json\/wp\/v2\/types\/product"}],"version-history":[{"count":1,"href":"https:\/\/araratfinland.com\/en\/wp-json\/wp\/v2\/product\/42640\/revisions"}],"predecessor-version":[{"id":99800,"href":"https:\/\/araratfinland.com\/en\/wp-json\/wp\/v2\/product\/42640\/revisions\/99800"}],"wp:featuredmedia":[{"embeddable":true,"href":"https:\/\/araratfinland.com\/en\/wp-json\/wp\/v2\/media\/99798"}],"wp:attachment":[{"href":"https:\/\/araratfinland.com\/en\/wp-json\/wp\/v2\/media?parent=42640"}],"wp:term":[{"taxonomy":"location","embeddable":true,"href":"https:\/\/araratfinland.com\/en\/wp-json\/wp\/v2\/location?post=42640"},{"taxonomy":"product_brand","embeddable":true,"href":"https:\/\/araratfinland.com\/en\/wp-json\/wp\/v2\/product_brand?post=42640"},{"taxonomy":"product_cat","embeddable":true,"href":"https:\/\/araratfinland.com\/en\/wp-json\/wp\/v2\/product_cat?post=42640"},{"taxonomy":"product_tag","embeddable":true,"href":"https:\/\/araratfinland.com\/en\/wp-json\/wp\/v2\/product_tag?post=42640"}],"curies":[{"name":"wp","href":"https:\/\/api.w.org\/{rel}","templated":true}]}}