{"id":42632,"date":"2024-06-02T02:15:33","date_gmt":"2024-06-01T23:15:33","guid":{"rendered":"https:\/\/araratfinland.com\/product\/peram-lokum-mansikka-400g\/"},"modified":"2025-09-05T15:52:54","modified_gmt":"2025-09-05T12:52:54","slug":"peram-lokum-mansikka-400g","status":"publish","type":"product","link":"https:\/\/araratfinland.com\/en\/product\/peram-lokum-mansikka-400g\/","title":{"rendered":"Peram Lokum Mansikka 400g"},"content":{"rendered":"<h4><span style=\"font-size: 18px;color: #000000\"><strong>Turkkilainen lokum mansikka ja kokoos makuinen.<\/strong><\/span><\/h4>\n<h4><span style=\"color: #000000\"><span style=\"font-size: 18px\"><strong>Ainesosat: <\/strong>Sokeri, vesi,\u00a0<strong>vehn\u00e4t\u00e4rkkelys,<br \/><\/strong>kokoosp\u00e4hkin\u00f6it\u00e4 3%, aromit,\u00a0<\/span><span style=\"font-size: 18px\">v\u00e4riaineta:<br \/>E163 happamuudens\u00e4\u00e4t\u00f6aine: sitruunahappo.<\/span><\/span><\/h4>\n<h4><span style=\"font-size: 18px;color: #000000\"><strong>Saattaa sis\u00e4lt\u00e4\u00e4 pienia m\u00e4\u00e4ri\u00e4 p\u00e4hkin\u00f6it\u00e4 ja<br \/>maissia.<\/strong><\/span><\/h4>\n<h4><span style=\"font-size: 18px;color: #000000\"><strong>S\u00e4ilytys: <\/strong>Kuivassa ja viile\u00e4ss\u00e4 paikassa.<\/span><\/h4>\n<table style=\"width: 401.453px\">\n<tbody>\n<tr>\n<td style=\"width: 382.453px\" colspan=\"2\"><span style=\"font-size: 18px;color: #000000\"><strong>Ravintosis\u00e4lt\u00f6 per 100g<\/strong><\/span><\/td>\n<\/tr>\n<\/tbody>\n<tbody>\n<tr>\n<td style=\"width: 191px\"><span style=\"font-size: 18px;color: #000000\">Energia<\/span><\/td>\n<td style=\"width: 191.453px\"><span style=\"font-size: 18px;color: #000000\">1499 kJ \/ 354 kcal<\/span><\/td>\n<\/tr>\n<tr>\n<td style=\"width: 191px\"><span style=\"font-size: 18px;color: #000000\">Rasva<\/span><\/td>\n<td style=\"width: 191.453px\"><span style=\"font-size: 18px;color: #000000\">1,8 g<\/span><\/td>\n<\/tr>\n<tr>\n<td style=\"width: 191px\"><span style=\"font-size: 18px;color: #000000\">josta tyydyttyneitt\u00e4<\/span><\/td>\n<td style=\"width: 191.453px\"><span style=\"font-size: 18px;color: #000000\">1,6 g<\/span><\/td>\n<\/tr>\n<tr>\n<td style=\"width: 191px\"><span style=\"font-size: 18px;color: #000000\">Hiilihydraatit<\/span><\/td>\n<td style=\"width: 191.453px\"><span style=\"font-size: 18px;color: #000000\">83,1 g<\/span><\/td>\n<\/tr>\n<tr>\n<td style=\"width: 191px\"><span style=\"font-size: 18px;color: #000000\">josta sokereita<\/span><\/td>\n<td style=\"width: 191.453px\"><span style=\"font-size: 18px;color: #000000\">74,6 g<\/span><\/td>\n<\/tr>\n<tr>\n<td style=\"width: 191px\"><span style=\"font-size: 18px;color: #000000\">Proteiini<\/span><\/td>\n<td style=\"width: 191.453px\"><span style=\"font-size: 18px;color: #000000\">2 g<\/span><\/td>\n<\/tr>\n<tr>\n<td style=\"width: 191px\"><span style=\"font-size: 18px;color: #000000\">Suola<\/span><\/td>\n<td style=\"width: 191.453px\"><span style=\"font-size: 18px;color: #000000\">0,04 g<\/span><\/td>\n<\/tr>\n<\/tbody>\n<\/table>\n","protected":false},"excerpt":{"rendered":"<p>Turkkilainen lokum mansikka ja kokoos makuinen. Ainesosat: Sokeri, vesi,\u00a0vehn\u00e4t\u00e4rkkelys,kokoosp\u00e4hkin\u00f6it\u00e4 3%, aromit,\u00a0v\u00e4riaineta:E163 happamuudens\u00e4\u00e4t\u00f6aine: sitruunahappo. Saattaa sis\u00e4lt\u00e4\u00e4 pienia m\u00e4\u00e4ri\u00e4 p\u00e4hkin\u00f6it\u00e4 jamaissia. S\u00e4ilytys:<\/p>\n","protected":false},"featured_media":88763,"template":"","meta":{"om_disable_all_campaigns":false,"_monsterinsights_skip_tracking":false,"_monsterinsights_sitenote_active":false,"_monsterinsights_sitenote_note":"","_monsterinsights_sitenote_category":0},"location":[1422],"product_brand":[1423],"product_cat":[1324],"product_tag":[],"class_list":{"0":"post-42632","1":"product","2":"type-product","3":"status-publish","4":"has-post-thumbnail","6":"location-v","7":"product_brand-ararat-ari-food","8":"product_cat-makeiset-fi","9":"stock_type-pcs-en","11":"first","12":"instock","13":"taxable","14":"shipping-taxable","15":"purchasable","16":"product-type-simple"},"aioseo_notices":[],"locations":[{"id":1422,"name":"v","slug":"v","quantity":"62"}],"_links":{"self":[{"href":"https:\/\/araratfinland.com\/en\/wp-json\/wp\/v2\/product\/42632","targetHints":{"allow":["GET"]}}],"collection":[{"href":"https:\/\/araratfinland.com\/en\/wp-json\/wp\/v2\/product"}],"about":[{"href":"https:\/\/araratfinland.com\/en\/wp-json\/wp\/v2\/types\/product"}],"version-history":[{"count":1,"href":"https:\/\/araratfinland.com\/en\/wp-json\/wp\/v2\/product\/42632\/revisions"}],"predecessor-version":[{"id":46463,"href":"https:\/\/araratfinland.com\/en\/wp-json\/wp\/v2\/product\/42632\/revisions\/46463"}],"wp:featuredmedia":[{"embeddable":true,"href":"https:\/\/araratfinland.com\/en\/wp-json\/wp\/v2\/media\/88763"}],"wp:attachment":[{"href":"https:\/\/araratfinland.com\/en\/wp-json\/wp\/v2\/media?parent=42632"}],"wp:term":[{"taxonomy":"location","embeddable":true,"href":"https:\/\/araratfinland.com\/en\/wp-json\/wp\/v2\/location?post=42632"},{"taxonomy":"product_brand","embeddable":true,"href":"https:\/\/araratfinland.com\/en\/wp-json\/wp\/v2\/product_brand?post=42632"},{"taxonomy":"product_cat","embeddable":true,"href":"https:\/\/araratfinland.com\/en\/wp-json\/wp\/v2\/product_cat?post=42632"},{"taxonomy":"product_tag","embeddable":true,"href":"https:\/\/araratfinland.com\/en\/wp-json\/wp\/v2\/product_tag?post=42632"}],"curies":[{"name":"wp","href":"https:\/\/api.w.org\/{rel}","templated":true}]}}