{"id":42604,"date":"2024-06-02T02:15:27","date_gmt":"2024-06-01T23:15:27","guid":{"rendered":"https:\/\/araratfinland.com\/product\/completa-kahvikerma-440g\/"},"modified":"2025-10-16T15:04:35","modified_gmt":"2025-10-16T12:04:35","slug":"completa-kahvikerma-440g","status":"publish","type":"product","link":"https:\/\/araratfinland.com\/en\/product\/completa-kahvikerma-440g\/","title":{"rendered":"Completa Kahvikerma 440g"},"content":{"rendered":"<div><span style=\"font-size: 18px\"><strong>Ainesosat:<\/strong>\u00a0Glukoosisiirappi, kookos\u00f6ljy\u00a0<\/span><\/div>\n<div><span style=\"font-size: 18px\">(hydraamaton kookosp\u00e4hkin\u00e4)<\/span><\/div>\n<div><span style=\"font-size: 18px\">stabilointiaine E240, E452, <strong>maito<\/strong>proteiini,\u00a0<\/span><\/div>\n<div><span style=\"font-size: 18px\">emulgointiaine E471 v\u00e4riaine: karoteenit.<\/p>\n<p><\/span><\/div>\n<div><span style=\"font-size: 18px\"><span style=\"font-size: 18px\"><strong>S\u00e4ilytys:<\/strong> Kuivassa ja viile\u00e4ss\u00e4 paikassa.<\/p>\n<p><\/span><\/span> <\/p>\n<table style=\"font-size: 12px;width: 372.016px\">\n<tbody>\n<tr style=\"height: 22px\">\n<td style=\"width: 354.016px;height: 22px\" colspan=\"2\"><span style=\"font-size: 18px\"><strong>Ravintosis\u00e4lt\u00f6 per 100g<\/strong><\/span><\/td>\n<\/tr>\n<\/tbody>\n<tbody>\n<tr style=\"height: 22px\">\n<td style=\"width: 183px;height: 22px\"><span style=\"font-size: 18px\">Energia<\/span><\/td>\n<td style=\"width: 171.016px;height: 22px\"><span style=\"font-size: 18px\">2320 kJ \/ 550 kcal<\/span><\/td>\n<\/tr>\n<tr style=\"height: 22px\">\n<td style=\"width: 183px;height: 22px\"><span style=\"font-size: 18px\">Rasva<\/span><\/td>\n<td style=\"width: 171.016px;height: 22px\"><span style=\"font-size: 18px\">35 g\u00a0<\/span><\/td>\n<\/tr>\n<tr style=\"height: 44px\">\n<td style=\"width: 183px;height: 44px\"><span style=\"font-size: 18px\">josta tyydyttyneitt\u00e4<\/span><\/td>\n<td style=\"width: 171.016px;height: 44px\"><span style=\"font-size: 18px\">34,6 g<\/span><\/td>\n<\/tr>\n<tr style=\"height: 22px\">\n<td style=\"width: 183px;height: 22px\"><span style=\"font-size: 18px\">Hiilihydraatit<\/span><\/td>\n<td style=\"width: 171.016px;height: 22px\"><span style=\"font-size: 18px\">57,2 g\u00a0<\/span><\/td>\n<\/tr>\n<tr style=\"height: 12px\">\n<td style=\"width: 183px;height: 12px\">\n<p><span style=\"font-size: 18px\">Sokeri<\/span><\/p>\n<\/td>\n<td style=\"width: 171.016px;height: 12px\">\n<p><span style=\"font-size: 18px\">10 g<\/span><\/p>\n<\/td>\n<\/tr>\n<tr style=\"height: 22px\">\n<td style=\"width: 183px;height: 22px\"><span style=\"font-size: 18px\">Proteiini<\/span><\/td>\n<td style=\"width: 171.016px;height: 22px\"><span style=\"font-size: 18px\">2,2 g<\/span><\/td>\n<\/tr>\n<tr style=\"height: 22px\">\n<td style=\"width: 183px;height: 22px\"><span style=\"font-size: 18px\">Suola<\/span><\/td>\n<td style=\"width: 171.016px;height: 22px\"><span style=\"font-size: 18px\">0,50 g<br \/><\/span><\/td>\n<\/tr>\n<\/tbody>\n<\/table><\/div>\n","protected":false},"excerpt":{"rendered":"<p>Ainesosat:\u00a0Glukoosisiirappi, kookos\u00f6ljy\u00a0 (hydraamaton kookosp\u00e4hkin\u00e4) stabilointiaine E240, E452, maitoproteiini,\u00a0 emulgointiaine E471 v\u00e4riaine: karoteenit. S\u00e4ilytys: Kuivassa ja viile\u00e4ss\u00e4 paikassa. Ravintosis\u00e4lt\u00f6 per 100g<\/p>\n","protected":false},"featured_media":97040,"template":"","meta":{"om_disable_all_campaigns":false,"_monsterinsights_skip_tracking":false,"_monsterinsights_sitenote_active":false,"_monsterinsights_sitenote_note":"","_monsterinsights_sitenote_category":0},"location":[1422],"product_brand":[1423],"product_cat":[1346],"product_tag":[],"class_list":{"0":"post-42604","1":"product","2":"type-product","3":"status-publish","4":"has-post-thumbnail","6":"location-v","7":"product_brand-ararat-ari-food","8":"product_cat-kuiva-tuotteet-fi","9":"stock_type-prk-en","11":"first","12":"instock","13":"taxable","14":"shipping-taxable","15":"purchasable","16":"product-type-simple"},"aioseo_notices":[],"locations":[{"id":1422,"name":"v","slug":"v","quantity":"96"}],"_links":{"self":[{"href":"https:\/\/araratfinland.com\/en\/wp-json\/wp\/v2\/product\/42604","targetHints":{"allow":["GET"]}}],"collection":[{"href":"https:\/\/araratfinland.com\/en\/wp-json\/wp\/v2\/product"}],"about":[{"href":"https:\/\/araratfinland.com\/en\/wp-json\/wp\/v2\/types\/product"}],"version-history":[{"count":1,"href":"https:\/\/araratfinland.com\/en\/wp-json\/wp\/v2\/product\/42604\/revisions"}],"predecessor-version":[{"id":54600,"href":"https:\/\/araratfinland.com\/en\/wp-json\/wp\/v2\/product\/42604\/revisions\/54600"}],"wp:featuredmedia":[{"embeddable":true,"href":"https:\/\/araratfinland.com\/en\/wp-json\/wp\/v2\/media\/97040"}],"wp:attachment":[{"href":"https:\/\/araratfinland.com\/en\/wp-json\/wp\/v2\/media?parent=42604"}],"wp:term":[{"taxonomy":"location","embeddable":true,"href":"https:\/\/araratfinland.com\/en\/wp-json\/wp\/v2\/location?post=42604"},{"taxonomy":"product_brand","embeddable":true,"href":"https:\/\/araratfinland.com\/en\/wp-json\/wp\/v2\/product_brand?post=42604"},{"taxonomy":"product_cat","embeddable":true,"href":"https:\/\/araratfinland.com\/en\/wp-json\/wp\/v2\/product_cat?post=42604"},{"taxonomy":"product_tag","embeddable":true,"href":"https:\/\/araratfinland.com\/en\/wp-json\/wp\/v2\/product_tag?post=42604"}],"curies":[{"name":"wp","href":"https:\/\/api.w.org\/{rel}","templated":true}]}}