{"id":42588,"date":"2024-06-02T02:15:24","date_gmt":"2024-06-01T23:15:24","guid":{"rendered":"https:\/\/araratfinland.com\/product\/calnort-kanaliemi-1-kg\/"},"modified":"2025-11-17T09:16:24","modified_gmt":"2025-11-17T07:16:24","slug":"calnort-kanaliemi-1-kg","status":"publish","type":"product","link":"https:\/\/araratfinland.com\/en\/product\/calnort-kanaliemi-1-kg\/","title":{"rendered":"Calnort Kana Liemi 1 Kg"},"content":{"rendered":"<h4><span style=\"color: #000000\"><span style=\"font-size: 18px\"><strong>Ainesosat:<\/strong> Suola, maissit\u00e4rkkelys, <strong>maunvahventaja<\/strong>,<br \/>sokeri, kasvipalmu\u00f6ljy,\u00a0<\/span><span style=\"font-size: 18px\">kana rasva 1,5%, kana liha 1,2%,<br \/><strong>soijakasviproteiiniuute<\/strong>, hiivauute, kana aromi, vihannekset<br \/><\/span><span style=\"font-size: 18px\">(sipuli, valkosipuli, persilja), mausteet (kurkuma).<\/span><\/span><\/h4>\n<h4><span style=\"font-size: 18px;color: #000000\"><strong>S\u00e4ilytys:<\/strong> Viile\u00e4ss\u00e4 ja kuivassa paikassa.<\/span><\/h4>\n<table style=\"width: 380.141px\">\n<tbody>\n<tr>\n<td style=\"width: 362.141px\" colspan=\"2\"><span style=\"font-size: 18px;color: #000000\"><strong>Ravintosis\u00e4lt\u00f6 per 100g<\/strong><\/span><\/td>\n<\/tr>\n<\/tbody>\n<tbody>\n<tr>\n<td style=\"width: 198px\"><span style=\"font-size: 18px;color: #000000\">Energia<\/span><\/td>\n<td style=\"width: 164.141px\"><span style=\"font-size: 18px;color: #000000\">794 kJ \/ 190 kcal<\/span><\/td>\n<\/tr>\n<tr>\n<td style=\"width: 198px\"><span style=\"font-size: 18px;color: #000000\">Rasva<\/span><\/td>\n<td style=\"width: 164.141px\"><span style=\"font-size: 18px;color: #000000\">5,5 g<\/span><\/td>\n<\/tr>\n<tr>\n<td style=\"width: 198px\"><span style=\"font-size: 18px;color: #000000\">josta tyydyttyneitt\u00e4<\/span><\/td>\n<td style=\"width: 164.141px\"><span style=\"font-size: 18px;color: #000000\">2,6 g<\/span><\/td>\n<\/tr>\n<tr>\n<td style=\"width: 198px\"><span style=\"font-size: 18px;color: #000000\">Hiilihydraatit<\/span><\/td>\n<td style=\"width: 164.141px\"><span style=\"font-size: 18px;color: #000000\">28 g<\/span><\/td>\n<\/tr>\n<tr>\n<td style=\"width: 198px\"><span style=\"font-size: 18px;color: #000000\">josta sokereita<\/span><\/td>\n<td style=\"width: 164.141px\"><span style=\"font-size: 18px;color: #000000\">9 g<\/span><\/td>\n<\/tr>\n<tr>\n<td style=\"width: 198px\"><span style=\"font-size: 18px;color: #000000\">Proteiini<\/span><\/td>\n<td style=\"width: 164.141px\"><span style=\"font-size: 18px;color: #000000\">7,1 g<\/span><\/td>\n<\/tr>\n<tr>\n<td style=\"width: 198px\"><span style=\"font-size: 18px;color: #000000\">Suola<\/span><\/td>\n<td style=\"width: 164.141px\"><span style=\"font-size: 18px;color: #000000\">51 g<\/span><\/td>\n<\/tr>\n<\/tbody>\n<\/table>\n","protected":false},"excerpt":{"rendered":"<p>Ainesosat: Suola, maissit\u00e4rkkelys, maunvahventaja,sokeri, kasvipalmu\u00f6ljy,\u00a0kana rasva 1,5%, kana liha 1,2%,soijakasviproteiiniuute, hiivauute, kana aromi, vihannekset(sipuli, valkosipuli, persilja), mausteet (kurkuma). S\u00e4ilytys: Viile\u00e4ss\u00e4<\/p>\n","protected":false},"featured_media":100661,"template":"","meta":{"om_disable_all_campaigns":false,"_monsterinsights_skip_tracking":false,"_monsterinsights_sitenote_active":false,"_monsterinsights_sitenote_note":"","_monsterinsights_sitenote_category":0},"location":[1422],"product_brand":[1423],"product_cat":[1348],"product_tag":[],"class_list":{"0":"post-42588","1":"product","2":"type-product","3":"status-publish","4":"has-post-thumbnail","6":"location-v","7":"product_brand-ararat-ari-food","8":"product_cat-mausteet-fi","9":"stock_type-prk-en","11":"first","12":"instock","13":"taxable","14":"shipping-taxable","15":"purchasable","16":"product-type-simple"},"aioseo_notices":[],"locations":[{"id":1422,"name":"v","slug":"v","quantity":"172"}],"_links":{"self":[{"href":"https:\/\/araratfinland.com\/en\/wp-json\/wp\/v2\/product\/42588","targetHints":{"allow":["GET"]}}],"collection":[{"href":"https:\/\/araratfinland.com\/en\/wp-json\/wp\/v2\/product"}],"about":[{"href":"https:\/\/araratfinland.com\/en\/wp-json\/wp\/v2\/types\/product"}],"version-history":[{"count":2,"href":"https:\/\/araratfinland.com\/en\/wp-json\/wp\/v2\/product\/42588\/revisions"}],"predecessor-version":[{"id":54849,"href":"https:\/\/araratfinland.com\/en\/wp-json\/wp\/v2\/product\/42588\/revisions\/54849"}],"wp:featuredmedia":[{"embeddable":true,"href":"https:\/\/araratfinland.com\/en\/wp-json\/wp\/v2\/media\/100661"}],"wp:attachment":[{"href":"https:\/\/araratfinland.com\/en\/wp-json\/wp\/v2\/media?parent=42588"}],"wp:term":[{"taxonomy":"location","embeddable":true,"href":"https:\/\/araratfinland.com\/en\/wp-json\/wp\/v2\/location?post=42588"},{"taxonomy":"product_brand","embeddable":true,"href":"https:\/\/araratfinland.com\/en\/wp-json\/wp\/v2\/product_brand?post=42588"},{"taxonomy":"product_cat","embeddable":true,"href":"https:\/\/araratfinland.com\/en\/wp-json\/wp\/v2\/product_cat?post=42588"},{"taxonomy":"product_tag","embeddable":true,"href":"https:\/\/araratfinland.com\/en\/wp-json\/wp\/v2\/product_tag?post=42588"}],"curies":[{"name":"wp","href":"https:\/\/api.w.org\/{rel}","templated":true}]}}