{"id":42584,"date":"2024-06-02T02:15:23","date_gmt":"2024-06-01T23:15:23","guid":{"rendered":"https:\/\/araratfinland.com\/product\/pan-keltainen-maissijauhe-1-kg\/"},"modified":"2025-11-17T08:26:00","modified_gmt":"2025-11-17T06:26:00","slug":"pan-keltainen-maissijauhe-1-kg","status":"publish","type":"product","link":"https:\/\/araratfinland.com\/en\/product\/pan-keltainen-maissijauhe-1-kg\/","title":{"rendered":"PAN Keltainen Maissijauhe 1 Kg"},"content":{"rendered":"<h4><span style=\"font-size: 18px;color: #000000\"><strong>Keltainen maissijauhe.<\/strong><\/span><\/h4>\n<h4><span style=\"font-size: 18px;color: #000000\"><strong>Ainesosat: <\/strong>Maissijauhoa.\u00a0<\/span><\/h4>\n<h4><span style=\"font-size: 18px;color: #000000\"><strong>S\u00e4ilytys: <\/strong>Viile\u00e4ss\u00e4 ja kuivassa paikassa.<\/span><\/h4>\n<table style=\"height: 361px;width: 426.281px\">\n<tbody>\n<tr style=\"height: 1px\">\n<td style=\"height: 1px;width: 536.281px\" colspan=\"2\"><span style=\"font-size: 18px;color: #000000\"><strong>Ravintosis\u00e4lt\u00f6 per 100g<\/strong><\/span><\/td>\n<\/tr>\n<\/tbody>\n<tbody>\n<tr style=\"height: 15px\">\n<td style=\"height: 15px;width: 263px\"><span style=\"font-size: 18px;color: #000000\">Energiaa<\/span><\/td>\n<td style=\"height: 15px;width: 273.281px\"><span style=\"font-size: 18px;color: #000000\">1503 kj \/ 355 kcal<\/span><\/td>\n<\/tr>\n<tr style=\"height: 14px\">\n<td style=\"height: 14px;width: 263px\"><span style=\"font-size: 18px;color: #000000\">Rasva<\/span><\/td>\n<td style=\"height: 14px;width: 273.281px\"><span style=\"font-size: 18px;color: #000000\">2,1 g<\/span><\/td>\n<\/tr>\n<tr style=\"height: 3px\">\n<td style=\"height: 3px;width: 263px\"><span style=\"font-size: 18px;color: #000000\">josta tyydyttynytt\u00e4<\/span><\/td>\n<td style=\"height: 3px;width: 273.281px\"><span style=\"font-size: 18px;color: #000000\">0,4 g<\/span><\/td>\n<\/tr>\n<tr style=\"height: 6px\">\n<td style=\"height: 6px;width: 263px\"><span style=\"font-size: 18px;color: #000000\">Hiilihydraatit<\/span><\/td>\n<td style=\"height: 6px;width: 273.281px\"><span style=\"font-size: 18px;color: #000000\">74,9 g<\/span><\/td>\n<\/tr>\n<tr style=\"height: 1px\">\n<td style=\"height: 1px;width: 263px\"><span style=\"font-size: 18px;color: #000000\">josta sokereita<\/span><\/td>\n<td style=\"height: 1px;width: 273.281px\"><span style=\"font-size: 18px;color: #000000\">0,9 g<\/span><\/td>\n<\/tr>\n<tr style=\"height: 3px\">\n<td style=\"height: 3px;width: 263px\">\n<p><span style=\"font-size: 18px;color: #000000\">Proteiini<\/span><\/p>\n<p><span style=\"font-size: 18px;color: #000000\">Kuitu<\/span><\/p>\n<\/td>\n<td style=\"height: 3px;width: 273.281px\">\n<p><span style=\"font-size: 18px;color: #000000\">7,2 g<\/span><\/p>\n<p><span style=\"font-size: 18px;color: #000000\">3,7 g<\/span><\/p>\n<\/td>\n<\/tr>\n<tr style=\"height: 24px\">\n<td style=\"height: 24px;width: 263px\"><span style=\"font-size: 18px;color: #000000\">Suola<\/span><\/td>\n<td style=\"height: 24px;width: 273.281px\"><span style=\"font-size: 18px;color: #000000\">0 g<\/span><\/td>\n<\/tr>\n<\/tbody>\n<\/table>\n","protected":false},"excerpt":{"rendered":"<p>Keltainen maissijauhe. Ainesosat: Maissijauhoa.\u00a0 S\u00e4ilytys: Viile\u00e4ss\u00e4 ja kuivassa paikassa. Ravintosis\u00e4lt\u00f6 per 100g Energiaa 1503 kj \/ 355 kcal Rasva 2,1<\/p>\n","protected":false},"featured_media":100523,"template":"","meta":{"om_disable_all_campaigns":false,"_monsterinsights_skip_tracking":false,"_monsterinsights_sitenote_active":false,"_monsterinsights_sitenote_note":"","_monsterinsights_sitenote_category":0},"location":[1422],"product_brand":[1423],"product_cat":[1346],"product_tag":[],"class_list":{"0":"post-42584","1":"product","2":"type-product","3":"status-publish","4":"has-post-thumbnail","6":"location-v","7":"product_brand-ararat-ari-food","8":"product_cat-kuiva-tuotteet-fi","9":"stock_type-pcs-en","11":"first","12":"instock","13":"taxable","14":"shipping-taxable","15":"purchasable","16":"product-type-simple"},"aioseo_notices":[],"locations":[{"id":1422,"name":"v","slug":"v","quantity":"177"}],"_links":{"self":[{"href":"https:\/\/araratfinland.com\/en\/wp-json\/wp\/v2\/product\/42584","targetHints":{"allow":["GET"]}}],"collection":[{"href":"https:\/\/araratfinland.com\/en\/wp-json\/wp\/v2\/product"}],"about":[{"href":"https:\/\/araratfinland.com\/en\/wp-json\/wp\/v2\/types\/product"}],"version-history":[{"count":1,"href":"https:\/\/araratfinland.com\/en\/wp-json\/wp\/v2\/product\/42584\/revisions"}],"predecessor-version":[{"id":46339,"href":"https:\/\/araratfinland.com\/en\/wp-json\/wp\/v2\/product\/42584\/revisions\/46339"}],"wp:featuredmedia":[{"embeddable":true,"href":"https:\/\/araratfinland.com\/en\/wp-json\/wp\/v2\/media\/100523"}],"wp:attachment":[{"href":"https:\/\/araratfinland.com\/en\/wp-json\/wp\/v2\/media?parent=42584"}],"wp:term":[{"taxonomy":"location","embeddable":true,"href":"https:\/\/araratfinland.com\/en\/wp-json\/wp\/v2\/location?post=42584"},{"taxonomy":"product_brand","embeddable":true,"href":"https:\/\/araratfinland.com\/en\/wp-json\/wp\/v2\/product_brand?post=42584"},{"taxonomy":"product_cat","embeddable":true,"href":"https:\/\/araratfinland.com\/en\/wp-json\/wp\/v2\/product_cat?post=42584"},{"taxonomy":"product_tag","embeddable":true,"href":"https:\/\/araratfinland.com\/en\/wp-json\/wp\/v2\/product_tag?post=42584"}],"curies":[{"name":"wp","href":"https:\/\/api.w.org\/{rel}","templated":true}]}}