{"id":42572,"date":"2024-06-02T02:15:21","date_gmt":"2024-06-01T23:15:21","guid":{"rendered":"https:\/\/araratfinland.com\/product\/fulya-yogurt-8-1-kg\/"},"modified":"2025-11-07T16:04:07","modified_gmt":"2025-11-07T14:04:07","slug":"fulya-yogurt-8-1-kg","status":"publish","type":"product","link":"https:\/\/araratfinland.com\/en\/product\/fulya-yogurt-8-1-kg\/","title":{"rendered":"Fulya Yogurt 8% &#8211; 1 Kg"},"content":{"rendered":"<div><span style=\"font-size: 15px\">Jogurtti 8 % rasvaa<\/span><\/div>\n<div><span style=\"font-size: 15px\"><strong>Ainesosat:<\/strong> past\u00f6roitu t\u00e4ysmaito, past\u00f6roitu kerma (maito), maitohappobakteerit.<\/span><\/div>\n<div><span style=\"font-size: 15px\">S\u00e4ilyt\u00e4 j\u00e4\u00e4kaapissa 4 \u00b0C \u2013 6 \u00b0C.<\/span><\/div>\n<div><span style=\"font-size: 15px\"><strong>Parasta ennen:<\/strong> katso kansi.<\/span><\/div>\n","protected":false},"excerpt":{"rendered":"<p>Jogurtti 8 % rasvaa Ainesosat: past\u00f6roitu t\u00e4ysmaito, past\u00f6roitu kerma (maito), maitohappobakteerit. S\u00e4ilyt\u00e4 j\u00e4\u00e4kaapissa 4 \u00b0C \u2013 6 \u00b0C. Parasta ennen:<\/p>\n","protected":false},"featured_media":99286,"template":"","meta":{"om_disable_all_campaigns":false,"_monsterinsights_skip_tracking":false,"_monsterinsights_sitenote_active":false,"_monsterinsights_sitenote_note":"","_monsterinsights_sitenote_category":0},"location":[1422],"product_brand":[1423],"product_cat":[1352],"product_tag":[],"class_list":{"0":"post-42572","1":"product","2":"type-product","3":"status-publish","4":"has-post-thumbnail","6":"location-v","7":"product_brand-ararat-ari-food","8":"product_cat-maitotuotteet-fi","9":"stock_type-prk-en","11":"first","12":"instock","13":"taxable","14":"shipping-taxable","15":"purchasable","16":"product-type-simple"},"aioseo_notices":[],"locations":[{"id":1422,"name":"v","slug":"v","quantity":"114"}],"_links":{"self":[{"href":"https:\/\/araratfinland.com\/en\/wp-json\/wp\/v2\/product\/42572","targetHints":{"allow":["GET"]}}],"collection":[{"href":"https:\/\/araratfinland.com\/en\/wp-json\/wp\/v2\/product"}],"about":[{"href":"https:\/\/araratfinland.com\/en\/wp-json\/wp\/v2\/types\/product"}],"version-history":[{"count":1,"href":"https:\/\/araratfinland.com\/en\/wp-json\/wp\/v2\/product\/42572\/revisions"}],"predecessor-version":[{"id":76047,"href":"https:\/\/araratfinland.com\/en\/wp-json\/wp\/v2\/product\/42572\/revisions\/76047"}],"wp:featuredmedia":[{"embeddable":true,"href":"https:\/\/araratfinland.com\/en\/wp-json\/wp\/v2\/media\/99286"}],"wp:attachment":[{"href":"https:\/\/araratfinland.com\/en\/wp-json\/wp\/v2\/media?parent=42572"}],"wp:term":[{"taxonomy":"location","embeddable":true,"href":"https:\/\/araratfinland.com\/en\/wp-json\/wp\/v2\/location?post=42572"},{"taxonomy":"product_brand","embeddable":true,"href":"https:\/\/araratfinland.com\/en\/wp-json\/wp\/v2\/product_brand?post=42572"},{"taxonomy":"product_cat","embeddable":true,"href":"https:\/\/araratfinland.com\/en\/wp-json\/wp\/v2\/product_cat?post=42572"},{"taxonomy":"product_tag","embeddable":true,"href":"https:\/\/araratfinland.com\/en\/wp-json\/wp\/v2\/product_tag?post=42572"}],"curies":[{"name":"wp","href":"https:\/\/api.w.org\/{rel}","templated":true}]}}