{"id":42569,"date":"2024-06-02T02:15:20","date_gmt":"2024-06-01T23:15:20","guid":{"rendered":"https:\/\/araratfinland.com\/product\/tonnikala-oljyssa-1750-g\/"},"modified":"2025-11-06T10:07:27","modified_gmt":"2025-11-06T08:07:27","slug":"tonnikala-oljyssa-1750-g","status":"publish","type":"product","link":"https:\/\/araratfinland.com\/en\/product\/tonnikala-oljyssa-1750-g\/","title":{"rendered":"Tonnikala \u00f6ljyss\u00e4 1750 g"},"content":{"rendered":"<h4><span style=\"font-size: 19px;color: #000000\"><strong>Tonnikala kasvis\u00f6ljyss\u00e4.<\/strong><\/span><\/h4>\n<h4><span style=\"font-size: 19px;color: #000000\"><strong>Ainesosat:<\/strong> 82%<strong> tonnikala, soija\u00f6ljy,\u00a0<\/strong>suola.<\/span><\/h4>\n<h4><span style=\"font-size: 19px;color: #000000\"><strong>S\u00e4ilytys:<\/strong> Avaamisen j\u00e4lkeen s\u00e4ilyt\u00e4 j\u00e4\u00e4kaapissa lasi-<br \/>tai muoviastiassa ja k\u00e4yt\u00e4 se mahdollisimman pian.<\/span><\/h4>\n<table style=\"height: 361px;width: 382.031px\">\n<tbody>\n<tr style=\"height: 9.60938px\">\n<td style=\"width: 360.031px;height: 9.60938px\" colspan=\"2\"><span style=\"font-size: 19px;color: #000000\"><strong>Ravintosis\u00e4lt\u00f6 per 100g<\/strong><\/span><\/td>\n<\/tr>\n<\/tbody>\n<tbody>\n<tr style=\"height: 10px\">\n<td style=\"width: 194px;height: 10px\"><span style=\"font-size: 19px;color: #000000\">Energiaa<\/span><\/td>\n<td style=\"width: 166.031px;height: 10px\"><span style=\"font-size: 19px;color: #000000\">520 kj \/ 123 kcal<\/span><\/td>\n<\/tr>\n<tr style=\"height: 14px\">\n<td style=\"width: 194px;height: 14px\"><span style=\"font-size: 19px;color: #000000\">Rasva<\/span><\/td>\n<td style=\"width: 166.031px;height: 14px\"><span style=\"font-size: 19px;color: #000000\">3 g<\/span><\/td>\n<\/tr>\n<tr style=\"height: 17px\">\n<td style=\"width: 194px;height: 17px\"><span style=\"font-size: 19px;color: #000000\">josta tyydyttynytt\u00e4<\/span><\/td>\n<td style=\"width: 166.031px;height: 17px\"><span style=\"font-size: 19px;color: #000000\">0,7 g<\/span><\/td>\n<\/tr>\n<tr style=\"height: 5px\">\n<td style=\"width: 194px;height: 5px\"><span style=\"font-size: 19px;color: #000000\">Hiilihydraatit<\/span><\/td>\n<td style=\"width: 166.031px;height: 5px\"><span style=\"font-size: 19px;color: #000000\"><\/p>\n","protected":false},"excerpt":{"rendered":"<p>Tonnikala kasvis\u00f6ljyss\u00e4. Ainesosat: 82% tonnikala, soija\u00f6ljy,\u00a0suola. S\u00e4ilytys: Avaamisen j\u00e4lkeen s\u00e4ilyt\u00e4 j\u00e4\u00e4kaapissa lasi-tai muoviastiassa ja k\u00e4yt\u00e4 se mahdollisimman pian. Ravintosis\u00e4lt\u00f6 per<\/p>\n","protected":false},"featured_media":98654,"template":"","meta":{"om_disable_all_campaigns":false,"_monsterinsights_skip_tracking":false,"_monsterinsights_sitenote_active":false,"_monsterinsights_sitenote_note":"","_monsterinsights_sitenote_category":0},"location":[1422],"product_brand":[1423],"product_cat":[1469],"product_tag":[],"class_list":{"0":"post-42569","1":"product","2":"type-product","3":"status-publish","4":"has-post-thumbnail","6":"location-v","7":"product_brand-ararat-ari-food","8":"product_cat-restaurant-en-2","9":"stock_type-prk-en","11":"first","12":"instock","13":"taxable","14":"shipping-taxable","15":"purchasable","16":"product-type-simple"},"aioseo_notices":[],"locations":[{"id":1422,"name":"v","slug":"v","quantity":"500"}],"_links":{"self":[{"href":"https:\/\/araratfinland.com\/en\/wp-json\/wp\/v2\/product\/42569","targetHints":{"allow":["GET"]}}],"collection":[{"href":"https:\/\/araratfinland.com\/en\/wp-json\/wp\/v2\/product"}],"about":[{"href":"https:\/\/araratfinland.com\/en\/wp-json\/wp\/v2\/types\/product"}],"version-history":[{"count":1,"href":"https:\/\/araratfinland.com\/en\/wp-json\/wp\/v2\/product\/42569\/revisions"}],"predecessor-version":[{"id":49760,"href":"https:\/\/araratfinland.com\/en\/wp-json\/wp\/v2\/product\/42569\/revisions\/49760"}],"wp:featuredmedia":[{"embeddable":true,"href":"https:\/\/araratfinland.com\/en\/wp-json\/wp\/v2\/media\/98654"}],"wp:attachment":[{"href":"https:\/\/araratfinland.com\/en\/wp-json\/wp\/v2\/media?parent=42569"}],"wp:term":[{"taxonomy":"location","embeddable":true,"href":"https:\/\/araratfinland.com\/en\/wp-json\/wp\/v2\/location?post=42569"},{"taxonomy":"product_brand","embeddable":true,"href":"https:\/\/araratfinland.com\/en\/wp-json\/wp\/v2\/product_brand?post=42569"},{"taxonomy":"product_cat","embeddable":true,"href":"https:\/\/araratfinland.com\/en\/wp-json\/wp\/v2\/product_cat?post=42569"},{"taxonomy":"product_tag","embeddable":true,"href":"https:\/\/araratfinland.com\/en\/wp-json\/wp\/v2\/product_tag?post=42569"}],"curies":[{"name":"wp","href":"https:\/\/api.w.org\/{rel}","templated":true}]}}