{"id":42564,"date":"2024-06-02T02:15:19","date_gmt":"2024-06-01T23:15:19","guid":{"rendered":"https:\/\/araratfinland.com\/product\/ras-el-hanout-keltainen-200g\/"},"modified":"2025-09-25T10:18:35","modified_gmt":"2025-09-25T07:18:35","slug":"ras-el-hanout-keltainen-200g","status":"publish","type":"product","link":"https:\/\/araratfinland.com\/en\/product\/ras-el-hanout-keltainen-200g\/","title":{"rendered":"Ras-El Hanout Keltainen 200g"},"content":{"rendered":"<h4><span style=\"font-size: 19px\"><strong>Ras-el hanout keltainen.<\/strong><\/span><\/h4>\n<h4><span style=\"font-size: 19px\"><strong>Ainesosat: <\/strong>Kurkuma,korianteri, cayennepippuri,\u00a0kumina, mustapippuri<\/span><span style=\"font-size: 19px\">,<br \/> inkiv\u00e4\u00e4ri<\/span><span style=\"font-size: 19px\">,suola.<\/p>\n<p><\/span><\/h4>\n<h4><span style=\"font-size: 19px\"><strong>S\u00e4ilytys:<\/strong> Pid\u00e4 viile\u00e4ss\u00e4 ja kuivassa paikassa.<\/span><\/h4>\n","protected":false},"excerpt":{"rendered":"<p>Ras-el hanout keltainen. Ainesosat: Kurkuma,korianteri, cayennepippuri,\u00a0kumina, mustapippuri, inkiv\u00e4\u00e4ri,suola. S\u00e4ilytys: Pid\u00e4 viile\u00e4ss\u00e4 ja kuivassa paikassa.<\/p>\n","protected":false},"featured_media":93152,"template":"","meta":{"om_disable_all_campaigns":false,"_monsterinsights_skip_tracking":false,"_monsterinsights_sitenote_active":false,"_monsterinsights_sitenote_note":"","_monsterinsights_sitenote_category":0},"location":[1422],"product_brand":[1423],"product_cat":[1348],"product_tag":[],"class_list":{"0":"post-42564","1":"product","2":"type-product","3":"status-publish","4":"has-post-thumbnail","6":"location-v","7":"product_brand-ararat-ari-food","8":"product_cat-mausteet-fi","9":"stock_type-pss-en","11":"first","12":"instock","13":"taxable","14":"shipping-taxable","15":"purchasable","16":"product-type-simple"},"aioseo_notices":[],"locations":[{"id":1422,"name":"v","slug":"v","quantity":"0"}],"_links":{"self":[{"href":"https:\/\/araratfinland.com\/en\/wp-json\/wp\/v2\/product\/42564","targetHints":{"allow":["GET"]}}],"collection":[{"href":"https:\/\/araratfinland.com\/en\/wp-json\/wp\/v2\/product"}],"about":[{"href":"https:\/\/araratfinland.com\/en\/wp-json\/wp\/v2\/types\/product"}],"version-history":[{"count":1,"href":"https:\/\/araratfinland.com\/en\/wp-json\/wp\/v2\/product\/42564\/revisions"}],"predecessor-version":[{"id":50352,"href":"https:\/\/araratfinland.com\/en\/wp-json\/wp\/v2\/product\/42564\/revisions\/50352"}],"wp:featuredmedia":[{"embeddable":true,"href":"https:\/\/araratfinland.com\/en\/wp-json\/wp\/v2\/media\/93152"}],"wp:attachment":[{"href":"https:\/\/araratfinland.com\/en\/wp-json\/wp\/v2\/media?parent=42564"}],"wp:term":[{"taxonomy":"location","embeddable":true,"href":"https:\/\/araratfinland.com\/en\/wp-json\/wp\/v2\/location?post=42564"},{"taxonomy":"product_brand","embeddable":true,"href":"https:\/\/araratfinland.com\/en\/wp-json\/wp\/v2\/product_brand?post=42564"},{"taxonomy":"product_cat","embeddable":true,"href":"https:\/\/araratfinland.com\/en\/wp-json\/wp\/v2\/product_cat?post=42564"},{"taxonomy":"product_tag","embeddable":true,"href":"https:\/\/araratfinland.com\/en\/wp-json\/wp\/v2\/product_tag?post=42564"}],"curies":[{"name":"wp","href":"https:\/\/api.w.org\/{rel}","templated":true}]}}