{"id":42560,"date":"2024-06-02T02:15:18","date_gmt":"2024-06-01T23:15:18","guid":{"rendered":"https:\/\/araratfinland.com\/product\/sriracha-super-hot-chili-sauce-585g\/"},"modified":"2025-11-17T16:30:29","modified_gmt":"2025-11-17T14:30:29","slug":"sriracha-super-hot-chili-sauce-585g","status":"publish","type":"product","link":"https:\/\/araratfinland.com\/en\/product\/sriracha-super-hot-chili-sauce-585g\/","title":{"rendered":"Sriracha Super Hot Chili Sauce 585g"},"content":{"rendered":"<p><span style=\"font-size: 18px;color: #000000\"><strong>Ainesosat:<\/strong> Punainen chili 66,6%, sokeri, vesi, suola,<\/span> <\/p>\n<div><span style=\"font-size: 18px;color: #000000\">Happamuudens\u00e4\u00e4telyaine elintarvikehappo,<\/span><\/div>\n<div><span style=\"font-size: 18px;color: #000000\">aromivahvenne, natriumglutamaatti,<\/span><\/div>\n<div><span style=\"font-size: 18px;color: #000000\">stabilointiaine ksantaanikumi.<\/p>\n<p><\/span><\/div>\n<p> <span style=\"color: #000000\"><span style=\"color: #000000\"><strong><span style=\"font-size: 18px\">S\u00e4ilytys: <\/span><\/strong><span style=\"font-size: 18px\">Kuivassa ja viile\u00e4ss\u00e4 paikassa.<br \/><\/span><span style=\"font-size: 18px\">3kk avaamisen j\u00e4lkeen.<\/p>\n<p><\/span><\/span><\/span> <\/p>\n<table style=\"font-size: 12px;width: 384.688px\">\n<tbody>\n<tr style=\"height: 22px\">\n<td style=\"width: 365.688px;height: 22px\" colspan=\"2\"><span style=\"font-size: 18px;color: #000000\"><strong>Ravintosis\u00e4lt\u00f6 per 100g<\/strong><\/span><\/td>\n<\/tr>\n<\/tbody>\n<tbody>\n<tr style=\"height: 22px\">\n<td style=\"width: 212px;height: 22px\"><span style=\"font-size: 18px;color: #000000\">Energia<\/span><\/td>\n<td style=\"width: 153.688px;height: 22px\"><span style=\"font-size: 18px;color: #000000\">343 kJ \/ 81 kcal<\/span><\/td>\n<\/tr>\n<tr style=\"height: 22px\">\n<td style=\"width: 212px;height: 22px\"><span style=\"font-size: 18px;color: #000000\">Rasva<\/span><\/td>\n<td style=\"width: 153.688px;height: 22px\"><span style=\"font-size: 18px;color: #000000\">0,5 g<\/span><\/td>\n<\/tr>\n<tr style=\"height: 22px\">\n<td style=\"width: 212px;height: 22px\"><span style=\"font-size: 18px;color: #000000\">josta tyydyttyneitt\u00e4<\/span><\/td>\n<td style=\"width: 153.688px;height: 22px\"><span style=\"font-size: 18px;color: #000000\">0,1 g<\/span><\/td>\n<\/tr>\n<tr style=\"height: 22px\">\n<td style=\"width: 212px;height: 22px\"><span style=\"font-size: 18px;color: #000000\">Hiilihydraatit<\/span><\/td>\n<td style=\"width: 153.688px;height: 22px\"><span style=\"font-size: 18px;color: #000000\">17 g<\/span><\/td>\n<\/tr>\n<tr style=\"height: 22px\">\n<td style=\"width: 212px;height: 22px\"><span style=\"font-size: 18px;color: #000000\">josta sokereita<\/span><\/td>\n<td style=\"width: 153.688px;height: 22px\"><span style=\"font-size: 18px;color: #000000\">15 g<\/span><\/td>\n<\/tr>\n<tr style=\"height: 22px\">\n<td style=\"width: 212px;height: 22px\"><span style=\"font-size: 18px;color: #000000\">Proteiini<\/span><\/td>\n<td style=\"width: 153.688px;height: 22px\"><span style=\"font-size: 18px;color: #000000\">1,3 g<\/span><\/td>\n<\/tr>\n<tr style=\"height: 22px\">\n<td style=\"width: 212px;height: 22px\"><span style=\"font-size: 18px;color: #000000\">Suola<\/span><\/td>\n<td style=\"width: 153.688px;height: 22px\"><span style=\"font-size: 18px;color: #000000\">9,7 g<br \/><\/span><\/td>\n<\/tr>\n<\/tbody>\n<\/table>\n","protected":false},"excerpt":{"rendered":"<p>Ainesosat: Punainen chili 66,6%, sokeri, vesi, suola, Happamuudens\u00e4\u00e4telyaine elintarvikehappo, aromivahvenne, natriumglutamaatti, stabilointiaine ksantaanikumi. S\u00e4ilytys: Kuivassa ja viile\u00e4ss\u00e4 paikassa.3kk avaamisen j\u00e4lkeen.<\/p>\n","protected":false},"featured_media":100851,"template":"","meta":{"om_disable_all_campaigns":false,"_monsterinsights_skip_tracking":false,"_monsterinsights_sitenote_active":false,"_monsterinsights_sitenote_note":"","_monsterinsights_sitenote_category":0},"location":[1422],"product_brand":[1423],"product_cat":[1344],"product_tag":[],"class_list":{"0":"post-42560","1":"product","2":"type-product","3":"status-publish","4":"has-post-thumbnail","6":"location-v","7":"product_brand-ararat-ari-food","8":"product_cat-kastikkeet-fi","9":"stock_type-pcs-en","11":"first","12":"instock","13":"taxable","14":"shipping-taxable","15":"purchasable","16":"product-type-simple"},"aioseo_notices":[],"locations":[{"id":1422,"name":"v","slug":"v","quantity":"372"}],"_links":{"self":[{"href":"https:\/\/araratfinland.com\/en\/wp-json\/wp\/v2\/product\/42560","targetHints":{"allow":["GET"]}}],"collection":[{"href":"https:\/\/araratfinland.com\/en\/wp-json\/wp\/v2\/product"}],"about":[{"href":"https:\/\/araratfinland.com\/en\/wp-json\/wp\/v2\/types\/product"}],"version-history":[{"count":1,"href":"https:\/\/araratfinland.com\/en\/wp-json\/wp\/v2\/product\/42560\/revisions"}],"predecessor-version":[{"id":47757,"href":"https:\/\/araratfinland.com\/en\/wp-json\/wp\/v2\/product\/42560\/revisions\/47757"}],"wp:featuredmedia":[{"embeddable":true,"href":"https:\/\/araratfinland.com\/en\/wp-json\/wp\/v2\/media\/100851"}],"wp:attachment":[{"href":"https:\/\/araratfinland.com\/en\/wp-json\/wp\/v2\/media?parent=42560"}],"wp:term":[{"taxonomy":"location","embeddable":true,"href":"https:\/\/araratfinland.com\/en\/wp-json\/wp\/v2\/location?post=42560"},{"taxonomy":"product_brand","embeddable":true,"href":"https:\/\/araratfinland.com\/en\/wp-json\/wp\/v2\/product_brand?post=42560"},{"taxonomy":"product_cat","embeddable":true,"href":"https:\/\/araratfinland.com\/en\/wp-json\/wp\/v2\/product_cat?post=42560"},{"taxonomy":"product_tag","embeddable":true,"href":"https:\/\/araratfinland.com\/en\/wp-json\/wp\/v2\/product_tag?post=42560"}],"curies":[{"name":"wp","href":"https:\/\/api.w.org\/{rel}","templated":true}]}}