{"id":42527,"date":"2024-06-02T02:15:10","date_gmt":"2024-06-01T23:15:10","guid":{"rendered":"https:\/\/araratfinland.com\/product\/qibbla-naudan-lihapulla-12x900-g-2\/"},"modified":"2025-10-28T11:22:37","modified_gmt":"2025-10-28T09:22:37","slug":"qibbla-naudan-lihapulla-12x900-g-2","status":"publish","type":"product","link":"https:\/\/araratfinland.com\/en\/product\/qibbla-naudan-lihapulla-12x900-g-2\/","title":{"rendered":"Qibbla naudan lihapulla 12&#215;900 g"},"content":{"rendered":"<h4><span style=\"font-size: 19px;color: #000000\"><strong>Qibbla naudan lihapullat.<\/strong><\/span><\/h4>\n<h4><span style=\"color: #000000\"><span style=\"font-size: 19px\"><strong>Ainesosat:<\/strong> 50% naudanliha, kananliha 20%, peruna,<br \/>perunajauho, perunakuitu, suola, sipuli, hiivauute,<br \/><\/span><span style=\"font-size: 19px\">ryp\u00e4lesokeri, sitruunamehu, mausteita (paprikaa ja<br \/><strong>inkiv\u00e4\u00e4ri<\/strong>).<\/span><\/span><\/h4>\n<h4><span style=\"font-size: 19px;color: #000000\"><strong>S\u00e4ilytys: <\/strong>S\u00e4ilyt\u00e4 pakastimessa.<\/span><\/h4>\n<table style=\"height: 361px;width: 482.312px\">\n<tbody>\n<tr style=\"height: 12px\">\n<td style=\"width: 464.312px;height: 12px\" colspan=\"2\"><span style=\"font-size: 19px;color: #000000\"><strong>Ravintosis\u00e4lt\u00f6 per 100g<\/strong><\/span><\/td>\n<\/tr>\n<\/tbody>\n<tbody>\n<tr style=\"height: 13px\">\n<td style=\"width: 263px;height: 13px\"><span style=\"font-size: 19px;color: #000000\">Energiaa<\/span><\/td>\n<td style=\"width: 201.312px;height: 13px\"><span style=\"font-size: 19px;color: #000000\">477 kj \/ 114 kcal<\/span><\/td>\n<\/tr>\n<tr style=\"height: 6px\">\n<td style=\"width: 263px;height: 6px\"><span style=\"font-size: 19px;color: #000000\">Rasva<\/span><\/td>\n<td style=\"width: 201.312px;height: 6px\"><span style=\"font-size: 19px;color: #000000\">7 g<\/span><\/td>\n<\/tr>\n<tr style=\"height: 10px\">\n<td style=\"width: 263px;height: 10px\"><span style=\"font-size: 19px;color: #000000\">josta tyydyttynytt\u00e4<\/span><\/td>\n<td style=\"width: 201.312px;height: 10px\"><span style=\"font-size: 19px;color: #000000\">4,9 g<\/span><\/td>\n<\/tr>\n<tr style=\"height: 2px\">\n<td style=\"width: 263px;height: 2px\"><span style=\"font-size: 19px;color: #000000\">Hiilihydraatit<\/span><\/td>\n<td style=\"width: 201.312px;height: 2px\"><span style=\"font-size: 19px;color: #000000\">8 g<\/span><\/td>\n<\/tr>\n<tr style=\"height: 7px\">\n<td style=\"width: 263px;height: 7px\"><span style=\"font-size: 19px;color: #000000\">josta sokereita<\/span><\/td>\n<td style=\"width: 201.312px;height: 7px\"><span style=\"font-size: 19px;color: #000000\">0,5 g<\/span><\/td>\n<\/tr>\n<tr style=\"height: 5px\">\n<td style=\"width: 263px;height: 5px\"><span style=\"font-size: 19px;color: #000000\">Proteiini<\/span><\/td>\n<td style=\"width: 201.312px;height: 5px\"><span style=\"font-size: 19px;color: #000000\">6 g<\/span><\/td>\n<\/tr>\n<tr style=\"height: 7px\">\n<td style=\"width: 263px;height: 7px\"><span style=\"font-size: 19px;color: #000000\">Suola<\/span><\/td>\n<td style=\"width: 201.312px;height: 7px\"><span style=\"font-size: 19px;color: #000000\">1,5 g<\/span><\/td>\n<\/tr>\n<\/tbody>\n<\/table>\n","protected":false},"excerpt":{"rendered":"<p>Qibbla naudan lihapullat. Ainesosat: 50% naudanliha, kananliha 20%, peruna,perunajauho, perunakuitu, suola, sipuli, hiivauute,ryp\u00e4lesokeri, sitruunamehu, mausteita (paprikaa jainkiv\u00e4\u00e4ri). S\u00e4ilytys: S\u00e4ilyt\u00e4 pakastimessa.<\/p>\n","protected":false},"featured_media":98370,"template":"","meta":{"om_disable_all_campaigns":false,"_monsterinsights_skip_tracking":false,"_monsterinsights_sitenote_active":false,"_monsterinsights_sitenote_note":"","_monsterinsights_sitenote_category":0},"location":[1422],"product_brand":[1423],"product_cat":[1464],"product_tag":[],"class_list":{"0":"post-42527","1":"product","2":"type-product","3":"status-publish","4":"has-post-thumbnail","6":"location-v","7":"product_brand-ararat-ari-food","8":"product_cat-pakasteet-en-2","9":"stock_type-ltk-en","11":"first","12":"instock","13":"taxable","14":"shipping-taxable","15":"purchasable","16":"product-type-simple"},"aioseo_notices":[],"locations":[{"id":1422,"name":"v","slug":"v","quantity":"8"}],"_links":{"self":[{"href":"https:\/\/araratfinland.com\/en\/wp-json\/wp\/v2\/product\/42527","targetHints":{"allow":["GET"]}}],"collection":[{"href":"https:\/\/araratfinland.com\/en\/wp-json\/wp\/v2\/product"}],"about":[{"href":"https:\/\/araratfinland.com\/en\/wp-json\/wp\/v2\/types\/product"}],"version-history":[{"count":1,"href":"https:\/\/araratfinland.com\/en\/wp-json\/wp\/v2\/product\/42527\/revisions"}],"predecessor-version":[{"id":49906,"href":"https:\/\/araratfinland.com\/en\/wp-json\/wp\/v2\/product\/42527\/revisions\/49906"}],"wp:featuredmedia":[{"embeddable":true,"href":"https:\/\/araratfinland.com\/en\/wp-json\/wp\/v2\/media\/98370"}],"wp:attachment":[{"href":"https:\/\/araratfinland.com\/en\/wp-json\/wp\/v2\/media?parent=42527"}],"wp:term":[{"taxonomy":"location","embeddable":true,"href":"https:\/\/araratfinland.com\/en\/wp-json\/wp\/v2\/location?post=42527"},{"taxonomy":"product_brand","embeddable":true,"href":"https:\/\/araratfinland.com\/en\/wp-json\/wp\/v2\/product_brand?post=42527"},{"taxonomy":"product_cat","embeddable":true,"href":"https:\/\/araratfinland.com\/en\/wp-json\/wp\/v2\/product_cat?post=42527"},{"taxonomy":"product_tag","embeddable":true,"href":"https:\/\/araratfinland.com\/en\/wp-json\/wp\/v2\/product_tag?post=42527"}],"curies":[{"name":"wp","href":"https:\/\/api.w.org\/{rel}","templated":true}]}}