{"id":42522,"date":"2024-06-02T02:15:09","date_gmt":"2024-06-01T23:15:09","guid":{"rendered":"https:\/\/araratfinland.com\/product\/lenis-krydda-450g\/"},"modified":"2025-11-10T10:14:21","modified_gmt":"2025-11-10T08:14:21","slug":"lenis-krydda-450g","status":"publish","type":"product","link":"https:\/\/araratfinland.com\/en\/product\/lenis-krydda-450g\/","title":{"rendered":"Lenis Krydda 450g"},"content":{"rendered":"<h4><span style=\"font-size: 18px;color: #000000\"><strong>Yleismauste.<\/strong><\/span><\/h4>\n<h4><span style=\"color: #000000\"><span style=\"font-size: 18px\"><strong>Ainesosat:<\/strong> Suola enint\u00e4\u00e4n 60%, sokeri,<br \/>makua lis\u00e4\u00e4v\u00e4 aine (mononatriumglutamaatti),<br \/><\/span><span style=\"font-size: 18px\">kuivatut vihannekset 10% (porkkanat, palsternakat,<br \/>sipulit, persiljanlehdet,\u00f6ljy,\u00a0<\/span><span style=\"font-size: 18px\">sipulit,<strong> selleri<\/strong>)<br \/>maissijyv\u00e4viljat, mausteet, v\u00e4riaine riboflaviini.<\/span><\/span><\/h4>\n<h4><span style=\"font-size: 18px;color: #000000\"><strong>S\u00e4ilytys:<\/strong> S\u00e4ilyt\u00e4 kuivassa huoneenl\u00e4mm\u00f6ss\u00e4.<\/span><\/h4>\n<h3><span style=\"font-size: 18px;color: #000000\"><strong>Saattaa sis\u00e4lt\u00e4\u00e4: Gluteenia, maito ja soijaa.<\/strong><\/span><\/h3>\n","protected":false},"excerpt":{"rendered":"<p>Yleismauste. Ainesosat: Suola enint\u00e4\u00e4n 60%, sokeri,makua lis\u00e4\u00e4v\u00e4 aine (mononatriumglutamaatti),kuivatut vihannekset 10% (porkkanat, palsternakat,sipulit, persiljanlehdet,\u00f6ljy,\u00a0sipulit, selleri)maissijyv\u00e4viljat, mausteet, v\u00e4riaine riboflaviini. S\u00e4ilytys: S\u00e4ilyt\u00e4<\/p>\n","protected":false},"featured_media":99873,"template":"","meta":{"om_disable_all_campaigns":false,"_monsterinsights_skip_tracking":false,"_monsterinsights_sitenote_active":false,"_monsterinsights_sitenote_note":"","_monsterinsights_sitenote_category":0},"location":[1422],"product_brand":[1423],"product_cat":[1348],"product_tag":[],"class_list":{"0":"post-42522","1":"product","2":"type-product","3":"status-publish","4":"has-post-thumbnail","6":"location-v","7":"product_brand-ararat-ari-food","8":"product_cat-mausteet-fi","9":"stock_type-pcs-en","11":"first","12":"instock","13":"taxable","14":"shipping-taxable","15":"purchasable","16":"product-type-simple"},"aioseo_notices":[],"locations":[{"id":1422,"name":"v","slug":"v","quantity":"1280"}],"_links":{"self":[{"href":"https:\/\/araratfinland.com\/en\/wp-json\/wp\/v2\/product\/42522","targetHints":{"allow":["GET"]}}],"collection":[{"href":"https:\/\/araratfinland.com\/en\/wp-json\/wp\/v2\/product"}],"about":[{"href":"https:\/\/araratfinland.com\/en\/wp-json\/wp\/v2\/types\/product"}],"version-history":[{"count":2,"href":"https:\/\/araratfinland.com\/en\/wp-json\/wp\/v2\/product\/42522\/revisions"}],"predecessor-version":[{"id":75064,"href":"https:\/\/araratfinland.com\/en\/wp-json\/wp\/v2\/product\/42522\/revisions\/75064"}],"wp:featuredmedia":[{"embeddable":true,"href":"https:\/\/araratfinland.com\/en\/wp-json\/wp\/v2\/media\/99873"}],"wp:attachment":[{"href":"https:\/\/araratfinland.com\/en\/wp-json\/wp\/v2\/media?parent=42522"}],"wp:term":[{"taxonomy":"location","embeddable":true,"href":"https:\/\/araratfinland.com\/en\/wp-json\/wp\/v2\/location?post=42522"},{"taxonomy":"product_brand","embeddable":true,"href":"https:\/\/araratfinland.com\/en\/wp-json\/wp\/v2\/product_brand?post=42522"},{"taxonomy":"product_cat","embeddable":true,"href":"https:\/\/araratfinland.com\/en\/wp-json\/wp\/v2\/product_cat?post=42522"},{"taxonomy":"product_tag","embeddable":true,"href":"https:\/\/araratfinland.com\/en\/wp-json\/wp\/v2\/product_tag?post=42522"}],"curies":[{"name":"wp","href":"https:\/\/api.w.org\/{rel}","templated":true}]}}