{"id":42506,"date":"2024-06-02T02:15:06","date_gmt":"2024-06-01T23:15:06","guid":{"rendered":"https:\/\/araratfinland.com\/product\/natur-bal-hunajasiirappi-600g\/"},"modified":"2025-09-05T13:56:25","modified_gmt":"2025-09-05T10:56:25","slug":"natur-bal-hunajasiirappi-600g","status":"publish","type":"product","link":"https:\/\/araratfinland.com\/en\/product\/natur-bal-hunajasiirappi-600g\/","title":{"rendered":"Natur Bal Hunajasiirappi 600g"},"content":{"rendered":"<div><span style=\"font-size: 18px\"><strong>Ainesosat:<\/strong> Glukoosi-Fruktoosi siirappi (90%),<\/span><\/div>\n<div><span style=\"font-size: 18px\">hunaja (10%).<\/p>\n<p><\/span><\/div>\n<div><span style=\"font-size: 18px\"><strong>S\u00e4ilytys:<\/strong> Kuivassa ja viile\u00e4ss\u00e4 paikassa.<\/span><\/div>\n<div>\u00a0<\/div>\n<div><span style=\"text-decoration: underline\"><strong><span style=\"font-size: 18px\">EI alle 1-vuotiaille!<\/p>\n<p><\/span><\/strong><\/span> <\/p>\n<table style=\"width: 356.641px\">\n<tr>\n<td style=\"width: 343.641px\" colspan=\"2\"><span style=\"font-size: 18px\"><strong>Ravintosis\u00e4lt\u00f6 per 100g<\/strong><\/span><\/td>\n<\/tr>\n<tbody>\n<tr>\n<td style=\"width: 183px\"><span style=\"font-size: 18px\">Energia<\/span><\/td>\n<td style=\"width: 160.641px\"><span style=\"font-size: 18px\">1382kJ \/324 kcal<\/span><\/td>\n<\/tr>\n<tr>\n<td style=\"width: 183px\"><span style=\"font-size: 18px\">Rasva<\/span><\/td>\n<td style=\"width: 160.641px\"><span style=\"font-size: 18px\">0 g<\/span><\/td>\n<\/tr>\n<tr>\n<td style=\"width: 183px\"><span style=\"font-size: 18px\">josta tyydyttyneitt\u00e4<\/span><\/td>\n<td style=\"width: 160.641px\"><span style=\"font-size: 18px\">0 g<\/span><\/td>\n<\/tr>\n<tr>\n<td style=\"width: 183px\"><span style=\"font-size: 18px\">Hiilihydraatit<\/span><\/td>\n<td style=\"width: 160.641px\"><span style=\"font-size: 18px\">81 g<\/span><\/td>\n<\/tr>\n<tr>\n<td style=\"width: 183px\"><span style=\"font-size: 18px\">josta sokereita<\/span><\/td>\n<td style=\"width: 160.641px\"><span style=\"font-size: 18px\">81 g<\/span><\/td>\n<\/tr>\n<tr>\n<td style=\"width: 183px\"><span style=\"font-size: 18px\">Proteiini<\/span><\/td>\n<td style=\"width: 160.641px\"><span style=\"font-size: 18px\">0,4 g<\/span><\/td>\n<\/tr>\n<tr>\n<td style=\"width: 183px\"><span style=\"font-size: 18px\">Suola<\/span><\/td>\n<td style=\"width: 160.641px\"><span style=\"font-size: 18px\">0 g<\/span><\/td>\n<\/tr>\n<\/tbody>\n<\/table><\/div>\n","protected":false},"excerpt":{"rendered":"<p>Ainesosat: Glukoosi-Fruktoosi siirappi (90%), hunaja (10%). S\u00e4ilytys: Kuivassa ja viile\u00e4ss\u00e4 paikassa. \u00a0 EI alle 1-vuotiaille! Ravintosis\u00e4lt\u00f6 per 100g Energia 1382kJ<\/p>\n","protected":false},"featured_media":87779,"template":"","meta":{"om_disable_all_campaigns":false,"_monsterinsights_skip_tracking":false,"_monsterinsights_sitenote_active":false,"_monsterinsights_sitenote_note":"","_monsterinsights_sitenote_category":0},"location":[1422],"product_brand":[1423],"product_cat":[1332],"product_tag":[],"class_list":{"0":"post-42506","1":"product","2":"type-product","3":"status-publish","4":"has-post-thumbnail","6":"location-v","7":"product_brand-ararat-ari-food","8":"product_cat-hillot-siirapit-hunajat-fi","9":"stock_type-pcs-en","11":"first","12":"instock","13":"taxable","14":"shipping-taxable","15":"purchasable","16":"product-type-simple"},"aioseo_notices":[],"locations":[{"id":1422,"name":"v","slug":"v","quantity":"32"}],"_links":{"self":[{"href":"https:\/\/araratfinland.com\/en\/wp-json\/wp\/v2\/product\/42506","targetHints":{"allow":["GET"]}}],"collection":[{"href":"https:\/\/araratfinland.com\/en\/wp-json\/wp\/v2\/product"}],"about":[{"href":"https:\/\/araratfinland.com\/en\/wp-json\/wp\/v2\/types\/product"}],"version-history":[{"count":1,"href":"https:\/\/araratfinland.com\/en\/wp-json\/wp\/v2\/product\/42506\/revisions"}],"predecessor-version":[{"id":46593,"href":"https:\/\/araratfinland.com\/en\/wp-json\/wp\/v2\/product\/42506\/revisions\/46593"}],"wp:featuredmedia":[{"embeddable":true,"href":"https:\/\/araratfinland.com\/en\/wp-json\/wp\/v2\/media\/87779"}],"wp:attachment":[{"href":"https:\/\/araratfinland.com\/en\/wp-json\/wp\/v2\/media?parent=42506"}],"wp:term":[{"taxonomy":"location","embeddable":true,"href":"https:\/\/araratfinland.com\/en\/wp-json\/wp\/v2\/location?post=42506"},{"taxonomy":"product_brand","embeddable":true,"href":"https:\/\/araratfinland.com\/en\/wp-json\/wp\/v2\/product_brand?post=42506"},{"taxonomy":"product_cat","embeddable":true,"href":"https:\/\/araratfinland.com\/en\/wp-json\/wp\/v2\/product_cat?post=42506"},{"taxonomy":"product_tag","embeddable":true,"href":"https:\/\/araratfinland.com\/en\/wp-json\/wp\/v2\/product_tag?post=42506"}],"curies":[{"name":"wp","href":"https:\/\/api.w.org\/{rel}","templated":true}]}}