{"id":42502,"date":"2024-06-02T02:15:05","date_gmt":"2024-06-01T23:15:05","guid":{"rendered":"https:\/\/araratfinland.com\/product\/yesilova-krembeyaz-4-kg\/"},"modified":"2025-10-02T13:52:28","modified_gmt":"2025-10-02T10:52:28","slug":"yesilova-krembeyaz-4-kg","status":"publish","type":"product","link":"https:\/\/araratfinland.com\/en\/product\/yesilova-krembeyaz-4-kg\/","title":{"rendered":"Yesilova, Maito Ja Kasvi\u00f6ljy Tuote 4 kg"},"content":{"rendered":"<h4><span style=\"font-size: 18px;color: #000000\"><strong>Rasvattomasta maidosta ja kasvi\u00f6ljyst\u00e4 valmistettu<br \/>elintarvike suolavedess\u00e4.<\/strong><\/span><\/h4>\n<h4><span style=\"color: #000000\"><span style=\"font-size: 18px\"><strong>Ainesosat:<\/strong> <strong>Past\u00f6roiturasvaton maito<\/strong>, sertofioitu,<br \/>kest\u00e4v\u00e4sti tuotettu palmu\u00f6ljy (19%),\u00a0<\/span><span style=\"font-size: 18px\">suola,<br \/>mikrobipohjainen juoksute, hapateviljelm\u00e4.<\/span><\/span><\/h4>\n<h4><span style=\"font-size: 18px;color: #000000\"><strong>S\u00e4ilytys:<\/strong> S\u00e4ilyt\u00e4 j\u00e4\u00e4kaapissa: 2-5\u00b0C.<br \/>Avattuna 5 p\u00e4iv\u00e4\u00e4 j\u00e4\u00e4kaapissa.<\/span><\/h4>\n<h4><span style=\"font-size: 18px;color: #000000\">Valmistettu Tanskassa maidosta,<br \/>joka on per\u00e4isin EU:sta.<\/span><\/h4>\n<table style=\"width: 418.578px\">\n<tbody>\n<tr>\n<td style=\"width: 426.578px\" colspan=\"2\"><span style=\"font-size: 18px;color: #000000\"><strong>Ravintosis\u00e4lt\u00f6 per 100g<\/strong><\/span><\/td>\n<\/tr>\n<\/tbody>\n<tbody>\n<tr>\n<td style=\"width: 246px\"><span style=\"font-size: 18px;color: #000000\">Energia<\/span><\/td>\n<td style=\"width: 180.578px\"><span style=\"font-size: 18px;color: #000000\">960 kJ \/ 230 kcal<\/span><\/td>\n<\/tr>\n<tr>\n<td style=\"width: 246px\"><span style=\"font-size: 18px;color: #000000\">Rasva<\/span><\/td>\n<td style=\"width: 180.578px\"><span style=\"font-size: 18px;color: #000000\">19 g<\/span><\/td>\n<\/tr>\n<tr>\n<td style=\"width: 246px\"><span style=\"font-size: 18px;color: #000000\">josta tyydyttynytt\u00e4<\/span><\/td>\n<td style=\"width: 180.578px\"><span style=\"font-size: 18px;color: #000000\">9,1 g<\/span><\/td>\n<\/tr>\n<tr>\n<td style=\"width: 246px\"><span style=\"font-size: 18px;color: #000000\">Hiilihydraatit<\/span><\/td>\n<td style=\"width: 180.578px\"><span style=\"font-size: 18px;color: #000000\">3,0 g<\/span><\/td>\n<\/tr>\n<tr>\n<td style=\"width: 246px\"><span style=\"font-size: 18px;color: #000000\">josta sokereita<\/span><\/td>\n<td style=\"width: 180.578px\"><span style=\"font-size: 18px;color: #000000\">2,0 g<\/span><\/td>\n<\/tr>\n<tr>\n<td style=\"width: 246px\"><span style=\"font-size: 18px;color: #000000\">Proteiini<\/span><\/td>\n<td style=\"width: 180.578px\"><span style=\"font-size: 18px;color: #000000\">11 g<\/span><\/td>\n<\/tr>\n<tr>\n<td style=\"width: 246px\"><span style=\"font-size: 18px;color: #000000\">Suola<\/span><\/td>\n<td style=\"width: 180.578px\"><span style=\"font-size: 18px;color: #000000\">3,8 g<\/span><\/td>\n<\/tr>\n<\/tbody>\n<\/table>\n","protected":false},"excerpt":{"rendered":"<p>Rasvattomasta maidosta ja kasvi\u00f6ljyst\u00e4 valmistettuelintarvike suolavedess\u00e4. Ainesosat: Past\u00f6roiturasvaton maito, sertofioitu,kest\u00e4v\u00e4sti tuotettu palmu\u00f6ljy (19%),\u00a0suola,mikrobipohjainen juoksute, hapateviljelm\u00e4. S\u00e4ilytys: S\u00e4ilyt\u00e4 j\u00e4\u00e4kaapissa: 2-5\u00b0C.Avattuna 5<\/p>\n","protected":false},"featured_media":94253,"template":"","meta":{"om_disable_all_campaigns":false,"_monsterinsights_skip_tracking":false,"_monsterinsights_sitenote_active":false,"_monsterinsights_sitenote_note":"","_monsterinsights_sitenote_category":0},"location":[1422],"product_brand":[1423],"product_cat":[1354],"product_tag":[],"class_list":{"0":"post-42502","1":"product","2":"type-product","3":"status-publish","4":"has-post-thumbnail","6":"location-v","7":"product_brand-ararat-ari-food","8":"product_cat-juustot-fi","9":"stock_type-tlk-en","11":"first","12":"instock","13":"taxable","14":"shipping-taxable","15":"purchasable","16":"product-type-simple"},"aioseo_notices":[],"locations":[{"id":1422,"name":"v","slug":"v","quantity":"151"}],"_links":{"self":[{"href":"https:\/\/araratfinland.com\/en\/wp-json\/wp\/v2\/product\/42502","targetHints":{"allow":["GET"]}}],"collection":[{"href":"https:\/\/araratfinland.com\/en\/wp-json\/wp\/v2\/product"}],"about":[{"href":"https:\/\/araratfinland.com\/en\/wp-json\/wp\/v2\/types\/product"}],"version-history":[{"count":3,"href":"https:\/\/araratfinland.com\/en\/wp-json\/wp\/v2\/product\/42502\/revisions"}],"predecessor-version":[{"id":62696,"href":"https:\/\/araratfinland.com\/en\/wp-json\/wp\/v2\/product\/42502\/revisions\/62696"}],"wp:featuredmedia":[{"embeddable":true,"href":"https:\/\/araratfinland.com\/en\/wp-json\/wp\/v2\/media\/94253"}],"wp:attachment":[{"href":"https:\/\/araratfinland.com\/en\/wp-json\/wp\/v2\/media?parent=42502"}],"wp:term":[{"taxonomy":"location","embeddable":true,"href":"https:\/\/araratfinland.com\/en\/wp-json\/wp\/v2\/location?post=42502"},{"taxonomy":"product_brand","embeddable":true,"href":"https:\/\/araratfinland.com\/en\/wp-json\/wp\/v2\/product_brand?post=42502"},{"taxonomy":"product_cat","embeddable":true,"href":"https:\/\/araratfinland.com\/en\/wp-json\/wp\/v2\/product_cat?post=42502"},{"taxonomy":"product_tag","embeddable":true,"href":"https:\/\/araratfinland.com\/en\/wp-json\/wp\/v2\/product_tag?post=42502"}],"curies":[{"name":"wp","href":"https:\/\/api.w.org\/{rel}","templated":true}]}}