{"id":42490,"date":"2024-06-02T02:15:03","date_gmt":"2024-06-01T23:15:03","guid":{"rendered":"https:\/\/araratfinland.com\/product\/sutdiyari-az-yagli-feta-juusto-800g\/"},"modified":"2025-10-16T11:24:11","modified_gmt":"2025-10-16T08:24:11","slug":"sutdiyari-az-yagli-feta-juusto-800g","status":"publish","type":"product","link":"https:\/\/araratfinland.com\/en\/product\/sutdiyari-az-yagli-feta-juusto-800g\/","title":{"rendered":"Sutdiyari Juusto Az Yagli 45% 800gr"},"content":{"rendered":"<h4><span style=\"font-size: 18px\"><strong>Pehme\u00e4 juusto suolavedess\u00e4 45% FDM.<\/strong><\/span><\/h4>\n<h4><span style=\"font-size: 18px\"><strong>Ainesosat:<\/strong> Past\u00f6roitu <strong>maito<\/strong>, suola,<\/span><\/h4>\n<h4><span style=\"font-size: 18px\">mikrobipohjainen juoksute, hapateviljelm\u00e4.<\/span><\/h4>\n<h4><span style=\"font-size: 18px\"><strong>S\u00e4ilytys:<\/strong> S\u00e4ilyt\u00e4 j\u00e4\u00e4kaapissa: 2-5\u00b0C. Avattuna 5 p\u00e4iv\u00e4\u00e4 j\u00e4\u00e4kaapissa.<\/span><\/h4>\n<h4><span style=\"font-size: 18px\">Valmistettu Tanskassa maidosta, joka on per\u00e4isin EU:sta.<\/span><\/h4>\n<table width=\"248\">\n<tbody>\n<tr>\n<td colspan=\"2\"><span style=\"font-size: 18px\"><strong>Ravintosis\u00e4lt\u00f6 per 100g<\/strong><\/span><\/td>\n<\/tr>\n<\/tbody>\n<tbody>\n<tr>\n<td><span style=\"font-size: 18px\">Energia<\/span><\/td>\n<td><span style=\"font-size: 18px\">924 kJ \/223 kcal<\/span><\/td>\n<\/tr>\n<tr>\n<td><span style=\"font-size: 18px\">Rasva<\/span><\/td>\n<td><span style=\"font-size: 18px\">18 g<\/span><\/td>\n<\/tr>\n<tr>\n<td><span style=\"font-size: 18px\">josta tyydyttynytt\u00e4<\/span><\/td>\n<td><span style=\"font-size: 18px\">12 g<\/span><\/td>\n<\/tr>\n<tr>\n<td><span style=\"font-size: 18px\">Hiilihydraatit<\/span><\/td>\n<td><span style=\"font-size: 18px\">1,2 g<\/span><\/td>\n<\/tr>\n<tr>\n<td><span style=\"font-size: 18px\">josta sokereita<\/span><\/td>\n<td><span style=\"font-size: 18px\">1,2 g<\/span><\/td>\n<\/tr>\n<tr>\n<td><span style=\"font-size: 18px\">Proteiini<\/span><\/td>\n<td><span style=\"font-size: 18px\">14 g<\/span><\/td>\n<\/tr>\n<tr>\n<td><span style=\"font-size: 18px\">Suola<\/span><\/td>\n<td><span style=\"font-size: 18px\">3,0 g<\/span><\/td>\n<\/tr>\n<\/tbody>\n<\/table>\n","protected":false},"excerpt":{"rendered":"<p>Pehme\u00e4 juusto suolavedess\u00e4 45% FDM. Ainesosat: Past\u00f6roitu maito, suola, mikrobipohjainen juoksute, hapateviljelm\u00e4. S\u00e4ilytys: S\u00e4ilyt\u00e4 j\u00e4\u00e4kaapissa: 2-5\u00b0C. Avattuna 5 p\u00e4iv\u00e4\u00e4 j\u00e4\u00e4kaapissa.<\/p>\n","protected":false},"featured_media":96873,"template":"","meta":{"om_disable_all_campaigns":false,"_monsterinsights_skip_tracking":false,"_monsterinsights_sitenote_active":false,"_monsterinsights_sitenote_note":"","_monsterinsights_sitenote_category":0},"location":[1422],"product_brand":[1423],"product_cat":[1354],"product_tag":[],"class_list":{"0":"post-42490","1":"product","2":"type-product","3":"status-publish","4":"has-post-thumbnail","6":"location-v","7":"product_brand-ararat-ari-food","8":"product_cat-juustot-fi","9":"stock_type-prk-en","11":"first","12":"instock","13":"taxable","14":"shipping-taxable","15":"purchasable","16":"product-type-simple"},"aioseo_notices":[],"locations":[{"id":1422,"name":"v","slug":"v","quantity":"0"}],"_links":{"self":[{"href":"https:\/\/araratfinland.com\/en\/wp-json\/wp\/v2\/product\/42490","targetHints":{"allow":["GET"]}}],"collection":[{"href":"https:\/\/araratfinland.com\/en\/wp-json\/wp\/v2\/product"}],"about":[{"href":"https:\/\/araratfinland.com\/en\/wp-json\/wp\/v2\/types\/product"}],"version-history":[{"count":3,"href":"https:\/\/araratfinland.com\/en\/wp-json\/wp\/v2\/product\/42490\/revisions"}],"predecessor-version":[{"id":73996,"href":"https:\/\/araratfinland.com\/en\/wp-json\/wp\/v2\/product\/42490\/revisions\/73996"}],"wp:featuredmedia":[{"embeddable":true,"href":"https:\/\/araratfinland.com\/en\/wp-json\/wp\/v2\/media\/96873"}],"wp:attachment":[{"href":"https:\/\/araratfinland.com\/en\/wp-json\/wp\/v2\/media?parent=42490"}],"wp:term":[{"taxonomy":"location","embeddable":true,"href":"https:\/\/araratfinland.com\/en\/wp-json\/wp\/v2\/location?post=42490"},{"taxonomy":"product_brand","embeddable":true,"href":"https:\/\/araratfinland.com\/en\/wp-json\/wp\/v2\/product_brand?post=42490"},{"taxonomy":"product_cat","embeddable":true,"href":"https:\/\/araratfinland.com\/en\/wp-json\/wp\/v2\/product_cat?post=42490"},{"taxonomy":"product_tag","embeddable":true,"href":"https:\/\/araratfinland.com\/en\/wp-json\/wp\/v2\/product_tag?post=42490"}],"curies":[{"name":"wp","href":"https:\/\/api.w.org\/{rel}","templated":true}]}}