{"id":42468,"date":"2024-06-02T02:14:58","date_gmt":"2024-06-01T23:14:58","guid":{"rendered":"https:\/\/araratfinland.com\/product\/sebahat-halva-vanilja-3-kg\/"},"modified":"2025-09-05T14:27:17","modified_gmt":"2025-09-05T11:27:17","slug":"sebahat-halva-vanilja-3-kg","status":"publish","type":"product","link":"https:\/\/araratfinland.com\/en\/product\/sebahat-halva-vanilja-3-kg\/","title":{"rendered":"Sebahat Halva Vanilja 3 Kg"},"content":{"rendered":"<h4><span style=\"font-size: 18px;color: #000000\"><strong>Halva vaniljanmakuinen.<\/strong><\/span><\/h4>\n<h4><span style=\"color: #000000\"><span style=\"font-size: 18px\"><strong>Ainesosat: Seesamipasta 55%,<\/strong> sokeri,<br \/>happamuudens\u00e4\u00e4t\u00f6aine: sitruunahappo,<br \/><\/span><span style=\"font-size: 18px\">emulgointiaine: mono- ja diglyseridit,<br \/>rasvahapot (palmu\u00f6ljy), aromi (vanilja).<\/p>\n<p><strong>Sis\u00e4lt\u00e4\u00e4 p\u00e4hkin\u00f6it\u00e4!<\/strong><\/span><\/span><\/h4>\n<h4><span style=\"font-size: 18px;color: #000000\"><strong>S\u00e4ilytys: <\/strong>Kuivassa ja viile\u00e4ss\u00e4 paikassa.<\/span><\/h4>\n<table style=\"width: 382.562px\">\n<tbody>\n<tr style=\"height: 22px\">\n<td style=\"width: 363.562px;height: 22px\" colspan=\"2\"><span style=\"font-size: 18px;color: #000000\"><strong>Ravintosis\u00e4lt\u00f6 per 100g<\/strong><\/span><\/td>\n<\/tr>\n<\/tbody>\n<tbody>\n<tr style=\"height: 22px\">\n<td style=\"width: 198px;height: 22px\"><span style=\"font-size: 18px;color: #000000\">Energia<\/span><\/td>\n<td style=\"width: 165.562px;height: 22px\"><span style=\"font-size: 18px;color: #000000\">2243 kJ \/538 kcal<\/span><\/td>\n<\/tr>\n<tr style=\"height: 22px\">\n<td style=\"width: 198px;height: 22px\"><span style=\"font-size: 18px;color: #000000\">Rasva<\/span><\/td>\n<td style=\"width: 165.562px;height: 22px\"><span style=\"font-size: 18px;color: #000000\">34 g<\/span><\/td>\n<\/tr>\n<tr style=\"height: 22px\">\n<td style=\"width: 198px;height: 22px\"><span style=\"font-size: 18px;color: #000000\">josta tyydyttyneitt\u00e4<\/span><\/td>\n<td style=\"width: 165.562px;height: 22px\"><span style=\"font-size: 18px;color: #000000\">6,1 g<\/span><\/td>\n<\/tr>\n<tr style=\"height: 22px\">\n<td style=\"width: 198px;height: 22px\"><span style=\"font-size: 18px;color: #000000\">Hiilihydraatit<\/span><\/td>\n<td style=\"width: 165.562px;height: 22px\"><span style=\"font-size: 18px;color: #000000\">43\u00a0g<\/span><\/td>\n<\/tr>\n<tr style=\"height: 22px\">\n<td style=\"width: 198px;height: 22px\"><span style=\"font-size: 18px;color: #000000\">josta sokereita<\/span><\/td>\n<td style=\"width: 165.562px;height: 22px\"><span style=\"font-size: 18px;color: #000000\">36 g<\/span><\/td>\n<\/tr>\n<tr style=\"height: 46.8125px\">\n<td style=\"width: 198px;height: 46.8125px\">\n<p><span style=\"font-size: 18px;color: #000000\">Fiber<\/span><\/p>\n<p><span style=\"font-size: 18px;color: #000000\">Proteiini<\/span><\/p>\n<\/td>\n<td style=\"width: 165.562px;height: 46.8125px\">\n<p><span style=\"font-size: 18px;color: #000000\">6,3 g<\/span><\/p>\n<p><span style=\"font-size: 18px;color: #000000\">12 g<\/span><\/p>\n<\/td>\n<\/tr>\n<tr style=\"height: 22px\">\n<td style=\"width: 198px;height: 22px\"><span style=\"font-size: 18px;color: #000000\">Suola<\/span><\/td>\n<td style=\"width: 165.562px;height: 22px\"><span style=\"font-size: 18px;color: #000000\">0,34 g<\/span><\/td>\n<\/tr>\n<\/tbody>\n<\/table>\n","protected":false},"excerpt":{"rendered":"<p>Halva vaniljanmakuinen. Ainesosat: Seesamipasta 55%, sokeri,happamuudens\u00e4\u00e4t\u00f6aine: sitruunahappo,emulgointiaine: mono- ja diglyseridit,rasvahapot (palmu\u00f6ljy), aromi (vanilja). Sis\u00e4lt\u00e4\u00e4 p\u00e4hkin\u00f6it\u00e4! S\u00e4ilytys: Kuivassa ja viile\u00e4ss\u00e4 paikassa.<\/p>\n","protected":false},"featured_media":87874,"template":"","meta":{"om_disable_all_campaigns":false,"_monsterinsights_skip_tracking":false,"_monsterinsights_sitenote_active":false,"_monsterinsights_sitenote_note":"","_monsterinsights_sitenote_category":0},"location":[1422],"product_brand":[1423],"product_cat":[1324],"product_tag":[],"class_list":{"0":"post-42468","1":"product","2":"type-product","3":"status-publish","4":"has-post-thumbnail","6":"location-v","7":"product_brand-ararat-ari-food","8":"product_cat-makeiset-fi","9":"stock_type-pcs-en","11":"first","12":"instock","13":"taxable","14":"shipping-taxable","15":"purchasable","16":"product-type-simple"},"aioseo_notices":[],"locations":[{"id":1422,"name":"v","slug":"v","quantity":"20"}],"_links":{"self":[{"href":"https:\/\/araratfinland.com\/en\/wp-json\/wp\/v2\/product\/42468","targetHints":{"allow":["GET"]}}],"collection":[{"href":"https:\/\/araratfinland.com\/en\/wp-json\/wp\/v2\/product"}],"about":[{"href":"https:\/\/araratfinland.com\/en\/wp-json\/wp\/v2\/types\/product"}],"version-history":[{"count":1,"href":"https:\/\/araratfinland.com\/en\/wp-json\/wp\/v2\/product\/42468\/revisions"}],"predecessor-version":[{"id":46455,"href":"https:\/\/araratfinland.com\/en\/wp-json\/wp\/v2\/product\/42468\/revisions\/46455"}],"wp:featuredmedia":[{"embeddable":true,"href":"https:\/\/araratfinland.com\/en\/wp-json\/wp\/v2\/media\/87874"}],"wp:attachment":[{"href":"https:\/\/araratfinland.com\/en\/wp-json\/wp\/v2\/media?parent=42468"}],"wp:term":[{"taxonomy":"location","embeddable":true,"href":"https:\/\/araratfinland.com\/en\/wp-json\/wp\/v2\/location?post=42468"},{"taxonomy":"product_brand","embeddable":true,"href":"https:\/\/araratfinland.com\/en\/wp-json\/wp\/v2\/product_brand?post=42468"},{"taxonomy":"product_cat","embeddable":true,"href":"https:\/\/araratfinland.com\/en\/wp-json\/wp\/v2\/product_cat?post=42468"},{"taxonomy":"product_tag","embeddable":true,"href":"https:\/\/araratfinland.com\/en\/wp-json\/wp\/v2\/product_tag?post=42468"}],"curies":[{"name":"wp","href":"https:\/\/api.w.org\/{rel}","templated":true}]}}