{"id":42457,"date":"2024-06-02T02:14:56","date_gmt":"2024-06-01T23:14:56","guid":{"rendered":"https:\/\/araratfinland.com\/product\/agadeer-broilerin-makkara-tulinen-32x340-g-2\/"},"modified":"2025-11-17T15:55:18","modified_gmt":"2025-11-17T13:55:18","slug":"agadeer-broilerin-makkara-tulinen-32x340-g-2","status":"publish","type":"product","link":"https:\/\/araratfinland.com\/en\/product\/agadeer-broilerin-makkara-tulinen-32x340-g-2\/","title":{"rendered":"Agadeer broilerin makkara tulinen 32&#215;340 g"},"content":{"rendered":"<h4><span style=\"font-size: 18px;color: #000000\"><strong>Broilerin makkara tulinen.<\/strong><\/span><\/h4>\n<h4><span style=\"color: #000000\"><span style=\"font-size: 18px\"><strong>Ainesosat: <\/strong>Kananliha 72%, vesi 17%, perunat\u00e4rkkelys 5%,<br \/>kasviproteiini,\u00a0<\/span><span style=\"font-size: 18px\">glukoosiirappi, antioksidantit, suola,<br \/>s\u00e4il\u00f6nt\u00e4aine (E250), mausteet (pippuri,\u00a0<\/span><span style=\"font-size: 18px\">chili, paprikat,<br \/>valkosipuli), kasvikuitu, emulgointiaine (E451i), savuaromi.<\/span><\/span><\/h4>\n<h4><span style=\"color: #000000\"><span style=\"font-size: 18px\"><strong>S\u00e4ilytys: <\/strong>S\u00e4ilyt\u00e4 pakastimessa. J\u00e4\u00e4kaapissa: Alle 5\u2103:n<br \/>l\u00e4mp\u00f6tilassa n. 24 tuntia.<\/p>\n<p><\/span><span style=\"font-size: 18px\"><strong>Ei saa pakastaa uudelleen sulattamisen j\u00e4\u00e4lkeen.<\/strong><\/span><\/span><\/h4>\n<table style=\"height: 361px;width: 393.203px\">\n<tbody>\n<tr style=\"height: 17px\">\n<td style=\"width: 371.203px;height: 17px\" colspan=\"2\"><span style=\"font-size: 18px;color: #000000\"><strong>Ravintosis\u00e4lt\u00f6 per 100g<\/strong><\/span><\/td>\n<\/tr>\n<\/tbody>\n<tbody>\n<tr style=\"height: 10px\">\n<td style=\"width: 199px;height: 10px\"><span style=\"font-size: 18px;color: #000000\">Energiaa<\/span><\/td>\n<td style=\"width: 172.203px;height: 10px\"><span style=\"font-size: 18px;color: #000000\">810 kj \/ 194 kcal<\/span><\/td>\n<\/tr>\n<tr style=\"height: 1px\">\n<td style=\"width: 199px;height: 1px\"><span style=\"font-size: 18px;color: #000000\">Rasva<\/span><\/td>\n<td style=\"width: 172.203px;height: 1px\"><span style=\"font-size: 18px;color: #000000\">13 g<\/span><\/td>\n<\/tr>\n<tr style=\"height: 11px\">\n<td style=\"width: 199px;height: 11px\"><span style=\"font-size: 18px;color: #000000\">josta tyydyttynytt\u00e4<\/span><\/td>\n<td style=\"width: 172.203px;height: 11px\"><span style=\"font-size: 18px;color: #000000\">3,3 g<\/span><\/td>\n<\/tr>\n<tr style=\"height: 1px\">\n<td style=\"width: 199px;height: 1px\"><span style=\"font-size: 18px;color: #000000\">Hiilihydraatit<\/span><\/td>\n<td style=\"width: 172.203px;height: 1px\"><span style=\"font-size: 18px;color: #000000\">7,6 g<\/span><\/td>\n<\/tr>\n<tr style=\"height: 6px\">\n<td style=\"width: 199px;height: 6px\"><span style=\"font-size: 18px;color: #000000\">josta sokereita<\/span><\/td>\n<td style=\"width: 172.203px;height: 6px\"><span style=\"font-size: 18px;color: #000000\">0 g<\/span><\/td>\n<\/tr>\n<tr style=\"height: 11px\">\n<td style=\"width: 199px;height: 11px\"><span style=\"font-size: 18px;color: #000000\">Proteiini<\/span><\/td>\n<td style=\"width: 172.203px;height: 11px\"><span style=\"font-size: 18px;color: #000000\">11 g<\/span><\/td>\n<\/tr>\n<tr style=\"height: 2px\">\n<td style=\"width: 199px;height: 2px\"><span style=\"font-size: 18px;color: #000000\">Suola<\/span><\/td>\n<td style=\"width: 172.203px;height: 2px\"><span style=\"font-size: 18px;color: #000000\">2,5 g<\/span><\/td>\n<\/tr>\n<\/tbody>\n<\/table>\n","protected":false},"excerpt":{"rendered":"<p>Broilerin makkara tulinen. Ainesosat: Kananliha 72%, vesi 17%, perunat\u00e4rkkelys 5%,kasviproteiini,\u00a0glukoosiirappi, antioksidantit, suola,s\u00e4il\u00f6nt\u00e4aine (E250), mausteet (pippuri,\u00a0chili, paprikat,valkosipuli), kasvikuitu, emulgointiaine (E451i), savuaromi.<\/p>\n","protected":false},"featured_media":100791,"template":"","meta":{"om_disable_all_campaigns":false,"_monsterinsights_skip_tracking":false,"_monsterinsights_sitenote_active":false,"_monsterinsights_sitenote_note":"","_monsterinsights_sitenote_category":0},"location":[1422],"product_brand":[1423],"product_cat":[1464],"product_tag":[],"class_list":{"0":"post-42457","1":"product","2":"type-product","3":"status-publish","4":"has-post-thumbnail","6":"location-v","7":"product_brand-ararat-ari-food","8":"product_cat-pakasteet-en-2","9":"stock_type-ltk-en","11":"first","12":"instock","13":"taxable","14":"shipping-taxable","15":"purchasable","16":"product-type-simple"},"aioseo_notices":[],"locations":[{"id":1422,"name":"v","slug":"v","quantity":"206"}],"_links":{"self":[{"href":"https:\/\/araratfinland.com\/en\/wp-json\/wp\/v2\/product\/42457","targetHints":{"allow":["GET"]}}],"collection":[{"href":"https:\/\/araratfinland.com\/en\/wp-json\/wp\/v2\/product"}],"about":[{"href":"https:\/\/araratfinland.com\/en\/wp-json\/wp\/v2\/types\/product"}],"version-history":[{"count":1,"href":"https:\/\/araratfinland.com\/en\/wp-json\/wp\/v2\/product\/42457\/revisions"}],"predecessor-version":[{"id":49132,"href":"https:\/\/araratfinland.com\/en\/wp-json\/wp\/v2\/product\/42457\/revisions\/49132"}],"wp:featuredmedia":[{"embeddable":true,"href":"https:\/\/araratfinland.com\/en\/wp-json\/wp\/v2\/media\/100791"}],"wp:attachment":[{"href":"https:\/\/araratfinland.com\/en\/wp-json\/wp\/v2\/media?parent=42457"}],"wp:term":[{"taxonomy":"location","embeddable":true,"href":"https:\/\/araratfinland.com\/en\/wp-json\/wp\/v2\/location?post=42457"},{"taxonomy":"product_brand","embeddable":true,"href":"https:\/\/araratfinland.com\/en\/wp-json\/wp\/v2\/product_brand?post=42457"},{"taxonomy":"product_cat","embeddable":true,"href":"https:\/\/araratfinland.com\/en\/wp-json\/wp\/v2\/product_cat?post=42457"},{"taxonomy":"product_tag","embeddable":true,"href":"https:\/\/araratfinland.com\/en\/wp-json\/wp\/v2\/product_tag?post=42457"}],"curies":[{"name":"wp","href":"https:\/\/api.w.org\/{rel}","templated":true}]}}