{"id":42444,"date":"2024-06-02T02:14:53","date_gmt":"2024-06-01T23:14:53","guid":{"rendered":"https:\/\/araratfinland.com\/product\/balconi-mix-max-cocoa-350g\/"},"modified":"2025-09-25T15:00:24","modified_gmt":"2025-09-25T12:00:24","slug":"balconi-mix-max-cocoa-350g","status":"publish","type":"product","link":"https:\/\/araratfinland.com\/en\/product\/balconi-mix-max-cocoa-350g\/","title":{"rendered":"Balconi Mix Max Cocoa 350g"},"content":{"rendered":"<p><span style=\"color: #000000\"><strong><span style=\"font-size: 18px\">Ainesosat:\u00a0<\/span><\/strong><span style=\"font-size: 18px\">Sokeri, <strong>vehn\u00e4<\/strong>jauho (20%), <strong>kana muna<\/strong> (16%),<br \/>glukoosi-fruktoosisiirappi, kasvirasvat (<strong>palmu<\/strong>),<br \/>rasvaton <strong>maito<\/strong> (7,5%), v\u00e4h\u00e4rasvainen kaakaojauhe<br \/>(2,8%), kasvi\u00f6ljyt (auringonkukka, oliivi) \u00f6ljy<br \/>vaihtelevissa suhteissa), rasvaton <strong>maito<\/strong>jauhe (1%),<br \/><strong>maito<\/strong>proteiinit,<strong> hasselp\u00e4hkin\u00e4<\/strong>pasta, suola, <strong>vehn\u00e4<\/strong>kuitu,<br \/>emulgointiaineet: rasvahappojen mono- ja diglyseridit,<br \/><strong>soija<\/strong>lesitiinit; kohotusaineet: ammoniumkarbonaatit,<br \/>natriumkarbonaatit, difosfaatit; aromit.<\/span><\/span><\/p>\n<p><span style=\"color: #000000\"><strong style=\"font-size: 18px\">Saattaa sis\u00e4lt\u00e4\u00e4 p\u00e4hkin\u00f6it\u00e4.<br \/><\/strong><\/span><br \/><span style=\"color: #000000\"><strong><span style=\"font-size: 18px\">S\u00e4ilytys: <\/span><\/strong><span style=\"font-size: 18px\"><span style=\"font-size: 18px\">Kuivassa ja viile\u00e4ss\u00e4 paikassa.<\/p>\n<p><\/span><\/span><\/span> <\/p>\n<table style=\"font-size: 12px;width: 390px\">\n<tbody>\n<tr style=\"height: 22px\">\n<td style=\"width: 370px;height: 22px\" colspan=\"2\"><span style=\"font-size: 18px;color: #000000\"><strong>Ravintosis\u00e4lt\u00f6 per 100g<\/strong><\/span><\/td>\n<\/tr>\n<\/tbody>\n<tbody>\n<tr style=\"height: 22px\">\n<td style=\"width: 197.062px;height: 22px\"><span style=\"font-size: 18px;color: #000000\">Energia<\/span><\/td>\n<td style=\"width: 172.938px;height: 22px\"><span style=\"font-size: 18px;color: #000000\">1540 kJ \/ 368 kcal<\/span><\/td>\n<\/tr>\n<tr style=\"height: 22px\">\n<td style=\"width: 197.062px;height: 22px\"><span style=\"font-size: 18px;color: #000000\">Rasva<\/span><\/td>\n<td style=\"width: 172.938px;height: 22px\"><span style=\"font-size: 18px;color: #000000\">13 g<\/span><\/td>\n<\/tr>\n<tr style=\"height: 30px\">\n<td style=\"width: 197.062px;height: 30px\"><span style=\"font-size: 18px;color: #000000\">josta tyydyttyneitt\u00e4<\/span><\/td>\n<td style=\"width: 172.938px;height: 30px\"><span style=\"font-size: 18px;color: #000000\">5,6 g<\/span><\/td>\n<\/tr>\n<tr style=\"height: 22px\">\n<td style=\"width: 197.062px;height: 22px\"><span style=\"font-size: 18px;color: #000000\">Hiilihydraatit<\/span><\/td>\n<td style=\"width: 172.938px;height: 22px\"><span style=\"font-size: 18px;color: #000000\">56 g<\/span><\/td>\n<\/tr>\n<tr style=\"height: 10px\">\n<td style=\"width: 197.062px;height: 10px\"><span style=\"font-size: 18px;color: #000000\">josta sokereita<\/span><\/td>\n<td style=\"width: 172.938px;height: 10px\"><span style=\"font-size: 18px;color: #000000\">34 g<\/span><\/td>\n<\/tr>\n<tr style=\"height: 22px\">\n<td style=\"width: 197.062px;height: 22px\"><span style=\"font-size: 18px;color: #000000\">Proteiini<\/span><\/td>\n<td style=\"width: 172.938px;height: 22px\"><span style=\"font-size: 18px;color: #000000\">5,7 g<\/span><\/td>\n<\/tr>\n<tr style=\"height: 22px\">\n<td style=\"width: 197.062px;height: 22px\"><span style=\"font-size: 18px;color: #000000\">Suola<\/span><\/td>\n<td style=\"width: 172.938px;height: 22px\"><span style=\"font-size: 18px;color: #000000\">0,41 g<\/span><\/td>\n<\/tr>\n<\/tbody>\n<\/table>\n","protected":false},"excerpt":{"rendered":"<p>Ainesosat:\u00a0Sokeri, vehn\u00e4jauho (20%), kana muna (16%),glukoosi-fruktoosisiirappi, kasvirasvat (palmu),rasvaton maito (7,5%), v\u00e4h\u00e4rasvainen kaakaojauhe(2,8%), kasvi\u00f6ljyt (auringonkukka, oliivi) \u00f6ljyvaihtelevissa suhteissa), rasvaton maitojauhe (1%),maitoproteiinit,<\/p>\n","protected":false},"featured_media":93379,"template":"","meta":{"om_disable_all_campaigns":false,"_monsterinsights_skip_tracking":false,"_monsterinsights_sitenote_active":false,"_monsterinsights_sitenote_note":"","_monsterinsights_sitenote_category":0},"location":[1422],"product_brand":[1423],"product_cat":[1326],"product_tag":[],"class_list":{"0":"post-42444","1":"product","2":"type-product","3":"status-publish","4":"has-post-thumbnail","6":"location-v","7":"product_brand-ararat-ari-food","8":"product_cat-keksit-leivokset-fi","9":"stock_type-pcs-en","11":"first","12":"instock","13":"taxable","14":"shipping-taxable","15":"purchasable","16":"product-type-simple"},"aioseo_notices":[],"locations":[{"id":1422,"name":"v","slug":"v","quantity":"105"}],"_links":{"self":[{"href":"https:\/\/araratfinland.com\/en\/wp-json\/wp\/v2\/product\/42444","targetHints":{"allow":["GET"]}}],"collection":[{"href":"https:\/\/araratfinland.com\/en\/wp-json\/wp\/v2\/product"}],"about":[{"href":"https:\/\/araratfinland.com\/en\/wp-json\/wp\/v2\/types\/product"}],"version-history":[{"count":1,"href":"https:\/\/araratfinland.com\/en\/wp-json\/wp\/v2\/product\/42444\/revisions"}],"predecessor-version":[{"id":48339,"href":"https:\/\/araratfinland.com\/en\/wp-json\/wp\/v2\/product\/42444\/revisions\/48339"}],"wp:featuredmedia":[{"embeddable":true,"href":"https:\/\/araratfinland.com\/en\/wp-json\/wp\/v2\/media\/93379"}],"wp:attachment":[{"href":"https:\/\/araratfinland.com\/en\/wp-json\/wp\/v2\/media?parent=42444"}],"wp:term":[{"taxonomy":"location","embeddable":true,"href":"https:\/\/araratfinland.com\/en\/wp-json\/wp\/v2\/location?post=42444"},{"taxonomy":"product_brand","embeddable":true,"href":"https:\/\/araratfinland.com\/en\/wp-json\/wp\/v2\/product_brand?post=42444"},{"taxonomy":"product_cat","embeddable":true,"href":"https:\/\/araratfinland.com\/en\/wp-json\/wp\/v2\/product_cat?post=42444"},{"taxonomy":"product_tag","embeddable":true,"href":"https:\/\/araratfinland.com\/en\/wp-json\/wp\/v2\/product_tag?post=42444"}],"curies":[{"name":"wp","href":"https:\/\/api.w.org\/{rel}","templated":true}]}}