{"id":42440,"date":"2024-06-02T02:14:52","date_gmt":"2024-06-01T23:14:52","guid":{"rendered":"https:\/\/araratfinland.com\/product\/buhara-sitruunahappo-1-kg\/"},"modified":"2025-10-02T12:23:49","modified_gmt":"2025-10-02T09:23:49","slug":"buhara-sitruunahappo-1-kg","status":"publish","type":"product","link":"https:\/\/araratfinland.com\/en\/product\/buhara-sitruunahappo-1-kg\/","title":{"rendered":"Buhara Sitruunahappo 1 Kg"},"content":{"rendered":"<h4><span style=\"font-size: 18px\"><strong>Ainesosat: <\/strong>Sitruunahappo.<\/span><\/h4>\n<h4><span style=\"font-size: 18px\"><strong>S\u00e4ilytys:<\/strong>\u00a0Kuivassa, viile\u00e4ss\u00e4 ja<br \/>hajuttomassa paikassa.<\/span><\/h4>\n<table style=\"width: 318.281px\">\n<tbody>\n<tr>\n<td style=\"width: 300.281px\" colspan=\"2\"><span style=\"font-size: 18px\"><strong>Ravintosis\u00e4lt\u00f6 per 100g<\/strong><\/span><\/td>\n<\/tr>\n<\/tbody>\n<tbody>\n<tr>\n<td style=\"width: 203px\"><span style=\"font-size: 18px\">Energia<\/span><\/td>\n<td style=\"width: 97.2812px\"><span style=\"font-size: 18px\">1300 kj<\/span><\/td>\n<\/tr>\n<tr>\n<td style=\"width: 203px\"><span style=\"font-size: 18px\">Rasva<\/span><\/td>\n<td style=\"width: 97.2812px\"><span style=\"font-size: 18px\">0 g<\/span><\/td>\n<\/tr>\n<tr>\n<td style=\"width: 203px\"><span style=\"font-size: 18px\">josta tyydyttyneitt\u00e4<\/span><\/td>\n<td style=\"width: 97.2812px\"><span style=\"font-size: 18px\">0 g<\/span><\/td>\n<\/tr>\n<tr>\n<td style=\"width: 203px\"><span style=\"font-size: 18px\">Hiilihydraatit<\/span><\/td>\n<td style=\"width: 97.2812px\"><span style=\"font-size: 18px\">0 mg<\/span><\/td>\n<\/tr>\n<tr>\n<td style=\"width: 203px\"><span style=\"font-size: 18px\">josta sokereita<\/span><\/td>\n<td style=\"width: 97.2812px\"><span style=\"font-size: 18px\">0 g<\/span><\/td>\n<\/tr>\n<tr>\n<td style=\"width: 203px\"><span style=\"font-size: 18px\">Proteiini<\/span><\/td>\n<td style=\"width: 97.2812px\"><span style=\"font-size: 18px\">0 g<\/span><\/td>\n<\/tr>\n<tr>\n<td style=\"width: 203px\"><span style=\"font-size: 18px\">Suola<\/span><\/td>\n<td style=\"width: 97.2812px\"><span style=\"font-size: 18px\">0 mg<\/span><\/td>\n<\/tr>\n<\/tbody>\n<\/table>\n","protected":false},"excerpt":{"rendered":"<p>Ainesosat: Sitruunahappo. S\u00e4ilytys:\u00a0Kuivassa, viile\u00e4ss\u00e4 jahajuttomassa paikassa. Ravintosis\u00e4lt\u00f6 per 100g Energia 1300 kj Rasva 0 g josta tyydyttyneitt\u00e4 0 g Hiilihydraatit<\/p>\n","protected":false},"featured_media":94050,"template":"","meta":{"om_disable_all_campaigns":false,"_monsterinsights_skip_tracking":false,"_monsterinsights_sitenote_active":false,"_monsterinsights_sitenote_note":"","_monsterinsights_sitenote_category":0},"location":[1422],"product_brand":[1423],"product_cat":[1348],"product_tag":[],"class_list":{"0":"post-42440","1":"product","2":"type-product","3":"status-publish","4":"has-post-thumbnail","6":"location-v","7":"product_brand-ararat-ari-food","8":"product_cat-mausteet-fi","9":"stock_type-pcs-en","11":"first","12":"instock","13":"taxable","14":"shipping-taxable","15":"purchasable","16":"product-type-simple"},"aioseo_notices":[],"locations":[{"id":1422,"name":"v","slug":"v","quantity":"0"}],"_links":{"self":[{"href":"https:\/\/araratfinland.com\/en\/wp-json\/wp\/v2\/product\/42440","targetHints":{"allow":["GET"]}}],"collection":[{"href":"https:\/\/araratfinland.com\/en\/wp-json\/wp\/v2\/product"}],"about":[{"href":"https:\/\/araratfinland.com\/en\/wp-json\/wp\/v2\/types\/product"}],"version-history":[{"count":1,"href":"https:\/\/araratfinland.com\/en\/wp-json\/wp\/v2\/product\/42440\/revisions"}],"predecessor-version":[{"id":46225,"href":"https:\/\/araratfinland.com\/en\/wp-json\/wp\/v2\/product\/42440\/revisions\/46225"}],"wp:featuredmedia":[{"embeddable":true,"href":"https:\/\/araratfinland.com\/en\/wp-json\/wp\/v2\/media\/94050"}],"wp:attachment":[{"href":"https:\/\/araratfinland.com\/en\/wp-json\/wp\/v2\/media?parent=42440"}],"wp:term":[{"taxonomy":"location","embeddable":true,"href":"https:\/\/araratfinland.com\/en\/wp-json\/wp\/v2\/location?post=42440"},{"taxonomy":"product_brand","embeddable":true,"href":"https:\/\/araratfinland.com\/en\/wp-json\/wp\/v2\/product_brand?post=42440"},{"taxonomy":"product_cat","embeddable":true,"href":"https:\/\/araratfinland.com\/en\/wp-json\/wp\/v2\/product_cat?post=42440"},{"taxonomy":"product_tag","embeddable":true,"href":"https:\/\/araratfinland.com\/en\/wp-json\/wp\/v2\/product_tag?post=42440"}],"curies":[{"name":"wp","href":"https:\/\/api.w.org\/{rel}","templated":true}]}}