{"id":42436,"date":"2024-06-02T02:14:51","date_gmt":"2024-06-01T23:14:51","guid":{"rendered":"https:\/\/araratfinland.com\/product\/mahmood-basmati-riisi-4-5-kg\/"},"modified":"2025-10-21T17:07:46","modified_gmt":"2025-10-21T14:07:46","slug":"mahmood-basmati-riisi-4-5-kg","status":"publish","type":"product","link":"https:\/\/araratfinland.com\/en\/product\/mahmood-basmati-riisi-4-5-kg\/","title":{"rendered":"Mahmood Basmati Riisi &#8211; 4.5 Kg"},"content":{"rendered":"<h4><span style=\"font-size: 18px;color: #000000\"><strong>Mahmood basmati riisi.<\/strong><\/span><\/h4>\n<h4><span style=\"font-size: 18px;color: #000000\"><strong>Ainesosat: <\/strong>Basmatiriisi (1121 Sella).<\/span><\/h4>\n<h4><span style=\"font-size: 18px;color: #000000\"><strong>Esivalmistelu:<\/strong> Huuhtele huolellisesti.<br \/>Liota 30 minuuttia.<\/span><\/h4>\n<h4><span style=\"font-size: 18px;color: #000000\"><strong>S\u00e4ilytys:<\/strong> S\u00e4ilyt\u00e4 viile\u00e4ss\u00e4 ja kuivassa.<\/span><\/h4>\n","protected":false},"excerpt":{"rendered":"<p>Mahmood basmati riisi. Ainesosat: Basmatiriisi (1121 Sella). Esivalmistelu: Huuhtele huolellisesti.Liota 30 minuuttia. S\u00e4ilytys: S\u00e4ilyt\u00e4 viile\u00e4ss\u00e4 ja kuivassa.<\/p>\n","protected":false},"featured_media":97854,"template":"","meta":{"om_disable_all_campaigns":false,"_monsterinsights_skip_tracking":false,"_monsterinsights_sitenote_active":false,"_monsterinsights_sitenote_note":"","_monsterinsights_sitenote_category":0},"location":[1422],"product_brand":[1423],"product_cat":[1346],"product_tag":[],"class_list":{"0":"post-42436","1":"product","2":"type-product","3":"status-publish","4":"has-post-thumbnail","6":"location-v","7":"product_brand-ararat-ari-food","8":"product_cat-kuiva-tuotteet-fi","9":"stock_type-pcs-en","11":"first","12":"instock","13":"taxable","14":"shipping-taxable","15":"purchasable","16":"product-type-simple"},"aioseo_notices":[],"locations":[{"id":1422,"name":"v","slug":"v","quantity":"500"}],"_links":{"self":[{"href":"https:\/\/araratfinland.com\/en\/wp-json\/wp\/v2\/product\/42436","targetHints":{"allow":["GET"]}}],"collection":[{"href":"https:\/\/araratfinland.com\/en\/wp-json\/wp\/v2\/product"}],"about":[{"href":"https:\/\/araratfinland.com\/en\/wp-json\/wp\/v2\/types\/product"}],"version-history":[{"count":1,"href":"https:\/\/araratfinland.com\/en\/wp-json\/wp\/v2\/product\/42436\/revisions"}],"predecessor-version":[{"id":60382,"href":"https:\/\/araratfinland.com\/en\/wp-json\/wp\/v2\/product\/42436\/revisions\/60382"}],"wp:featuredmedia":[{"embeddable":true,"href":"https:\/\/araratfinland.com\/en\/wp-json\/wp\/v2\/media\/97854"}],"wp:attachment":[{"href":"https:\/\/araratfinland.com\/en\/wp-json\/wp\/v2\/media?parent=42436"}],"wp:term":[{"taxonomy":"location","embeddable":true,"href":"https:\/\/araratfinland.com\/en\/wp-json\/wp\/v2\/location?post=42436"},{"taxonomy":"product_brand","embeddable":true,"href":"https:\/\/araratfinland.com\/en\/wp-json\/wp\/v2\/product_brand?post=42436"},{"taxonomy":"product_cat","embeddable":true,"href":"https:\/\/araratfinland.com\/en\/wp-json\/wp\/v2\/product_cat?post=42436"},{"taxonomy":"product_tag","embeddable":true,"href":"https:\/\/araratfinland.com\/en\/wp-json\/wp\/v2\/product_tag?post=42436"}],"curies":[{"name":"wp","href":"https:\/\/api.w.org\/{rel}","templated":true}]}}