{"id":42421,"date":"2024-06-02T02:14:47","date_gmt":"2024-06-01T23:14:47","guid":{"rendered":"https:\/\/araratfinland.com\/product\/qibbla-chicken-nuggets-12x1000-g-2\/"},"modified":"2025-11-14T12:45:25","modified_gmt":"2025-11-14T10:45:25","slug":"qibbla-chicken-nuggets-12x1000-g-2","status":"publish","type":"product","link":"https:\/\/araratfinland.com\/en\/product\/qibbla-chicken-nuggets-12x1000-g-2\/","title":{"rendered":"Qibbla chicken nuggets 12&#215;1000 g"},"content":{"rendered":"<h4><span style=\"color: #000000\"><span style=\"font-size: 19px\"><strong>Ainesosat:<\/strong> 48% kananliha, vesi, kana-rasva, murskat;<br \/>(<strong>vehn\u00e4jauho<\/strong>), suola, dekstroosi,\u00a0<\/span><span style=\"font-size: 19px\">perunat\u00e4rkkelys,<br \/>maissit\u00e4rkkelys, riisijauho, maissijauho, mausteet,<br \/><strong>leivin<\/strong>jauhe(leivinjauhe E500),\u00a0<\/span><span style=\"font-size: 19px\"><strong>rasvaton maitojauhe<\/strong>,<br \/>sipulit, v\u00e4riaine (Tartrazine E102) kasvis\u00f6ljy.<\/span><\/span><\/h4>\n<h4><span style=\"font-size: 19px;color: #000000\"><strong>Sis\u00e4lt\u00e4\u00e4 maitoa ja gluteenia.<\/strong><\/span><\/h4>\n<h4><span style=\"font-size: 19px;color: #000000\"><strong>S\u00e4ilytys: <\/strong>S\u00e4ilyt\u00e4 j\u00e4\u00e4kaapissa.<\/span><\/h4>\n<table style=\"height: 361px;width: 431.969px\">\n<tbody>\n<tr>\n<td style=\"width: 413.969px\" colspan=\"2\"><span style=\"font-size: 19px;color: #000000\"><strong>Ravintosis\u00e4lt\u00f6 per 100g<\/strong><\/span><\/td>\n<\/tr>\n<\/tbody>\n<tbody>\n<tr>\n<td style=\"width: 214px\"><span style=\"font-size: 19px;color: #000000\">Energiaa<\/span><\/td>\n<td style=\"width: 199.969px\"><span style=\"font-size: 19px;color: #000000\">254 kj \/ 1058 kcal<\/span><\/td>\n<\/tr>\n<tr>\n<td style=\"width: 214px\"><span style=\"font-size: 19px;color: #000000\">Rasva<\/span><\/td>\n<td style=\"width: 199.969px\"><span style=\"font-size: 19px;color: #000000\">16,6 g<\/span><\/td>\n<\/tr>\n<tr>\n<td style=\"width: 214px\"><span style=\"font-size: 19px;color: #000000\">josta tyydyttynytt\u00e4<\/span><\/td>\n<td style=\"width: 199.969px\"><span style=\"font-size: 19px;color: #000000\">5,9 g<\/span><\/td>\n<\/tr>\n<tr>\n<td style=\"width: 214px\"><span style=\"font-size: 19px;color: #000000\">Hiilihydraatit<\/span><\/td>\n<td style=\"width: 199.969px\"><span style=\"font-size: 19px;color: #000000\">15,8 g<\/span><\/td>\n<\/tr>\n<tr>\n<td style=\"width: 214px\"><span style=\"font-size: 19px;color: #000000\">josta sokereita<\/span><\/td>\n<td style=\"width: 199.969px\"><span style=\"font-size: 19px;color: #000000\">1,6 g<\/span><\/td>\n<\/tr>\n<tr>\n<td style=\"width: 214px\"><span style=\"font-size: 19px;color: #000000\">Proteiini<\/span><\/td>\n<td style=\"width: 199.969px\"><span style=\"font-size: 19px;color: #000000\">10,3 g<\/span><\/td>\n<\/tr>\n<tr>\n<td style=\"width: 214px\"><span style=\"font-size: 19px;color: #000000\">Suola<\/span><\/td>\n<td style=\"width: 199.969px\"><span style=\"font-size: 19px;color: #000000\">1,3 g<\/span><\/td>\n<\/tr>\n<\/tbody>\n<\/table>\n","protected":false},"excerpt":{"rendered":"<p>Ainesosat: 48% kananliha, vesi, kana-rasva, murskat;(vehn\u00e4jauho), suola, dekstroosi,\u00a0perunat\u00e4rkkelys,maissit\u00e4rkkelys, riisijauho, maissijauho, mausteet,leivinjauhe(leivinjauhe E500),\u00a0rasvaton maitojauhe,sipulit, v\u00e4riaine (Tartrazine E102) kasvis\u00f6ljy. Sis\u00e4lt\u00e4\u00e4 maitoa ja<\/p>\n","protected":false},"featured_media":100433,"template":"","meta":{"om_disable_all_campaigns":false,"_monsterinsights_skip_tracking":false,"_monsterinsights_sitenote_active":false,"_monsterinsights_sitenote_note":"","_monsterinsights_sitenote_category":0},"location":[1422],"product_brand":[1423],"product_cat":[1464],"product_tag":[],"class_list":{"0":"post-42421","1":"product","2":"type-product","3":"status-publish","4":"has-post-thumbnail","6":"location-v","7":"product_brand-ararat-ari-food","8":"product_cat-pakasteet-en-2","9":"stock_type-ltk-en","11":"first","12":"instock","13":"taxable","14":"shipping-taxable","15":"purchasable","16":"product-type-simple"},"aioseo_notices":[],"locations":[{"id":1422,"name":"v","slug":"v","quantity":"0"}],"_links":{"self":[{"href":"https:\/\/araratfinland.com\/en\/wp-json\/wp\/v2\/product\/42421","targetHints":{"allow":["GET"]}}],"collection":[{"href":"https:\/\/araratfinland.com\/en\/wp-json\/wp\/v2\/product"}],"about":[{"href":"https:\/\/araratfinland.com\/en\/wp-json\/wp\/v2\/types\/product"}],"version-history":[{"count":1,"href":"https:\/\/araratfinland.com\/en\/wp-json\/wp\/v2\/product\/42421\/revisions"}],"predecessor-version":[{"id":49898,"href":"https:\/\/araratfinland.com\/en\/wp-json\/wp\/v2\/product\/42421\/revisions\/49898"}],"wp:featuredmedia":[{"embeddable":true,"href":"https:\/\/araratfinland.com\/en\/wp-json\/wp\/v2\/media\/100433"}],"wp:attachment":[{"href":"https:\/\/araratfinland.com\/en\/wp-json\/wp\/v2\/media?parent=42421"}],"wp:term":[{"taxonomy":"location","embeddable":true,"href":"https:\/\/araratfinland.com\/en\/wp-json\/wp\/v2\/location?post=42421"},{"taxonomy":"product_brand","embeddable":true,"href":"https:\/\/araratfinland.com\/en\/wp-json\/wp\/v2\/product_brand?post=42421"},{"taxonomy":"product_cat","embeddable":true,"href":"https:\/\/araratfinland.com\/en\/wp-json\/wp\/v2\/product_cat?post=42421"},{"taxonomy":"product_tag","embeddable":true,"href":"https:\/\/araratfinland.com\/en\/wp-json\/wp\/v2\/product_tag?post=42421"}],"curies":[{"name":"wp","href":"https:\/\/api.w.org\/{rel}","templated":true}]}}