{"id":42396,"date":"2024-06-02T02:14:42","date_gmt":"2024-06-01T23:14:42","guid":{"rendered":"https:\/\/araratfinland.com\/product\/el-maha-kana-lihasailyke-340g\/"},"modified":"2025-09-12T14:19:14","modified_gmt":"2025-09-12T11:19:14","slug":"el-maha-kana-lihasailyke-340g","status":"publish","type":"product","link":"https:\/\/araratfinland.com\/en\/product\/el-maha-kana-lihasailyke-340g\/","title":{"rendered":"El Maha Kana Lihas\u00e4ilyke 340g"},"content":{"rendered":"<h4><span style=\"color: #000000\"><span style=\"font-size: 18px\"><span style=\"font-size: 20px\"><strong><span style=\"font-size: 18px\">El Maha kana lihas\u00e4ilyke.<\/span><br \/><\/strong><\/span><br \/><strong>Ainesosat:\u00a0<\/strong>Koneellisesti eroteltu broilerin liha 80%, vesi,<br \/>perunat\u00e4rkkelys, suola,\u00a0<\/span><span style=\"font-size: 18px\"><strong>soijaproteiini<\/strong>, glukoosisiirappi,<br \/>perunakuituja, pippuri, stabilointiaine (difosfaatti),<br \/><\/span><span style=\"font-size: 18px\">valkosipuli, antioksidantti (askorbiinihappo), s\u00e4il\u00f6nt\u00e4aine\u00a0<br \/>(natriumnitriitti).<\/p>\n<p><strong>Allergeeni:\u00a0<\/strong><\/span><span style=\"font-size: 18px\"><strong>Soijaproteiini.<\/strong><\/p>\n<p><strong>S\u00e4ilytys:<\/strong><span style=\"font-family: Arial, sans-serif\">\u00a0<\/span><\/span><span style=\"font-size: 18px\">Kuivassa ja huoneenl\u00e4mp\u00f6tilassa.<br \/>S\u00e4ilyt\u00e4 avattu tuote j\u00e4\u00e4kapissa.<\/span><\/span><\/h4>\n<h4><span style=\"font-size: 18px;color: #000000\"><strong>Valmistettu:<\/strong>\u00a0Tanskassa.<\/span><\/h4>\n<table style=\"height: 240px;width: 412.984px\">\n<tbody>\n<tr style=\"height: 23px\">\n<th style=\"width: 1482px;height: 23px;text-align: left\" colspan=\"2\"><span style=\"font-size: 18px;color: #000000\">Ravintosis\u00e4lt\u00f6 per 100g<\/span><\/th>\n<th style=\"width: 161.984px;height: 23px\"><span style=\"font-size: 18px;color: #000000\">\u00a0<\/span><\/th>\n<\/tr>\n<\/tbody>\n<tbody>\n<tr style=\"height: 27.625px\">\n<td style=\"width: 637px;height: 27.625px\"><span style=\"font-size: 18px;color: #000000\">Energia<\/span><\/td>\n<td style=\"width: 845px;height: 27.625px\"><span style=\"font-size: 18px;color: #000000\">756 kJ \/ 180 kcal<\/span><\/td>\n<\/tr>\n<tr style=\"height: 23px\">\n<td style=\"width: 637px;height: 23px\"><span style=\"font-size: 18px;color: #000000\">Rasva<\/span><\/td>\n<td style=\"width: 845px;height: 23px\"><span style=\"font-size: 18px;color: #000000\">13 g<\/span><\/td>\n<\/tr>\n<tr class=\"sub-content\" style=\"height: 23px\">\n<td style=\"width: 637px;height: 23px\"><span style=\"font-size: 18px;color: #000000\">josta tyydyttynytt\u00e4<\/span><\/td>\n<td style=\"width: 845px;height: 23px\"><span style=\"font-size: 18px;color: #000000\">3,2 g<\/span><\/td>\n<\/tr>\n<tr style=\"height: 23px\">\n<td style=\"width: 637px;height: 23px\"><span style=\"font-size: 18px;color: #000000\">Hiilihydraatit<\/span><\/td>\n<td style=\"width: 845px;height: 23px\"><span style=\"font-size: 18px;color: #000000\">2,8 g<\/span><\/td>\n<\/tr>\n<tr class=\"sub-content\" style=\"height: 23px\">\n<td style=\"width: 637px;height: 23px\"><span style=\"font-size: 18px;color: #000000\">josta sokereita<\/span><\/td>\n<td style=\"width: 845px;height: 23px\"><span style=\"font-size: 18px;color: #000000\">0 g<\/span><\/td>\n<\/tr>\n<tr style=\"height: 23px\">\n<td style=\"width: 637px;height: 23px\"><span style=\"font-size: 18px;color: #000000\">Proteiini<\/span><\/td>\n<td style=\"width: 845px;height: 23px\"><span style=\"font-size: 18px;color: #000000\">13 g<\/span><\/td>\n<\/tr>\n<tr style=\"height: 23px\">\n<td style=\"width: 637px;height: 23px\"><span style=\"font-size: 18px;color: #000000\">Suola<\/span><\/td>\n<td style=\"width: 845px;height: 23px\"><span style=\"font-size: 18px;color: #000000\">2,0 g<br \/><\/span><\/td>\n<\/tr>\n<\/tbody>\n<\/table>\n","protected":false},"excerpt":{"rendered":"<p>El Maha kana lihas\u00e4ilyke.Ainesosat:\u00a0Koneellisesti eroteltu broilerin liha 80%, vesi,perunat\u00e4rkkelys, suola,\u00a0soijaproteiini, glukoosisiirappi,perunakuituja, pippuri, stabilointiaine (difosfaatti),valkosipuli, antioksidantti (askorbiinihappo), s\u00e4il\u00f6nt\u00e4aine\u00a0(natriumnitriitti). Allergeeni:\u00a0Soijaproteiini. S\u00e4ilytys:\u00a0Kuivassa ja<\/p>\n","protected":false},"featured_media":91454,"template":"","meta":{"om_disable_all_campaigns":false,"_monsterinsights_skip_tracking":false,"_monsterinsights_sitenote_active":false,"_monsterinsights_sitenote_note":"","_monsterinsights_sitenote_category":0},"location":[1422],"product_brand":[1423],"product_cat":[1362],"product_tag":[],"class_list":{"0":"post-42396","1":"product","2":"type-product","3":"status-publish","4":"has-post-thumbnail","6":"location-v","7":"product_brand-ararat-ari-food","8":"product_cat-salamit-fi","9":"stock_type-prk-en","11":"first","12":"instock","13":"taxable","14":"shipping-taxable","15":"purchasable","16":"product-type-simple"},"aioseo_notices":[],"locations":[{"id":1422,"name":"v","slug":"v","quantity":"1140"}],"_links":{"self":[{"href":"https:\/\/araratfinland.com\/en\/wp-json\/wp\/v2\/product\/42396","targetHints":{"allow":["GET"]}}],"collection":[{"href":"https:\/\/araratfinland.com\/en\/wp-json\/wp\/v2\/product"}],"about":[{"href":"https:\/\/araratfinland.com\/en\/wp-json\/wp\/v2\/types\/product"}],"version-history":[{"count":1,"href":"https:\/\/araratfinland.com\/en\/wp-json\/wp\/v2\/product\/42396\/revisions"}],"predecessor-version":[{"id":57283,"href":"https:\/\/araratfinland.com\/en\/wp-json\/wp\/v2\/product\/42396\/revisions\/57283"}],"wp:featuredmedia":[{"embeddable":true,"href":"https:\/\/araratfinland.com\/en\/wp-json\/wp\/v2\/media\/91454"}],"wp:attachment":[{"href":"https:\/\/araratfinland.com\/en\/wp-json\/wp\/v2\/media?parent=42396"}],"wp:term":[{"taxonomy":"location","embeddable":true,"href":"https:\/\/araratfinland.com\/en\/wp-json\/wp\/v2\/location?post=42396"},{"taxonomy":"product_brand","embeddable":true,"href":"https:\/\/araratfinland.com\/en\/wp-json\/wp\/v2\/product_brand?post=42396"},{"taxonomy":"product_cat","embeddable":true,"href":"https:\/\/araratfinland.com\/en\/wp-json\/wp\/v2\/product_cat?post=42396"},{"taxonomy":"product_tag","embeddable":true,"href":"https:\/\/araratfinland.com\/en\/wp-json\/wp\/v2\/product_tag?post=42396"}],"curies":[{"name":"wp","href":"https:\/\/api.w.org\/{rel}","templated":true}]}}