{"id":42392,"date":"2024-06-02T02:14:41","date_gmt":"2024-06-01T23:14:41","guid":{"rendered":"https:\/\/araratfinland.com\/product\/zakia-couscous-medium-1-kg\/"},"modified":"2025-11-06T12:15:56","modified_gmt":"2025-11-06T10:15:56","slug":"zakia-couscous-medium-1-kg","status":"publish","type":"product","link":"https:\/\/araratfinland.com\/en\/product\/zakia-couscous-medium-1-kg\/","title":{"rendered":"Zakia Couscous Medium 1 Kg"},"content":{"rendered":"<div><span style=\"color: #000000\"><span style=\"font-size: 18px\"><strong>Ainesosat:<\/strong>\u00a0<strong>100%\u00a0Durumvehn\u00e4.<br \/><\/strong><\/span><strong><span style=\"font-size: 18px\">Sis\u00e4lt\u00e4\u00e4 Gluteenia.<br \/><\/span><\/strong><\/span><\/div>\n<div><span style=\"font-size: 18px;color: #000000\"><strong>S\u00e4ilytys:<\/strong>\u00a0Kuivassa ja viile\u00e4ss\u00e4 paikassa.\u00a0<br \/><\/span><\/div>\n<div><span style=\"font-size: 18px;color: #000000\"><strong>Alkuper\u00e4maa:<\/strong>\u00a0Ranska.<br \/><\/span><\/div>\n<div>\n<div>\n<table style=\"width: 370.75px\">\n<tbody>\n<tr style=\"height: 23px\">\n<td style=\"width: 355.75px;height: 23px\" colspan=\"2\"><span style=\"font-size: 19px;color: #000000\"><strong>Ravintosis\u00e4lt\u00f6 per 100g<\/strong><\/span><\/td>\n<\/tr>\n<\/tbody>\n<tbody>\n<tr style=\"height: 23px\">\n<td style=\"width: 202px;height: 23px\"><span style=\"font-size: 19px;color: #000000\">Energia<\/span><\/td>\n<td style=\"width: 153.75px;height: 23px\"><span style=\"font-size: 19px;color: #000000\">370 kcal<\/span><\/td>\n<\/tr>\n<tr style=\"height: 23px\">\n<td style=\"width: 202px;height: 23px\"><span style=\"font-size: 19px;color: #000000\">Rasva<\/span><\/td>\n<td style=\"width: 153.75px;height: 23px\"><span style=\"font-size: 19px;color: #000000\">2 g<\/span><\/td>\n<\/tr>\n<tr style=\"height: 23px\">\n<td style=\"width: 202px;height: 23px\"><span style=\"font-size: 19px;color: #000000\">josta tyydyttyneitt\u00e4<\/span><\/td>\n<td style=\"width: 153.75px;height: 23px\"><span style=\"font-size: 19px;color: #000000\">0,4 g<\/span><\/td>\n<\/tr>\n<tr style=\"height: 23px\">\n<td style=\"width: 202px;height: 23px\"><span style=\"font-size: 19px;color: #000000\">Hiilihydraatit<\/span><\/td>\n<td style=\"width: 153.75px;height: 23px\"><span style=\"font-size: 19px;color: #000000\">73 g<\/span><\/td>\n<\/tr>\n<tr style=\"height: 23px\">\n<td style=\"width: 202px;height: 23px\"><span style=\"font-size: 19px;color: #000000\">josta sokereita<\/span><\/td>\n<td style=\"width: 153.75px;height: 23px\"><span style=\"font-size: 19px;color: #000000\">3 g<\/span><\/td>\n<\/tr>\n<tr style=\"height: 23px\">\n<td style=\"width: 202px;height: 23px\"><span style=\"font-size: 19px;color: #000000\">Proteiini<\/span><\/td>\n<td style=\"width: 153.75px;height: 23px\"><span style=\"font-size: 19px;color: #000000\">13,2 g<\/span><\/td>\n<\/tr>\n<tr style=\"height: 25px\">\n<td style=\"width: 202px;height: 25px\">\n<p><span style=\"font-size: 19px;color: #000000\">Kuitu<\/span><\/p>\n<p><span style=\"font-size: 19px;color: #000000\">Suola<\/span><\/p>\n<\/td>\n<td style=\"width: 153.75px;height: 25px\">\n<p><span style=\"font-size: 19px;color: #000000\">3,4 g<\/span><\/p>\n<p><span style=\"font-size: 19px;color: #000000\">0,05 g\u00a0<\/span><\/p>\n<\/td>\n<\/tr>\n<\/tbody>\n<\/table><\/div>\n<\/p><\/div>\n","protected":false},"excerpt":{"rendered":"<p>Ainesosat:\u00a0100%\u00a0Durumvehn\u00e4.Sis\u00e4lt\u00e4\u00e4 Gluteenia. S\u00e4ilytys:\u00a0Kuivassa ja viile\u00e4ss\u00e4 paikassa.\u00a0 Alkuper\u00e4maa:\u00a0Ranska. Ravintosis\u00e4lt\u00f6 per 100g Energia 370 kcal Rasva 2 g josta tyydyttyneitt\u00e4 0,4 g<\/p>\n","protected":false},"featured_media":98958,"template":"","meta":{"om_disable_all_campaigns":false,"_monsterinsights_skip_tracking":false,"_monsterinsights_sitenote_active":false,"_monsterinsights_sitenote_note":"","_monsterinsights_sitenote_category":0},"location":[1422],"product_brand":[1423],"product_cat":[1346],"product_tag":[],"class_list":{"0":"post-42392","1":"product","2":"type-product","3":"status-publish","4":"has-post-thumbnail","6":"location-v","7":"product_brand-ararat-ari-food","8":"product_cat-kuiva-tuotteet-fi","9":"stock_type-kpl-en","11":"first","12":"instock","13":"taxable","14":"shipping-taxable","15":"purchasable","16":"product-type-simple"},"aioseo_notices":[],"locations":[{"id":1422,"name":"v","slug":"v","quantity":"18"}],"_links":{"self":[{"href":"https:\/\/araratfinland.com\/en\/wp-json\/wp\/v2\/product\/42392","targetHints":{"allow":["GET"]}}],"collection":[{"href":"https:\/\/araratfinland.com\/en\/wp-json\/wp\/v2\/product"}],"about":[{"href":"https:\/\/araratfinland.com\/en\/wp-json\/wp\/v2\/types\/product"}],"version-history":[{"count":1,"href":"https:\/\/araratfinland.com\/en\/wp-json\/wp\/v2\/product\/42392\/revisions"}],"predecessor-version":[{"id":46303,"href":"https:\/\/araratfinland.com\/en\/wp-json\/wp\/v2\/product\/42392\/revisions\/46303"}],"wp:featuredmedia":[{"embeddable":true,"href":"https:\/\/araratfinland.com\/en\/wp-json\/wp\/v2\/media\/98958"}],"wp:attachment":[{"href":"https:\/\/araratfinland.com\/en\/wp-json\/wp\/v2\/media?parent=42392"}],"wp:term":[{"taxonomy":"location","embeddable":true,"href":"https:\/\/araratfinland.com\/en\/wp-json\/wp\/v2\/location?post=42392"},{"taxonomy":"product_brand","embeddable":true,"href":"https:\/\/araratfinland.com\/en\/wp-json\/wp\/v2\/product_brand?post=42392"},{"taxonomy":"product_cat","embeddable":true,"href":"https:\/\/araratfinland.com\/en\/wp-json\/wp\/v2\/product_cat?post=42392"},{"taxonomy":"product_tag","embeddable":true,"href":"https:\/\/araratfinland.com\/en\/wp-json\/wp\/v2\/product_tag?post=42392"}],"curies":[{"name":"wp","href":"https:\/\/api.w.org\/{rel}","templated":true}]}}