{"id":42389,"date":"2024-06-02T02:14:40","date_gmt":"2024-06-01T23:14:40","guid":{"rendered":"https:\/\/araratfinland.com\/product\/indomie-vegetable-noodles-8x5x75-g\/"},"modified":"2025-10-06T11:09:23","modified_gmt":"2025-10-06T08:09:23","slug":"indomie-vegetable-noodles-8x5x75-g","status":"publish","type":"product","link":"https:\/\/araratfinland.com\/en\/product\/indomie-vegetable-noodles-8x5x75-g\/","title":{"rendered":"Indomie vegetable noodles 8x5x75 g"},"content":{"rendered":"<h4><span style=\"color: #000000\"><span style=\"font-size: 18px\"><span style=\"font-size: 18px\"><strong>Kasvisnuudelit (8 packs).<\/strong><\/p>\n<p><\/span><strong style=\"font-size: 18px\">Ainesosat: Vehn\u00e4jauho<\/strong><span style=\"font-size: 18px\"> (70%), puhdistettu palmu\u00f6ljy<\/span><br \/><span style=\"font-size: 18px\">(sis\u00e4lt\u00e4\u00e4 antioksidanttia E319), suola,<\/span><br \/><span style=\"font-size: 18px\">happamuudens\u00e4\u00e4t\u00f6aine (E452),\u00a0<\/span><\/span><span style=\"font-size: 18px\">(E501), E500),<br \/>sakeuttamisaine (E412), v\u00e4ri (E101), maustejauhe:<br \/>suola, arominvahventeet (E621), E627, E631, sokeri,<br \/>hiivauute,\u00a0<\/span><span style=\"font-size: 18px\">pippuri, keinotekoinen aromi (1,9%),<br \/>valkosipulijauhe, sipulijauhe,happamuudens\u00e4\u00e4t\u00f6aine<br \/>(E330), mauste\u00f6ljy: puhdistettu palmu\u00f6ljy<br \/><\/span><span style=\"font-size: 18px\">(sis\u00e4lt\u00e4\u00e4 antioksidanttia E319), sipuli, valkosipuli,<br \/>sitruunaruoho, galangal, laakerinlehdet, limetin lehdet,<br \/>kurkuma, <strong>inkiv\u00e4\u00e4ri<\/strong>,<strong>\u00a0p\u00e4hkin\u00e4<\/strong>, chilijauhe.<br \/><\/span><span style=\"font-size: 18px\"><strong><br \/><span style=\"font-size: 19px\">Saattaa sis\u00e4lt\u00e4\u00e4 soijaa, papua ja kananmunaa.<\/span><\/strong><\/span><\/span><\/h4>\n<h4><span style=\"font-size: 18px;color: #000000\"><strong>S\u00e4ilytys: <\/strong>S\u00e4ilyt\u00e4 kuivassa paikassa.<\/span><\/h4>\n<table style=\"width: 389.688px\">\n<tbody>\n<tr style=\"height: 22px\">\n<td style=\"width: 377.688px;height: 22px\" colspan=\"2\"><span style=\"font-size: 18px;color: #000000\"><strong>Ravintosis\u00e4lt\u00f6 per 100g<\/strong><\/span><\/td>\n<\/tr>\n<\/tbody>\n<tbody>\n<tr style=\"height: 22px\">\n<td style=\"width: 201px;height: 22px\"><span style=\"font-size: 18px;color: #000000\">Energia<\/span><\/td>\n<td style=\"width: 176.688px;height: 22px\"><span style=\"font-size: 18px;color: #000000\">1476 kj \/ 353 kcal<\/span><\/td>\n<\/tr>\n<tr style=\"height: 22px\">\n<td style=\"width: 201px;height: 22px\"><span style=\"font-size: 18px;color: #000000\">Rasva<\/span><\/td>\n<td style=\"width: 176.688px;height: 22px\"><span style=\"font-size: 18px;color: #000000\">15 g<\/span><\/td>\n<\/tr>\n<tr style=\"height: 12px\">\n<td style=\"width: 201px;height: 12px\"><span style=\"font-size: 18px;color: #000000\">josta tyydyttyneitt\u00e4<\/span><\/td>\n<td style=\"width: 176.688px;height: 12px\"><span style=\"font-size: 18px;color: #000000\">6 g<\/span><\/td>\n<\/tr>\n<tr style=\"height: 22px\">\n<td style=\"width: 201px;height: 22px\"><span style=\"font-size: 18px;color: #000000\">Hiilihydraatit<\/span><\/td>\n<td style=\"width: 176.688px;height: 22px\"><span style=\"font-size: 18px;color: #000000\">46 g<\/span><\/td>\n<\/tr>\n<tr style=\"height: 1.85938px\">\n<td style=\"width: 201px;height: 1.85938px\">\n<p><span style=\"font-size: 18px;color: #000000\">Sokeri<\/span><\/p>\n<p><span style=\"font-size: 18px;color: #000000\">Kuitu<\/span><\/p>\n<\/td>\n<td style=\"width: 176.688px;height: 1.85938px\">\n<p><span style=\"font-size: 18px;color: #000000\">4 g<\/span><\/p>\n<p><span style=\"font-size: 18px;color: #000000\">3 g<\/span><\/p>\n<\/td>\n<\/tr>\n<tr style=\"height: 22px\">\n<td style=\"width: 201px;height: 22px\"><span style=\"font-size: 18px;color: #000000\">Proteiini<\/span><\/td>\n<td style=\"width: 176.688px;height: 22px\"><span style=\"font-size: 18px;color: #000000\">8 g<\/span><\/td>\n<\/tr>\n<tr style=\"height: 22px\">\n<td style=\"width: 201px;height: 22px\"><span style=\"font-size: 18px;color: #000000\">Suola<\/span><\/td>\n<td style=\"width: 176.688px;height: 22px\"><span style=\"font-size: 18px;color: #000000\">3,2 g<\/span><\/td>\n<\/tr>\n<\/tbody>\n<\/table>\n","protected":false},"excerpt":{"rendered":"<p>Kasvisnuudelit (8 packs). Ainesosat: Vehn\u00e4jauho (70%), puhdistettu palmu\u00f6ljy(sis\u00e4lt\u00e4\u00e4 antioksidanttia E319), suola,happamuudens\u00e4\u00e4t\u00f6aine (E452),\u00a0(E501), E500),sakeuttamisaine (E412), v\u00e4ri (E101), maustejauhe:suola, arominvahventeet (E621), E627,<\/p>\n","protected":false},"featured_media":95209,"template":"","meta":{"om_disable_all_campaigns":false,"_monsterinsights_skip_tracking":false,"_monsterinsights_sitenote_active":false,"_monsterinsights_sitenote_note":"","_monsterinsights_sitenote_category":0},"location":[1422],"product_brand":[1423],"product_cat":[1448],"product_tag":[],"class_list":{"0":"post-42389","1":"product","2":"type-product","3":"status-publish","4":"has-post-thumbnail","6":"location-v","7":"product_brand-ararat-ari-food","8":"product_cat-kuiva-tuotteet-en-2","9":"stock_type-ltk-en","11":"first","12":"instock","13":"taxable","14":"shipping-taxable","15":"purchasable","16":"product-type-simple"},"aioseo_notices":[],"locations":[{"id":1422,"name":"v","slug":"v","quantity":"229"}],"_links":{"self":[{"href":"https:\/\/araratfinland.com\/en\/wp-json\/wp\/v2\/product\/42389","targetHints":{"allow":["GET"]}}],"collection":[{"href":"https:\/\/araratfinland.com\/en\/wp-json\/wp\/v2\/product"}],"about":[{"href":"https:\/\/araratfinland.com\/en\/wp-json\/wp\/v2\/types\/product"}],"version-history":[{"count":1,"href":"https:\/\/araratfinland.com\/en\/wp-json\/wp\/v2\/product\/42389\/revisions"}],"predecessor-version":[{"id":60414,"href":"https:\/\/araratfinland.com\/en\/wp-json\/wp\/v2\/product\/42389\/revisions\/60414"}],"wp:featuredmedia":[{"embeddable":true,"href":"https:\/\/araratfinland.com\/en\/wp-json\/wp\/v2\/media\/95209"}],"wp:attachment":[{"href":"https:\/\/araratfinland.com\/en\/wp-json\/wp\/v2\/media?parent=42389"}],"wp:term":[{"taxonomy":"location","embeddable":true,"href":"https:\/\/araratfinland.com\/en\/wp-json\/wp\/v2\/location?post=42389"},{"taxonomy":"product_brand","embeddable":true,"href":"https:\/\/araratfinland.com\/en\/wp-json\/wp\/v2\/product_brand?post=42389"},{"taxonomy":"product_cat","embeddable":true,"href":"https:\/\/araratfinland.com\/en\/wp-json\/wp\/v2\/product_cat?post=42389"},{"taxonomy":"product_tag","embeddable":true,"href":"https:\/\/araratfinland.com\/en\/wp-json\/wp\/v2\/product_tag?post=42389"}],"curies":[{"name":"wp","href":"https:\/\/api.w.org\/{rel}","templated":true}]}}