{"id":42382,"date":"2024-06-02T02:14:39","date_gmt":"2024-06-01T23:14:39","guid":{"rendered":"https:\/\/araratfinland.com\/product\/indian-star-basmati-riisi-5-kg\/"},"modified":"2025-11-07T11:20:53","modified_gmt":"2025-11-07T09:20:53","slug":"indian-star-basmati-riisi-5-kg","status":"publish","type":"product","link":"https:\/\/araratfinland.com\/en\/product\/indian-star-basmati-riisi-5-kg\/","title":{"rendered":"Indian Star Basmati Riisi &#8211; 5 Kg"},"content":{"rendered":"<h4><span style=\"font-size: 18px\"><strong>Ainesosat: <\/strong>Basmatiriisi\u00e4, kuorittu ja kiilotettu. <br \/>Viljelty Intiassa.<\/span><\/h4>\n<h4><span style=\"font-size: 18px\"><strong>Keitt\u00e4minen:<\/strong> 1 dl basmati riisi\u00e4, 2 dl vett\u00e4,<br \/>1 rkl \u00f6ljy\u00e4, 1\/4 tl suolaa.<\/span><\/h4>\n<h4>\u00a0<\/h4>\n<p> &#039;<\/p>\n","protected":false},"excerpt":{"rendered":"<p>Ainesosat: Basmatiriisi\u00e4, kuorittu ja kiilotettu. Viljelty Intiassa. Keitt\u00e4minen: 1 dl basmati riisi\u00e4, 2 dl vett\u00e4,1 rkl \u00f6ljy\u00e4, 1\/4 tl suolaa.<\/p>\n","protected":false},"featured_media":99107,"template":"","meta":{"om_disable_all_campaigns":false,"_monsterinsights_skip_tracking":false,"_monsterinsights_sitenote_active":false,"_monsterinsights_sitenote_note":"","_monsterinsights_sitenote_category":0},"location":[1422],"product_brand":[1423],"product_cat":[1346],"product_tag":[],"class_list":{"0":"post-42382","1":"product","2":"type-product","3":"status-publish","4":"has-post-thumbnail","6":"location-v","7":"product_brand-ararat-ari-food","8":"product_cat-kuiva-tuotteet-fi","9":"stock_type-pcs-en","11":"first","12":"instock","13":"taxable","14":"shipping-taxable","15":"purchasable","16":"product-type-simple"},"aioseo_notices":[],"locations":[{"id":1422,"name":"v","slug":"v","quantity":"48"}],"_links":{"self":[{"href":"https:\/\/araratfinland.com\/en\/wp-json\/wp\/v2\/product\/42382","targetHints":{"allow":["GET"]}}],"collection":[{"href":"https:\/\/araratfinland.com\/en\/wp-json\/wp\/v2\/product"}],"about":[{"href":"https:\/\/araratfinland.com\/en\/wp-json\/wp\/v2\/types\/product"}],"version-history":[{"count":1,"href":"https:\/\/araratfinland.com\/en\/wp-json\/wp\/v2\/product\/42382\/revisions"}],"predecessor-version":[{"id":54483,"href":"https:\/\/araratfinland.com\/en\/wp-json\/wp\/v2\/product\/42382\/revisions\/54483"}],"wp:featuredmedia":[{"embeddable":true,"href":"https:\/\/araratfinland.com\/en\/wp-json\/wp\/v2\/media\/99107"}],"wp:attachment":[{"href":"https:\/\/araratfinland.com\/en\/wp-json\/wp\/v2\/media?parent=42382"}],"wp:term":[{"taxonomy":"location","embeddable":true,"href":"https:\/\/araratfinland.com\/en\/wp-json\/wp\/v2\/location?post=42382"},{"taxonomy":"product_brand","embeddable":true,"href":"https:\/\/araratfinland.com\/en\/wp-json\/wp\/v2\/product_brand?post=42382"},{"taxonomy":"product_cat","embeddable":true,"href":"https:\/\/araratfinland.com\/en\/wp-json\/wp\/v2\/product_cat?post=42382"},{"taxonomy":"product_tag","embeddable":true,"href":"https:\/\/araratfinland.com\/en\/wp-json\/wp\/v2\/product_tag?post=42382"}],"curies":[{"name":"wp","href":"https:\/\/api.w.org\/{rel}","templated":true}]}}