{"id":42379,"date":"2024-06-02T02:14:38","date_gmt":"2024-06-01T23:14:38","guid":{"rendered":"https:\/\/araratfinland.com\/product\/qibbla-broilerin-rintafile-5x2000-g-2\/"},"modified":"2025-09-12T10:32:28","modified_gmt":"2025-09-12T07:32:28","slug":"qibbla-broilerin-rintafile-5x2000-g-2","status":"publish","type":"product","link":"https:\/\/araratfinland.com\/en\/product\/qibbla-broilerin-rintafile-5x2000-g-2\/","title":{"rendered":"Qibbla broilerin rintafile 5&#215;2000 g"},"content":{"rendered":"<h4><span style=\"font-size: 19px;color: #000000\"><strong>Qibbla broilerin rintafilee.<\/strong><\/span><\/h4>\n<h4><span style=\"color: #000000\"><span style=\"font-size: 19px\"><strong>Ainesosat:\u00a0<\/strong>Broilerin rintafilee ilman nahkaa<br \/>ja luita 65%, vesi 33%, suola,\u00a0<\/span><span style=\"font-size: 19px\">stabilointiaine(E407),<br \/>maltodekstriini, dekstroosi.<\/span><\/span><\/h4>\n<h4><span style=\"font-size: 19px;color: #000000\"><strong>Saattaa sis\u00e4lt\u00e4\u00e4 broilerinluuta.<\/strong><\/span><\/h4>\n<h4><span style=\"font-size: 19px;color: #000000\"><strong>S\u00e4ilytys: <\/strong>Pakastin: 48 tuntia.<br \/>Syv\u00e4j\u00e4\u00e4ss\u00e4: -6\u2103: 1 viikko, -12\u2103: 3 viikoa.<\/span><\/h4>\n<table style=\"height: 361px;width: 390.719px\">\n<tbody>\n<tr style=\"height: 7px\">\n<td style=\"width: 371.719px;height: 7px\" colspan=\"2\"><span style=\"font-size: 19px;color: #000000\"><strong>Ravintosis\u00e4lt\u00f6 per 100g<\/strong><\/span><\/td>\n<\/tr>\n<\/tbody>\n<tbody>\n<tr style=\"height: 22px\">\n<td style=\"width: 202px;height: 22px\"><span style=\"font-size: 19px;color: #000000\">Energiaa<\/span><\/td>\n<td style=\"width: 169.719px;height: 22px\"><span style=\"font-size: 19px;color: #000000\">297 kJ \/ 70 kcal<\/span><\/td>\n<\/tr>\n<tr style=\"height: 3px\">\n<td style=\"width: 202px;height: 3px\"><span style=\"font-size: 19px;color: #000000\">Rasva<\/span><\/td>\n<td style=\"width: 169.719px;height: 3px\"><span style=\"font-size: 19px;color: #000000\">1,2 g<\/span><\/td>\n<\/tr>\n<tr style=\"height: 19px\">\n<td style=\"width: 202px;height: 19px\"><span style=\"font-size: 19px;color: #000000\">josta tyydyttynytt\u00e4<\/span><\/td>\n<td style=\"width: 169.719px;height: 19px\"><span style=\"font-size: 19px;color: #000000\">0,3 g<\/span><\/td>\n<\/tr>\n<tr style=\"height: 14px\">\n<td style=\"width: 202px;height: 14px\"><span style=\"font-size: 19px;color: #000000\">Hiilihydraatit<\/span><\/td>\n<td style=\"width: 169.719px;height: 14px\"><span style=\"font-size: 19px;color: #000000\">0 g<\/span><\/td>\n<\/tr>\n<tr style=\"height: 17px\">\n<td style=\"width: 202px;height: 17px\"><span style=\"font-size: 19px;color: #000000\">josta sokereita<\/span><\/td>\n<td style=\"width: 169.719px;height: 17px\"><span style=\"font-size: 19px;color: #000000\">0 g<\/span><\/td>\n<\/tr>\n<tr style=\"height: 15px\">\n<td style=\"width: 202px;height: 15px\"><span style=\"font-size: 19px;color: #000000\">Proteiini<\/span><\/td>\n<td style=\"width: 169.719px;height: 15px\"><span style=\"font-size: 19px;color: #000000\">14 g<\/span><\/td>\n<\/tr>\n<tr style=\"height: 22px\">\n<td style=\"width: 202px;height: 22px\"><span style=\"font-size: 19px;color: #000000\">Suola<\/span><\/td>\n<td style=\"width: 169.719px;height: 22px\"><span style=\"font-size: 19px;color: #000000\">1,3 g<\/span><\/td>\n<\/tr>\n<\/tbody>\n<\/table>\n","protected":false},"excerpt":{"rendered":"<p>Qibbla broilerin rintafilee. Ainesosat:\u00a0Broilerin rintafilee ilman nahkaaja luita 65%, vesi 33%, suola,\u00a0stabilointiaine(E407),maltodekstriini, dekstroosi. Saattaa sis\u00e4lt\u00e4\u00e4 broilerinluuta. S\u00e4ilytys: Pakastin: 48 tuntia.Syv\u00e4j\u00e4\u00e4ss\u00e4:<\/p>\n","protected":false},"featured_media":90756,"template":"","meta":{"om_disable_all_campaigns":false,"_monsterinsights_skip_tracking":false,"_monsterinsights_sitenote_active":false,"_monsterinsights_sitenote_note":"","_monsterinsights_sitenote_category":0},"location":[1422],"product_brand":[1423],"product_cat":[1464],"product_tag":[],"class_list":{"0":"post-42379","1":"product","2":"type-product","3":"status-publish","4":"has-post-thumbnail","6":"location-v","7":"product_brand-ararat-ari-food","8":"product_cat-pakasteet-en-2","9":"stock_type-ltk-en","11":"first","12":"instock","13":"taxable","14":"shipping-taxable","15":"purchasable","16":"product-type-simple"},"aioseo_notices":[],"locations":[{"id":1422,"name":"v","slug":"v","quantity":"0"}],"_links":{"self":[{"href":"https:\/\/araratfinland.com\/en\/wp-json\/wp\/v2\/product\/42379","targetHints":{"allow":["GET"]}}],"collection":[{"href":"https:\/\/araratfinland.com\/en\/wp-json\/wp\/v2\/product"}],"about":[{"href":"https:\/\/araratfinland.com\/en\/wp-json\/wp\/v2\/types\/product"}],"version-history":[{"count":1,"href":"https:\/\/araratfinland.com\/en\/wp-json\/wp\/v2\/product\/42379\/revisions"}],"predecessor-version":[{"id":49890,"href":"https:\/\/araratfinland.com\/en\/wp-json\/wp\/v2\/product\/42379\/revisions\/49890"}],"wp:featuredmedia":[{"embeddable":true,"href":"https:\/\/araratfinland.com\/en\/wp-json\/wp\/v2\/media\/90756"}],"wp:attachment":[{"href":"https:\/\/araratfinland.com\/en\/wp-json\/wp\/v2\/media?parent=42379"}],"wp:term":[{"taxonomy":"location","embeddable":true,"href":"https:\/\/araratfinland.com\/en\/wp-json\/wp\/v2\/location?post=42379"},{"taxonomy":"product_brand","embeddable":true,"href":"https:\/\/araratfinland.com\/en\/wp-json\/wp\/v2\/product_brand?post=42379"},{"taxonomy":"product_cat","embeddable":true,"href":"https:\/\/araratfinland.com\/en\/wp-json\/wp\/v2\/product_cat?post=42379"},{"taxonomy":"product_tag","embeddable":true,"href":"https:\/\/araratfinland.com\/en\/wp-json\/wp\/v2\/product_tag?post=42379"}],"curies":[{"name":"wp","href":"https:\/\/api.w.org\/{rel}","templated":true}]}}