{"id":42337,"date":"2024-06-02T02:14:29","date_gmt":"2024-06-01T23:14:29","guid":{"rendered":"https:\/\/araratfinland.com\/product\/agadeer-broilerin-maksa-12x300-g-2\/"},"modified":"2025-11-17T15:52:13","modified_gmt":"2025-11-17T13:52:13","slug":"agadeer-broilerin-maksa-12x300-g-2","status":"publish","type":"product","link":"https:\/\/araratfinland.com\/en\/product\/agadeer-broilerin-maksa-12x300-g-2\/","title":{"rendered":"Agadeer broilerin maksa 12&#215;300 g"},"content":{"rendered":"<h4><span style=\"font-size: 18px;color: #000000\"><strong>Ainesosat: <\/strong>Broilerinmaksa 100%.<\/span><\/h4>\n<h4><span style=\"color: #000000\"><span style=\"font-size: 18px\"><strong><span style=\"color: #000000\">S\u00e4ilytys: <\/span><\/strong>Pakastimessa: Alle -18\u2103:n<br \/>l\u00e4mp\u00f6tilassa katso &#039;&#039;parasta ennen&#039;&#039;.<br \/><\/span><span style=\"font-size: 18px\"><strong>J\u00e4\u00e4kaapissa:<\/strong> Alle 5\u2103:n l\u00e4mp\u00f6tilassa noin 24 tuntia.<\/p>\n<p><\/span><span style=\"font-size: 18px\"><strong>Ei saa pakastaa uudelleen sulattamisen j\u00e4\u00e4lkeen.<\/strong><\/span><\/span><\/h4>\n<table style=\"height: 361px;width: 417.219px\">\n<tbody>\n<tr style=\"height: 4.5625px\">\n<td style=\"width: 399.219px;height: 4.5625px\" colspan=\"2\"><span style=\"font-size: 18px;color: #000000\"><strong>Ravintosis\u00e4lt\u00f6 per 100g<\/strong><\/span><\/td>\n<\/tr>\n<\/tbody>\n<tbody>\n<tr style=\"height: 4px\">\n<td style=\"width: 216px;height: 4px\"><span style=\"font-size: 18px;color: #000000\">Energiaa<\/span><\/td>\n<td style=\"width: 183.219px;height: 4px\"><span style=\"font-size: 18px;color: #000000\">492 kJ \/ 117 kcal<\/span><\/td>\n<\/tr>\n<tr style=\"height: 21px\">\n<td style=\"width: 216px;height: 21px\"><span style=\"font-size: 18px;color: #000000\">Rasva<\/span><\/td>\n<td style=\"width: 183.219px;height: 21px\"><span style=\"font-size: 18px;color: #000000\">4,1 g<\/span><\/td>\n<\/tr>\n<tr style=\"height: 7px\">\n<td style=\"width: 216px;height: 7px\"><span style=\"font-size: 18px;color: #000000\">josta tyydyttynytt\u00e4<\/span><\/td>\n<td style=\"width: 183.219px;height: 7px\"><span style=\"font-size: 18px;color: #000000\">1,2 g<\/span><\/td>\n<\/tr>\n<tr style=\"height: 8px\">\n<td style=\"width: 216px;height: 8px\"><span style=\"font-size: 18px;color: #000000\">Hiilihydraatit<\/span><\/td>\n<td style=\"width: 183.219px;height: 8px\"><span style=\"font-size: 18px;color: #000000\">1 g<\/span><\/td>\n<\/tr>\n<tr style=\"height: 10px\">\n<td style=\"width: 216px;height: 10px\"><span style=\"font-size: 18px;color: #000000\">josta sokereita<\/span><\/td>\n<td style=\"width: 183.219px;height: 10px\"><span style=\"font-size: 18px;color: #000000\">0 g<\/span><\/td>\n<\/tr>\n<tr style=\"height: 13px\">\n<td style=\"width: 216px;height: 13px\"><span style=\"font-size: 18px;color: #000000\">Proteiini<\/span><\/td>\n<td style=\"width: 183.219px;height: 13px\"><span style=\"font-size: 18px;color: #000000\">19 g<\/span><\/td>\n<\/tr>\n<tr style=\"height: 7px\">\n<td style=\"width: 216px;height: 7px\"><span style=\"font-size: 18px;color: #000000\">Suola<\/span><\/td>\n<td style=\"width: 183.219px;height: 7px\"><span style=\"font-size: 18px;color: #000000\">0,19 g<\/span><\/td>\n<\/tr>\n<\/tbody>\n<\/table>\n","protected":false},"excerpt":{"rendered":"<p>Ainesosat: Broilerinmaksa 100%. S\u00e4ilytys: Pakastimessa: Alle -18\u2103:nl\u00e4mp\u00f6tilassa katso &#039;&#039;parasta ennen&#039;&#039;.J\u00e4\u00e4kaapissa: Alle 5\u2103:n l\u00e4mp\u00f6tilassa noin 24 tuntia. Ei saa pakastaa uudelleen<\/p>\n","protected":false},"featured_media":100753,"template":"","meta":{"om_disable_all_campaigns":false,"_monsterinsights_skip_tracking":false,"_monsterinsights_sitenote_active":false,"_monsterinsights_sitenote_note":"","_monsterinsights_sitenote_category":0},"location":[1422],"product_brand":[1423],"product_cat":[1464],"product_tag":[],"class_list":{"0":"post-42337","1":"product","2":"type-product","3":"status-publish","4":"has-post-thumbnail","6":"location-v","7":"product_brand-ararat-ari-food","8":"product_cat-pakasteet-en-2","9":"stock_type-ltk-en","11":"first","12":"instock","13":"taxable","14":"shipping-taxable","15":"purchasable","16":"product-type-simple"},"aioseo_notices":[],"locations":[{"id":1422,"name":"v","slug":"v","quantity":"204"}],"_links":{"self":[{"href":"https:\/\/araratfinland.com\/en\/wp-json\/wp\/v2\/product\/42337","targetHints":{"allow":["GET"]}}],"collection":[{"href":"https:\/\/araratfinland.com\/en\/wp-json\/wp\/v2\/product"}],"about":[{"href":"https:\/\/araratfinland.com\/en\/wp-json\/wp\/v2\/types\/product"}],"version-history":[{"count":1,"href":"https:\/\/araratfinland.com\/en\/wp-json\/wp\/v2\/product\/42337\/revisions"}],"predecessor-version":[{"id":49152,"href":"https:\/\/araratfinland.com\/en\/wp-json\/wp\/v2\/product\/42337\/revisions\/49152"}],"wp:featuredmedia":[{"embeddable":true,"href":"https:\/\/araratfinland.com\/en\/wp-json\/wp\/v2\/media\/100753"}],"wp:attachment":[{"href":"https:\/\/araratfinland.com\/en\/wp-json\/wp\/v2\/media?parent=42337"}],"wp:term":[{"taxonomy":"location","embeddable":true,"href":"https:\/\/araratfinland.com\/en\/wp-json\/wp\/v2\/location?post=42337"},{"taxonomy":"product_brand","embeddable":true,"href":"https:\/\/araratfinland.com\/en\/wp-json\/wp\/v2\/product_brand?post=42337"},{"taxonomy":"product_cat","embeddable":true,"href":"https:\/\/araratfinland.com\/en\/wp-json\/wp\/v2\/product_cat?post=42337"},{"taxonomy":"product_tag","embeddable":true,"href":"https:\/\/araratfinland.com\/en\/wp-json\/wp\/v2\/product_tag?post=42337"}],"curies":[{"name":"wp","href":"https:\/\/api.w.org\/{rel}","templated":true}]}}