{"id":42325,"date":"2024-06-02T02:14:26","date_gmt":"2024-06-01T23:14:26","guid":{"rendered":"https:\/\/araratfinland.com\/product\/baladi-kanan-rintafile-5x2kg\/"},"modified":"2025-09-15T14:24:30","modified_gmt":"2025-09-15T11:24:30","slug":"baladi-kanan-rintafile-5x2kg","status":"publish","type":"product","link":"https:\/\/araratfinland.com\/en\/product\/baladi-kanan-rintafile-5x2kg\/","title":{"rendered":"Baladi kanan rintafile 5x2kg"},"content":{"rendered":"<h4><span style=\"font-size: 18px;color: #000000\"><strong>Broilerin rintafile Luokka &#8211; A.<\/strong><\/span><\/h4>\n<h4><span style=\"font-size: 18px;color: #000000\"><strong>Ainesosat:<\/strong> Kananliha 70%, vesi,<br \/>happamuudens\u00e4\u00e4t\u00f6aineet (E331, E500),<br \/>glukoosisiirappi, suola.<\/span><\/h4>\n<h4><span style=\"font-size: 18px;color: #000000\"><strong>S\u00e4ilytys: <\/strong>Pakastimessa: Alle -18\u2103:n l\u00e4mp\u00f6tilassa<br \/>katso &#039;&#039;parasta ennen&#039;&#039;.<\/span><\/h4>\n<h4><span style=\"font-size: 18px;color: #000000\"><strong>J\u00e4\u00e4kaapissa:<\/strong> Alle 5\u2103:n l\u00e4mp\u00f6tilassa noin 24 tuntia.<\/span><\/h4>\n<h4><span style=\"font-size: 18px;color: #000000\"><strong>Ei saa pakastaa uudelleen sulattamisen j\u00e4\u00e4lkeen.<\/strong><\/span><\/h4>\n<table style=\"height: 361px;width: 380.969px\">\n<tbody>\n<tr style=\"height: 29px\">\n<td style=\"width: 360.969px;height: 29px\" colspan=\"2\"><span style=\"font-size: 18px;color: #000000\"><strong>Ravintosis\u00e4lt\u00f6 per 100g<\/strong><\/span><\/td>\n<\/tr>\n<\/tbody>\n<tbody>\n<tr style=\"height: 19px\">\n<td style=\"width: 205px;height: 19px\"><span style=\"font-size: 18px;color: #000000\">Energiaa<\/span><\/td>\n<td style=\"width: 155.969px;height: 19px\"><span style=\"font-size: 18px;color: #000000\">386 kj \/ 91 kcal<\/span><\/td>\n<\/tr>\n<tr style=\"height: 23px\">\n<td style=\"width: 205px;height: 23px\"><span style=\"font-size: 18px;color: #000000\">Rasva<\/span><\/td>\n<td style=\"width: 155.969px;height: 23px\"><span style=\"font-size: 18px;color: #000000\">2,2 g<\/span><\/td>\n<\/tr>\n<tr style=\"height: 13px\">\n<td style=\"width: 205px;height: 13px\"><span style=\"font-size: 18px;color: #000000\">josta tyydyttynytt\u00e4<\/span><\/td>\n<td style=\"width: 155.969px;height: 13px\"><span style=\"font-size: 18px;color: #000000\">0,4 g<\/span><\/td>\n<\/tr>\n<tr style=\"height: 4px\">\n<td style=\"width: 205px;height: 4px\"><span style=\"font-size: 18px;color: #000000\">Hiilihydraatit<\/span><\/td>\n<td style=\"width: 155.969px;height: 4px\"><span style=\"font-size: 18px;color: #000000\">1,4 g<\/span><\/td>\n<\/tr>\n<tr style=\"height: 12px\">\n<td style=\"width: 205px;height: 12px\"><span style=\"font-size: 18px;color: #000000\">josta sokereita<\/span><\/td>\n<td style=\"width: 155.969px;height: 12px\"><span style=\"font-size: 18px;color: #000000\">0,3 g<\/span><\/td>\n<\/tr>\n<tr style=\"height: 22px\">\n<td style=\"width: 205px;height: 22px\"><span style=\"font-size: 18px;color: #000000\">Proteiini<\/span><\/td>\n<td style=\"width: 155.969px;height: 22px\"><span style=\"font-size: 18px;color: #000000\">16,5 g<\/span><\/td>\n<\/tr>\n<tr style=\"height: 12.9844px\">\n<td style=\"width: 205px;height: 12.9844px\"><span style=\"font-size: 18px;color: #000000\">Suola<\/span><\/td>\n<td style=\"width: 155.969px;height: 12.9844px\"><span style=\"font-size: 18px;color: #000000\">1,4 g<\/span><\/td>\n<\/tr>\n<\/tbody>\n<\/table>\n","protected":false},"excerpt":{"rendered":"<p>Broilerin rintafile Luokka &#8211; A. Ainesosat: Kananliha 70%, vesi,happamuudens\u00e4\u00e4t\u00f6aineet (E331, E500),glukoosisiirappi, suola. S\u00e4ilytys: Pakastimessa: Alle -18\u2103:n l\u00e4mp\u00f6tilassakatso &#039;&#039;parasta ennen&#039;&#039;. J\u00e4\u00e4kaapissa:<\/p>\n","protected":false},"featured_media":91970,"template":"","meta":{"om_disable_all_campaigns":false,"_monsterinsights_skip_tracking":false,"_monsterinsights_sitenote_active":false,"_monsterinsights_sitenote_note":"","_monsterinsights_sitenote_category":0},"location":[1422],"product_brand":[1423],"product_cat":[1464],"product_tag":[],"class_list":{"0":"post-42325","1":"product","2":"type-product","3":"status-publish","4":"has-post-thumbnail","6":"location-v","7":"product_brand-ararat-ari-food","8":"product_cat-pakasteet-en-2","9":"stock_type-ltk-en","11":"first","12":"instock","13":"taxable","14":"shipping-taxable","15":"purchasable","16":"product-type-simple"},"aioseo_notices":[],"locations":[{"id":1422,"name":"v","slug":"v","quantity":"288"}],"_links":{"self":[{"href":"https:\/\/araratfinland.com\/en\/wp-json\/wp\/v2\/product\/42325","targetHints":{"allow":["GET"]}}],"collection":[{"href":"https:\/\/araratfinland.com\/en\/wp-json\/wp\/v2\/product"}],"about":[{"href":"https:\/\/araratfinland.com\/en\/wp-json\/wp\/v2\/types\/product"}],"version-history":[{"count":5,"href":"https:\/\/araratfinland.com\/en\/wp-json\/wp\/v2\/product\/42325\/revisions"}],"predecessor-version":[{"id":90719,"href":"https:\/\/araratfinland.com\/en\/wp-json\/wp\/v2\/product\/42325\/revisions\/90719"}],"wp:featuredmedia":[{"embeddable":true,"href":"https:\/\/araratfinland.com\/en\/wp-json\/wp\/v2\/media\/91970"}],"wp:attachment":[{"href":"https:\/\/araratfinland.com\/en\/wp-json\/wp\/v2\/media?parent=42325"}],"wp:term":[{"taxonomy":"location","embeddable":true,"href":"https:\/\/araratfinland.com\/en\/wp-json\/wp\/v2\/location?post=42325"},{"taxonomy":"product_brand","embeddable":true,"href":"https:\/\/araratfinland.com\/en\/wp-json\/wp\/v2\/product_brand?post=42325"},{"taxonomy":"product_cat","embeddable":true,"href":"https:\/\/araratfinland.com\/en\/wp-json\/wp\/v2\/product_cat?post=42325"},{"taxonomy":"product_tag","embeddable":true,"href":"https:\/\/araratfinland.com\/en\/wp-json\/wp\/v2\/product_tag?post=42325"}],"curies":[{"name":"wp","href":"https:\/\/api.w.org\/{rel}","templated":true}]}}