{"id":42317,"date":"2024-06-02T02:14:24","date_gmt":"2024-06-01T23:14:24","guid":{"rendered":"https:\/\/araratfinland.com\/product\/black-tilapia-800-iqf-2\/"},"modified":"2025-11-10T12:46:17","modified_gmt":"2025-11-10T10:46:17","slug":"black-tilapia-800-iqf-2","status":"publish","type":"product","link":"https:\/\/araratfinland.com\/en\/product\/black-tilapia-800-iqf-2\/","title":{"rendered":"Black tilapia 800 IQF"},"content":{"rendered":"<h4><span style=\"font-size: 20px\"><strong>Ainesosat:<\/strong> Tilapia 100%.<\/span><\/h4>\n<h4><span style=\"font-size: 20px\"><strong>Allergia: Sis\u00e4lt\u00e4\u00e4 kalaa.<\/strong><\/span><\/h4>\n<h4><span style=\"font-size: 20px\"><strong>S\u00e4ilytys: <\/strong>Pakastimessa:<br \/>Alle -18\u2103:n l\u00e4mp\u00f6tilassa katso &#039;&#039;parasta ennen&#039;&#039;.<br \/><\/span><span style=\"font-size: 20px\"><strong>Ei saa pakastaa uudelleen sulattamisen\u00a0 j\u00e4\u00e4lkeen.<\/strong><\/span><\/h4>\n<table style=\"height: 361px\" width=\"254\">\n<tbody>\n<tr>\n<td colspan=\"2\"><span style=\"font-size: 20px\"><strong>Ravintosis\u00e4lt\u00f6 per 100g<\/strong><\/span><\/td>\n<\/tr>\n<\/tbody>\n<tbody>\n<tr>\n<td><span style=\"font-size: 20px\">Energiaa<\/span><\/td>\n<td><span style=\"font-size: 20px\">355 kJ\/85 kcal<\/span><\/td>\n<\/tr>\n<tr>\n<td><span style=\"font-size: 20px\">Rasva<\/span><\/td>\n<td><span style=\"font-size: 20px\">2,5 g<\/span><\/td>\n<\/tr>\n<tr>\n<td><span style=\"font-size: 20px\">josta tyydyttynytt\u00e4<\/span><\/td>\n<td><span style=\"font-size: 20px\">0,4 g<\/span><\/td>\n<\/tr>\n<tr>\n<td><span style=\"font-size: 20px\">Hiilihydraatit<\/span><\/td>\n<td><span style=\"font-size: 20px\">1,5 g<\/span><\/td>\n<\/tr>\n<tr>\n<td><span style=\"font-size: 20px\">josta sokereita<\/span><\/td>\n<td><span style=\"font-size: 20px\">0,0 g<\/span><\/td>\n<\/tr>\n<tr>\n<td><span style=\"font-size: 20px\">Proteiini<\/span><\/td>\n<td><span style=\"font-size: 20px\">16,6 g<\/span><\/td>\n<\/tr>\n<tr>\n<td><span style=\"font-size: 20px\">Suola<\/span><\/td>\n<td><span style=\"font-size: 20px\"><\/p>\n","protected":false},"excerpt":{"rendered":"<p>Ainesosat: Tilapia 100%. Allergia: Sis\u00e4lt\u00e4\u00e4 kalaa. S\u00e4ilytys: Pakastimessa:Alle -18\u2103:n l\u00e4mp\u00f6tilassa katso &#039;&#039;parasta ennen&#039;&#039;.Ei saa pakastaa uudelleen sulattamisen\u00a0 j\u00e4\u00e4lkeen. Ravintosis\u00e4lt\u00f6 per<\/p>\n","protected":false},"featured_media":100057,"template":"","meta":{"om_disable_all_campaigns":false,"_monsterinsights_skip_tracking":false,"_monsterinsights_sitenote_active":false,"_monsterinsights_sitenote_note":"","_monsterinsights_sitenote_category":0},"location":[1422],"product_brand":[1423],"product_cat":[1464],"product_tag":[],"class_list":{"0":"post-42317","1":"product","2":"type-product","3":"status-publish","4":"has-post-thumbnail","6":"location-v","7":"product_brand-ararat-ari-food","8":"product_cat-pakasteet-en-2","9":"stock_type-kg-en","11":"first","12":"instock","13":"sale","14":"taxable","15":"shipping-taxable","16":"purchasable","17":"product-type-simple"},"aioseo_notices":[],"locations":[{"id":1422,"name":"v","slug":"v","quantity":"800"}],"_links":{"self":[{"href":"https:\/\/araratfinland.com\/en\/wp-json\/wp\/v2\/product\/42317","targetHints":{"allow":["GET"]}}],"collection":[{"href":"https:\/\/araratfinland.com\/en\/wp-json\/wp\/v2\/product"}],"about":[{"href":"https:\/\/araratfinland.com\/en\/wp-json\/wp\/v2\/types\/product"}],"version-history":[{"count":1,"href":"https:\/\/araratfinland.com\/en\/wp-json\/wp\/v2\/product\/42317\/revisions"}],"predecessor-version":[{"id":49169,"href":"https:\/\/araratfinland.com\/en\/wp-json\/wp\/v2\/product\/42317\/revisions\/49169"}],"wp:featuredmedia":[{"embeddable":true,"href":"https:\/\/araratfinland.com\/en\/wp-json\/wp\/v2\/media\/100057"}],"wp:attachment":[{"href":"https:\/\/araratfinland.com\/en\/wp-json\/wp\/v2\/media?parent=42317"}],"wp:term":[{"taxonomy":"location","embeddable":true,"href":"https:\/\/araratfinland.com\/en\/wp-json\/wp\/v2\/location?post=42317"},{"taxonomy":"product_brand","embeddable":true,"href":"https:\/\/araratfinland.com\/en\/wp-json\/wp\/v2\/product_brand?post=42317"},{"taxonomy":"product_cat","embeddable":true,"href":"https:\/\/araratfinland.com\/en\/wp-json\/wp\/v2\/product_cat?post=42317"},{"taxonomy":"product_tag","embeddable":true,"href":"https:\/\/araratfinland.com\/en\/wp-json\/wp\/v2\/product_tag?post=42317"}],"curies":[{"name":"wp","href":"https:\/\/api.w.org\/{rel}","templated":true}]}}