{"id":42312,"date":"2024-06-02T02:14:24","date_gmt":"2024-06-01T23:14:24","guid":{"rendered":"https:\/\/araratfinland.com\/product\/nc-riisi-makaroni-500g\/"},"modified":"2025-09-11T14:38:39","modified_gmt":"2025-09-11T11:38:39","slug":"nc-riisi-makaroni-500g","status":"publish","type":"product","link":"https:\/\/araratfinland.com\/en\/product\/nc-riisi-makaroni-500g\/","title":{"rendered":"NC Riisi Makaroni 500g"},"content":{"rendered":"<h4><span style=\"color: #000000\"><strong><span style=\"font-size: 19px\">Makkaroni.<\/span><\/strong><\/span><\/h4>\n<h4><span style=\"font-size: 19px;color: #000000\"><strong>Ainesosat: Jauho,\u00a0<\/strong>vesi, suola.<\/span><\/h4>\n<h4><span style=\"font-size: 19px;color: #000000\"><strong>S\u00e4ilytys:<\/strong>\u00a0Avaamisen j\u00e4lkeen s\u00e4ilyt\u00e4<br \/>j\u00e4\u00e4kaapissa.<\/span><\/h4>\n","protected":false},"excerpt":{"rendered":"<p>Makkaroni. Ainesosat: Jauho,\u00a0vesi, suola. S\u00e4ilytys:\u00a0Avaamisen j\u00e4lkeen s\u00e4ilyt\u00e4j\u00e4\u00e4kaapissa.<\/p>\n","protected":false},"featured_media":90261,"template":"","meta":{"om_disable_all_campaigns":false,"_monsterinsights_skip_tracking":false,"_monsterinsights_sitenote_active":false,"_monsterinsights_sitenote_note":"","_monsterinsights_sitenote_category":0},"location":[1422],"product_brand":[1423],"product_cat":[1346],"product_tag":[],"class_list":{"0":"post-42312","1":"product","2":"type-product","3":"status-publish","4":"has-post-thumbnail","6":"location-v","7":"product_brand-ararat-ari-food","8":"product_cat-kuiva-tuotteet-fi","9":"stock_type-kpl-en","11":"first","12":"instock","13":"taxable","14":"shipping-taxable","15":"purchasable","16":"product-type-simple"},"aioseo_notices":[],"locations":[{"id":1422,"name":"v","slug":"v","quantity":"55"}],"_links":{"self":[{"href":"https:\/\/araratfinland.com\/en\/wp-json\/wp\/v2\/product\/42312","targetHints":{"allow":["GET"]}}],"collection":[{"href":"https:\/\/araratfinland.com\/en\/wp-json\/wp\/v2\/product"}],"about":[{"href":"https:\/\/araratfinland.com\/en\/wp-json\/wp\/v2\/types\/product"}],"version-history":[{"count":1,"href":"https:\/\/araratfinland.com\/en\/wp-json\/wp\/v2\/product\/42312\/revisions"}],"predecessor-version":[{"id":46639,"href":"https:\/\/araratfinland.com\/en\/wp-json\/wp\/v2\/product\/42312\/revisions\/46639"}],"wp:featuredmedia":[{"embeddable":true,"href":"https:\/\/araratfinland.com\/en\/wp-json\/wp\/v2\/media\/90261"}],"wp:attachment":[{"href":"https:\/\/araratfinland.com\/en\/wp-json\/wp\/v2\/media?parent=42312"}],"wp:term":[{"taxonomy":"location","embeddable":true,"href":"https:\/\/araratfinland.com\/en\/wp-json\/wp\/v2\/location?post=42312"},{"taxonomy":"product_brand","embeddable":true,"href":"https:\/\/araratfinland.com\/en\/wp-json\/wp\/v2\/product_brand?post=42312"},{"taxonomy":"product_cat","embeddable":true,"href":"https:\/\/araratfinland.com\/en\/wp-json\/wp\/v2\/product_cat?post=42312"},{"taxonomy":"product_tag","embeddable":true,"href":"https:\/\/araratfinland.com\/en\/wp-json\/wp\/v2\/product_tag?post=42312"}],"curies":[{"name":"wp","href":"https:\/\/api.w.org\/{rel}","templated":true}]}}