{"id":42304,"date":"2024-06-02T02:14:22","date_gmt":"2024-06-01T23:14:22","guid":{"rendered":"https:\/\/araratfinland.com\/product\/najjar-kardemummakahvi-450g\/"},"modified":"2025-10-27T13:07:18","modified_gmt":"2025-10-27T11:07:18","slug":"najjar-kardemummakahvi-450g","status":"publish","type":"product","link":"https:\/\/araratfinland.com\/en\/product\/najjar-kardemummakahvi-450g\/","title":{"rendered":"Najjar Kardemummakahvi 450g"},"content":{"rendered":"<h3 data-start=\"89\" data-end=\"118\"><strong data-start=\"93\" data-end=\"116\">Kahvi kardemummalla<\/strong><\/h3>\n<p data-start=\"119\" data-end=\"194\"><strong data-start=\"119\" data-end=\"133\">Ainesosat:<\/strong> Puhdas brasilialainen jauhettu kahvi, jauhettu kardemumma.<\/p>\n<p data-start=\"196\" data-end=\"356\"><strong data-start=\"196\" data-end=\"209\">S\u00e4ilytys:<\/strong> S\u00e4ilyt\u00e4 viile\u00e4ss\u00e4 ja kuivassa paikassa, poissa suorasta auringonvalosta.<br data-start=\"282\" data-end=\"285\" \/> <strong data-start=\"285\" data-end=\"301\">Alkuper\u00e4maa:<\/strong> Libanon<\/p>\n","protected":false},"excerpt":{"rendered":"<p>Kahvi kardemummalla Ainesosat: Puhdas brasilialainen jauhettu kahvi, jauhettu kardemumma. S\u00e4ilytys: S\u00e4ilyt\u00e4 viile\u00e4ss\u00e4 ja kuivassa paikassa, poissa suorasta auringonvalosta. Alkuper\u00e4maa: Libanon<\/p>\n","protected":false},"featured_media":98149,"template":"","meta":{"om_disable_all_campaigns":false,"_monsterinsights_skip_tracking":false,"_monsterinsights_sitenote_active":false,"_monsterinsights_sitenote_note":"","_monsterinsights_sitenote_category":0},"location":[1422],"product_brand":[1423],"product_cat":[1340],"product_tag":[],"class_list":{"0":"post-42304","1":"product","2":"type-product","3":"status-publish","4":"has-post-thumbnail","6":"location-v","7":"product_brand-ararat-ari-food","8":"product_cat-teet-kahvit-fi","9":"stock_type-pcs-en","11":"first","12":"instock","13":"taxable","14":"shipping-taxable","15":"purchasable","16":"product-type-simple"},"aioseo_notices":[],"locations":[{"id":1422,"name":"v","slug":"v","quantity":"55"}],"_links":{"self":[{"href":"https:\/\/araratfinland.com\/en\/wp-json\/wp\/v2\/product\/42304","targetHints":{"allow":["GET"]}}],"collection":[{"href":"https:\/\/araratfinland.com\/en\/wp-json\/wp\/v2\/product"}],"about":[{"href":"https:\/\/araratfinland.com\/en\/wp-json\/wp\/v2\/types\/product"}],"version-history":[{"count":1,"href":"https:\/\/araratfinland.com\/en\/wp-json\/wp\/v2\/product\/42304\/revisions"}],"predecessor-version":[{"id":98151,"href":"https:\/\/araratfinland.com\/en\/wp-json\/wp\/v2\/product\/42304\/revisions\/98151"}],"wp:featuredmedia":[{"embeddable":true,"href":"https:\/\/araratfinland.com\/en\/wp-json\/wp\/v2\/media\/98149"}],"wp:attachment":[{"href":"https:\/\/araratfinland.com\/en\/wp-json\/wp\/v2\/media?parent=42304"}],"wp:term":[{"taxonomy":"location","embeddable":true,"href":"https:\/\/araratfinland.com\/en\/wp-json\/wp\/v2\/location?post=42304"},{"taxonomy":"product_brand","embeddable":true,"href":"https:\/\/araratfinland.com\/en\/wp-json\/wp\/v2\/product_brand?post=42304"},{"taxonomy":"product_cat","embeddable":true,"href":"https:\/\/araratfinland.com\/en\/wp-json\/wp\/v2\/product_cat?post=42304"},{"taxonomy":"product_tag","embeddable":true,"href":"https:\/\/araratfinland.com\/en\/wp-json\/wp\/v2\/product_tag?post=42304"}],"curies":[{"name":"wp","href":"https:\/\/api.w.org\/{rel}","templated":true}]}}