{"id":42292,"date":"2024-06-02T02:14:19","date_gmt":"2024-06-01T23:14:19","guid":{"rendered":"https:\/\/araratfinland.com\/product\/delta-maitoleipa-420g\/"},"modified":"2025-11-13T10:22:29","modified_gmt":"2025-11-13T08:22:29","slug":"delta-maitoleipa-420g","status":"publish","type":"product","link":"https:\/\/araratfinland.com\/en\/product\/delta-maitoleipa-420g\/","title":{"rendered":"Maitoleip\u00e4 \/ milkbread"},"content":{"rendered":"<p><strong><span style=\"font-size: 18px\">Maito leip\u00e4.<\/span><\/strong><\/p>\n<p><span style=\"font-size: 18px\"><span style=\"font-size: 18px\"><strong>Ainesosat:<\/strong> <strong>Vehn\u00e4<\/strong>jauho, sokeri, <strong>kanamunat<\/strong>,<br \/>kasvirasva (palmu\u00f6ljy), vesi, <strong>voi<\/strong>\u00f6ljy, <strong>vehn\u00e4<\/strong>kuitu,<br \/>hiiv\u00e4, <strong>maito<\/strong>jauhe 1,7%, <strong>vehn\u00e4gluteeni<\/strong>, suola,<br \/>emulointiaine: E471 (kasvis) ja E472e, aromit<br \/>(kuten <strong>vehn\u00e4\u00e4<\/strong>), s\u00e4il\u00f6nt\u00e4aineet: E200 ja E282,<br \/>antioksidantti: E300, v\u00e4ri E160a.<br \/><\/span><\/span> <\/p>\n<h4><span style=\"font-size: 18px\"><strong>S\u00e4ilytys: <\/strong>Viile\u00e4ss\u00e4 ja kuivassa paikassa.<br \/><\/span><\/h4>\n<table style=\"width: 339.047px\">\n<tbody>\n<tr style=\"height: 13px\">\n<td style=\"height: 13px;width: 328.047px\" colspan=\"2\"><span style=\"font-size: 18px\"><strong>Ravintosis\u00e4lt\u00f6 per 100g<\/strong><\/span><\/td>\n<\/tr>\n<\/tbody>\n<tbody>\n<tr style=\"height: 13px\">\n<td style=\"height: 13px;width: 160px\"><span style=\"font-size: 18px\">Energia<\/span><\/td>\n<td style=\"height: 13px;width: 168.047px\"><span style=\"font-size: 18px\">1548 kj \/368 kcal<\/span><\/td>\n<\/tr>\n<tr style=\"height: 13px\">\n<td style=\"height: 13px;width: 160px\"><span style=\"font-size: 18px\">Rasva<\/span><\/td>\n<td style=\"height: 13px;width: 168.047px\"><span style=\"font-size: 18px\">12,6 g<\/span><\/td>\n<\/tr>\n<tr style=\"height: 13px\">\n<td style=\"height: 13px;width: 160px\"><span style=\"font-size: 18px\">josta tyydyttyneitt\u00e4<\/span><\/td>\n<td style=\"height: 13px;width: 168.047px\"><span style=\"font-size: 18px\">6,5 g<\/span><\/td>\n<\/tr>\n<tr style=\"height: 13px\">\n<td style=\"height: 13px;width: 160px\"><span style=\"font-size: 18px\">Hiilihydraatit<\/span><\/td>\n<td style=\"height: 13px;width: 168.047px\"><span style=\"font-size: 18px\">53,3 g<\/span><\/td>\n<\/tr>\n<tr style=\"height: 13px\">\n<td style=\"height: 13px;width: 160px\"><span style=\"font-size: 18px\">josta sokereita<\/span><\/td>\n<td style=\"height: 13px;width: 168.047px\"><span style=\"font-size: 18px\">13,3 g<\/span><\/td>\n<\/tr>\n<tr style=\"height: 13px\">\n<td style=\"height: 13px;width: 160px\"><span style=\"font-size: 18px\">Proteiini<\/span><\/td>\n<td style=\"height: 13px;width: 168.047px\"><span style=\"font-size: 18px\">8,8 g<\/span><\/td>\n<\/tr>\n<tr style=\"height: 13px\">\n<td style=\"height: 13px;width: 160px\"><span style=\"font-size: 18px\">Kuitu<br \/>Suola<\/span><\/td>\n<td style=\"height: 13px;width: 168.047px\"><span style=\"font-size: 18px\">3,3 g<br \/>0,8 g<\/span><\/td>\n<\/tr>\n<\/tbody>\n<\/table>\n","protected":false},"excerpt":{"rendered":"<p>Maito leip\u00e4. Ainesosat: Vehn\u00e4jauho, sokeri, kanamunat,kasvirasva (palmu\u00f6ljy), vesi, voi\u00f6ljy, vehn\u00e4kuitu,hiiv\u00e4, maitojauhe 1,7%, vehn\u00e4gluteeni, suola,emulointiaine: E471 (kasvis) ja E472e, aromit(kuten vehn\u00e4\u00e4),<\/p>\n","protected":false},"featured_media":100183,"template":"","meta":{"om_disable_all_campaigns":false,"_monsterinsights_skip_tracking":false,"_monsterinsights_sitenote_active":false,"_monsterinsights_sitenote_note":"","_monsterinsights_sitenote_category":0},"location":[1422],"product_brand":[1423],"product_cat":[1326],"product_tag":[],"class_list":{"0":"post-42292","1":"product","2":"type-product","3":"status-publish","4":"has-post-thumbnail","6":"location-v","7":"product_brand-ararat-ari-food","8":"product_cat-keksit-leivokset-fi","9":"stock_type-pss-en","11":"first","12":"instock","13":"taxable","14":"shipping-taxable","15":"purchasable","16":"product-type-simple"},"aioseo_notices":[],"locations":[{"id":1422,"name":"v","slug":"v","quantity":"300"}],"_links":{"self":[{"href":"https:\/\/araratfinland.com\/en\/wp-json\/wp\/v2\/product\/42292","targetHints":{"allow":["GET"]}}],"collection":[{"href":"https:\/\/araratfinland.com\/en\/wp-json\/wp\/v2\/product"}],"about":[{"href":"https:\/\/araratfinland.com\/en\/wp-json\/wp\/v2\/types\/product"}],"version-history":[{"count":2,"href":"https:\/\/araratfinland.com\/en\/wp-json\/wp\/v2\/product\/42292\/revisions"}],"predecessor-version":[{"id":76030,"href":"https:\/\/araratfinland.com\/en\/wp-json\/wp\/v2\/product\/42292\/revisions\/76030"}],"wp:featuredmedia":[{"embeddable":true,"href":"https:\/\/araratfinland.com\/en\/wp-json\/wp\/v2\/media\/100183"}],"wp:attachment":[{"href":"https:\/\/araratfinland.com\/en\/wp-json\/wp\/v2\/media?parent=42292"}],"wp:term":[{"taxonomy":"location","embeddable":true,"href":"https:\/\/araratfinland.com\/en\/wp-json\/wp\/v2\/location?post=42292"},{"taxonomy":"product_brand","embeddable":true,"href":"https:\/\/araratfinland.com\/en\/wp-json\/wp\/v2\/product_brand?post=42292"},{"taxonomy":"product_cat","embeddable":true,"href":"https:\/\/araratfinland.com\/en\/wp-json\/wp\/v2\/product_cat?post=42292"},{"taxonomy":"product_tag","embeddable":true,"href":"https:\/\/araratfinland.com\/en\/wp-json\/wp\/v2\/product_tag?post=42292"}],"curies":[{"name":"wp","href":"https:\/\/api.w.org\/{rel}","templated":true}]}}