{"id":42285,"date":"2024-06-02T02:14:18","date_gmt":"2024-06-01T23:14:18","guid":{"rendered":"https:\/\/araratfinland.com\/product\/sebahat-viikunahillo-360-g\/"},"modified":"2025-07-28T15:33:13","modified_gmt":"2025-07-28T12:33:13","slug":"sebahat-viikunahillo-360-g","status":"publish","type":"product","link":"https:\/\/araratfinland.com\/en\/product\/sebahat-viikunahillo-360-g\/","title":{"rendered":"Sebahat viikunahillo 360 g"},"content":{"rendered":"<h4><span style=\"font-size: 18px;color: #000000\"><strong>Viikunahillo.<\/strong><\/span><\/h4>\n<h4><span style=\"font-size: 18px;color: #000000\"><strong>Ainesosat: <\/strong>Viikunat (50%), glukoosi-<br \/>fruktoosisiirappi, sokeri, happamuuden<br \/>lis\u00e4\u00e4j\u00e4: sitruunahappo, hyytel\u00f6imisaine:pektiini.<br \/>Valmistettu 50 g: lla hedelmi\u00e4 \/ 100 g.<br \/>kokonaissokeripitoisuus 69 g \/ 100 g.<\/span><\/h4>\n<h4><span style=\"font-size: 18px;color: #000000\"><strong>S\u00e4ilytys: <\/strong>Kuivassa ja viile\u00e4ss\u00e4 paikassa.<\/span><\/h4>\n<table style=\"width: 378.047px\">\n<tbody>\n<tr style=\"height: 22px\">\n<td style=\"width: 360.047px;height: 22px\" colspan=\"2\"><span style=\"font-size: 18px;color: #000000\"><strong>Ravintosis\u00e4lt\u00f6 per 100g<\/strong><\/span><\/td>\n<\/tr>\n<\/tbody>\n<tbody>\n<tr style=\"height: 22px\">\n<td style=\"width: 187px;height: 22px\"><span style=\"font-size: 18px;color: #000000\">Energia<\/span><\/td>\n<td style=\"width: 173.047px;height: 22px\"><span style=\"font-size: 18px;color: #000000\">1161 kJ \/273 kcal<\/span><\/td>\n<\/tr>\n<tr style=\"height: 21.8125px\">\n<td style=\"width: 187px;height: 21.8125px\"><span style=\"font-size: 18px;color: #000000\">Rasva<\/span><\/td>\n<td style=\"width: 173.047px;height: 21.8125px\"><span style=\"font-size: 18px;color: #000000\">0,6 g<\/span><\/td>\n<\/tr>\n<tr style=\"height: 17px\">\n<td style=\"width: 187px;height: 17px\"><span style=\"font-size: 18px;color: #000000\">josta tyydyttyneitt\u00e4<\/span><\/td>\n<td style=\"width: 173.047px;height: 17px\"><span style=\"font-size: 18px;color: #000000\">0 g<\/span><\/td>\n<\/tr>\n<tr style=\"height: 22px\">\n<td style=\"width: 187px;height: 22px\"><span style=\"font-size: 18px;color: #000000\">Hiilihydraatit<\/span><\/td>\n<td style=\"width: 173.047px;height: 22px\"><span style=\"font-size: 18px;color: #000000\">67 g<\/span><\/td>\n<\/tr>\n<tr style=\"height: 22px\">\n<td style=\"width: 187px;height: 22px\"><span style=\"font-size: 18px;color: #000000\">josta sokereita<\/span><\/td>\n<td style=\"width: 173.047px;height: 22px\"><span style=\"font-size: 18px;color: #000000\">58 g<\/span><\/td>\n<\/tr>\n<tr style=\"height: 22px\">\n<td style=\"width: 187px;height: 22px\"><span style=\"font-size: 18px;color: #000000\">Proteiini<\/span><\/td>\n<td style=\"width: 173.047px;height: 22px\"><span style=\"font-size: 18px;color: #000000\">0,7 g<\/span><\/td>\n<\/tr>\n<tr style=\"height: 22px\">\n<td style=\"width: 187px;height: 22px\"><span style=\"font-size: 18px;color: #000000\">Suola<\/span><\/td>\n<td style=\"width: 173.047px;height: 22px\"><span style=\"font-size: 18px;color: #000000\">0 g<\/span><\/td>\n<\/tr>\n<\/tbody>\n<\/table>\n","protected":false},"excerpt":{"rendered":"<p>Viikunahillo. Ainesosat: Viikunat (50%), glukoosi-fruktoosisiirappi, sokeri, happamuudenlis\u00e4\u00e4j\u00e4: sitruunahappo, hyytel\u00f6imisaine:pektiini.Valmistettu 50 g: lla hedelmi\u00e4 \/ 100 g.kokonaissokeripitoisuus 69 g \/ 100<\/p>\n","protected":false},"featured_media":83294,"template":"","meta":{"om_disable_all_campaigns":false,"_monsterinsights_skip_tracking":false,"_monsterinsights_sitenote_active":false,"_monsterinsights_sitenote_note":"","_monsterinsights_sitenote_category":0},"location":[1422],"product_brand":[1423],"product_cat":[1333],"product_tag":[],"class_list":{"0":"post-42285","1":"product","2":"type-product","3":"status-publish","4":"has-post-thumbnail","6":"location-v","7":"product_brand-ararat-ari-food","8":"product_cat-hillot-siirapit-en","9":"stock_type-lasi-en","11":"first","12":"instock","13":"taxable","14":"shipping-taxable","15":"purchasable","16":"product-type-simple"},"aioseo_notices":[],"locations":[{"id":1422,"name":"v","slug":"v","quantity":"168"}],"_links":{"self":[{"href":"https:\/\/araratfinland.com\/en\/wp-json\/wp\/v2\/product\/42285","targetHints":{"allow":["GET"]}}],"collection":[{"href":"https:\/\/araratfinland.com\/en\/wp-json\/wp\/v2\/product"}],"about":[{"href":"https:\/\/araratfinland.com\/en\/wp-json\/wp\/v2\/types\/product"}],"version-history":[{"count":1,"href":"https:\/\/araratfinland.com\/en\/wp-json\/wp\/v2\/product\/42285\/revisions"}],"predecessor-version":[{"id":46568,"href":"https:\/\/araratfinland.com\/en\/wp-json\/wp\/v2\/product\/42285\/revisions\/46568"}],"wp:featuredmedia":[{"embeddable":true,"href":"https:\/\/araratfinland.com\/en\/wp-json\/wp\/v2\/media\/83294"}],"wp:attachment":[{"href":"https:\/\/araratfinland.com\/en\/wp-json\/wp\/v2\/media?parent=42285"}],"wp:term":[{"taxonomy":"location","embeddable":true,"href":"https:\/\/araratfinland.com\/en\/wp-json\/wp\/v2\/location?post=42285"},{"taxonomy":"product_brand","embeddable":true,"href":"https:\/\/araratfinland.com\/en\/wp-json\/wp\/v2\/product_brand?post=42285"},{"taxonomy":"product_cat","embeddable":true,"href":"https:\/\/araratfinland.com\/en\/wp-json\/wp\/v2\/product_cat?post=42285"},{"taxonomy":"product_tag","embeddable":true,"href":"https:\/\/araratfinland.com\/en\/wp-json\/wp\/v2\/product_tag?post=42285"}],"curies":[{"name":"wp","href":"https:\/\/api.w.org\/{rel}","templated":true}]}}