{"id":42279,"date":"2024-06-02T02:14:17","date_gmt":"2024-06-01T23:14:17","guid":{"rendered":"https:\/\/araratfinland.com\/product\/qibbla-shawrma-kana-16x600-g-2\/"},"modified":"2025-10-09T10:43:50","modified_gmt":"2025-10-09T07:43:50","slug":"qibbla-shawrma-kana-16x600-g-2","status":"publish","type":"product","link":"https:\/\/araratfinland.com\/en\/product\/qibbla-shawrma-kana-16x600-g-2\/","title":{"rendered":"Qibbla shawrma kana 16&#215;600 g"},"content":{"rendered":"<h4><span style=\"font-size: 19px;color: #000000\"><strong>Shawrma kana.<\/strong><\/span><\/h4>\n<h4><span style=\"font-size: 19px;color: #000000\"><strong>Ainesosat:<\/strong> Kananlihaa 85%, vesi,<br \/>tomaattipyree, etikka, mausteet,<br \/>suola, sitruunamehu.<\/span><\/h4>\n<h4><span style=\"font-size: 19px;color: #000000\"><strong>S\u00e4ilytys: <\/strong>S\u00e4ilyt\u00e4 pakastimessa.<\/span><\/h4>\n<table style=\"height: 361px;width: 409.125px\">\n<tbody>\n<tr style=\"height: 2px\">\n<td style=\"height: 2px;width: 391.125px\" colspan=\"2\"><span style=\"font-size: 19px;color: #000000\"><strong>Ravintosis\u00e4lt\u00f6 per 100g<\/strong><\/span><\/td>\n<\/tr>\n<\/tbody>\n<tbody>\n<tr style=\"height: 7px\">\n<td style=\"height: 7px;width: 209px\"><span style=\"font-size: 19px;color: #000000\">Energiaa<\/span><\/td>\n<td style=\"height: 7px;width: 182.125px\"><span style=\"font-size: 19px;color: #000000\">808 kJ \/ 193 kcal<\/span><\/td>\n<\/tr>\n<tr style=\"height: 1px\">\n<td style=\"height: 1px;width: 209px\"><span style=\"font-size: 19px;color: #000000\">Rasva<\/span><\/td>\n<td style=\"height: 1px;width: 182.125px\"><span style=\"font-size: 19px;color: #000000\">12 g<\/span><\/td>\n<\/tr>\n<tr style=\"height: 3px\">\n<td style=\"height: 3px;width: 209px\"><span style=\"font-size: 19px;color: #000000\">josta tyydyttynytt\u00e4<\/span><\/td>\n<td style=\"height: 3px;width: 182.125px\"><span style=\"font-size: 19px;color: #000000\">3 g<\/span><\/td>\n<\/tr>\n<tr style=\"height: 12px\">\n<td style=\"height: 12px;width: 209px\"><span style=\"font-size: 19px;color: #000000\">Hiilihydraatit<\/span><\/td>\n<td style=\"height: 12px;width: 182.125px\"><span style=\"font-size: 19px;color: #000000\">0,9 g<\/span><\/td>\n<\/tr>\n<tr style=\"height: 9px\">\n<td style=\"height: 9px;width: 209px\"><span style=\"font-size: 19px;color: #000000\">josta sokereita<\/span><\/td>\n<td style=\"height: 9px;width: 182.125px\"><span style=\"font-size: 19px;color: #000000\">0,7 g<\/span><\/td>\n<\/tr>\n<tr style=\"height: 14px\">\n<td style=\"height: 14px;width: 209px\"><span style=\"font-size: 19px;color: #000000\">Proteiini<\/span><\/td>\n<td style=\"height: 14px;width: 182.125px\"><span style=\"font-size: 19px;color: #000000\">21 g<\/span><\/td>\n<\/tr>\n<tr style=\"height: 5px\">\n<td style=\"height: 5px;width: 209px\"><span style=\"font-size: 19px;color: #000000\">Suola<\/span><\/td>\n<td style=\"height: 5px;width: 182.125px\"><span style=\"font-size: 19px;color: #000000\">1,1 g<\/span><\/td>\n<\/tr>\n<\/tbody>\n<\/table>\n","protected":false},"excerpt":{"rendered":"<p>Shawrma kana. Ainesosat: Kananlihaa 85%, vesi,tomaattipyree, etikka, mausteet,suola, sitruunamehu. S\u00e4ilytys: S\u00e4ilyt\u00e4 pakastimessa. Ravintosis\u00e4lt\u00f6 per 100g Energiaa 808 kJ \/ 193<\/p>\n","protected":false},"featured_media":95933,"template":"","meta":{"om_disable_all_campaigns":false,"_monsterinsights_skip_tracking":false,"_monsterinsights_sitenote_active":false,"_monsterinsights_sitenote_note":"","_monsterinsights_sitenote_category":0},"location":[1422],"product_brand":[1423],"product_cat":[1464],"product_tag":[],"class_list":{"0":"post-42279","1":"product","2":"type-product","3":"status-publish","4":"has-post-thumbnail","6":"location-v","7":"product_brand-ararat-ari-food","8":"product_cat-pakasteet-en-2","9":"stock_type-ltk-en","11":"first","12":"instock","13":"taxable","14":"shipping-taxable","15":"purchasable","16":"product-type-simple"},"aioseo_notices":[],"locations":[{"id":1422,"name":"v","slug":"v","quantity":"6"}],"_links":{"self":[{"href":"https:\/\/araratfinland.com\/en\/wp-json\/wp\/v2\/product\/42279","targetHints":{"allow":["GET"]}}],"collection":[{"href":"https:\/\/araratfinland.com\/en\/wp-json\/wp\/v2\/product"}],"about":[{"href":"https:\/\/araratfinland.com\/en\/wp-json\/wp\/v2\/types\/product"}],"version-history":[{"count":1,"href":"https:\/\/araratfinland.com\/en\/wp-json\/wp\/v2\/product\/42279\/revisions"}],"predecessor-version":[{"id":49902,"href":"https:\/\/araratfinland.com\/en\/wp-json\/wp\/v2\/product\/42279\/revisions\/49902"}],"wp:featuredmedia":[{"embeddable":true,"href":"https:\/\/araratfinland.com\/en\/wp-json\/wp\/v2\/media\/95933"}],"wp:attachment":[{"href":"https:\/\/araratfinland.com\/en\/wp-json\/wp\/v2\/media?parent=42279"}],"wp:term":[{"taxonomy":"location","embeddable":true,"href":"https:\/\/araratfinland.com\/en\/wp-json\/wp\/v2\/location?post=42279"},{"taxonomy":"product_brand","embeddable":true,"href":"https:\/\/araratfinland.com\/en\/wp-json\/wp\/v2\/product_brand?post=42279"},{"taxonomy":"product_cat","embeddable":true,"href":"https:\/\/araratfinland.com\/en\/wp-json\/wp\/v2\/product_cat?post=42279"},{"taxonomy":"product_tag","embeddable":true,"href":"https:\/\/araratfinland.com\/en\/wp-json\/wp\/v2\/product_tag?post=42279"}],"curies":[{"name":"wp","href":"https:\/\/api.w.org\/{rel}","templated":true}]}}