{"id":42274,"date":"2024-06-02T02:14:16","date_gmt":"2024-06-01T23:14:16","guid":{"rendered":"https:\/\/araratfinland.com\/product\/el-maha-kana-lihasailyke-200g\/"},"modified":"2025-11-06T12:16:25","modified_gmt":"2025-11-06T10:16:25","slug":"el-maha-kana-lihasailyke-200g","status":"publish","type":"product","link":"https:\/\/araratfinland.com\/en\/product\/el-maha-kana-lihasailyke-200g\/","title":{"rendered":"El Maha Kana Lihas\u00e4ilyke 200g"},"content":{"rendered":"<h4><span style=\"color: #000000\"><span style=\"font-size: 18px\"><strong>Ainesosat: <\/strong>Koneellisesti eroteltu broilerin liha 80%, vesi,<br \/>perunat\u00e4rkkelys, suola,\u00a0<\/span><span style=\"font-size: 18px\"><strong>soijaproteiini<\/strong>, glukoosisiirappi,<br \/>perunakuituja, pippuri, stabilointiaine (difosfaatti),<br \/><\/span><span style=\"font-size: 18px\">valkosipuli, antioksidantti (askorbiinihappo), s\u00e4il\u00f6nt\u00e4aine<br \/>(natriumnitriitti). <\/p>\n<p><strong>Allergeeni:<\/strong><\/span><span style=\"font-size: 18px\"><strong><span style=\"font-family: Arial, sans-serif\">\u00a0<\/span><\/strong><strong>Soijaproteiini.<\/strong><\/span><\/span><\/h4>\n<h4 style=\"margin-top: 0cm;background-image: initial;background-position: initial;background-size: initial;background-repeat: initial;background-attachment: initial\"><span style=\"color: #000000\"><span style=\"font-size: 18px\"><strong>S\u00e4ilytys:<\/strong> Kuivassa ja huoneenl\u00e4mp\u00f6tilassa.<br \/>Avattu tuote j\u00e4\u00e4kapissa\u00a0<\/span><span style=\"font-size: 18px\">ja k\u00e4yt\u00e4 3 vrk:n<br \/>kuluessa avaamisesta.<\/span><\/span><\/h4>\n<h4><span style=\"font-size: 18px;color: #000000\"><strong>Valmistettu:<\/strong> Tanskassa.<\/span><\/h4>\n<div class=\"collapsible-container-content\">\n<div class=\"product-details-collapsible-padding nutritional-details\">\n<div class=\"nutritional-contents\">\n<table style=\"width: 415.188px\">\n<tbody>\n<tr>\n<td style=\"width: 394.188px\" colspan=\"2\"><span style=\"font-size: 18px;color: #000000\"><strong>Ravintosis\u00e4lt\u00f6 per 100g<\/strong><\/span><\/td>\n<\/tr>\n<\/tbody>\n<tbody>\n<tr>\n<td style=\"width: 216px\"><span style=\"font-size: 18px;color: #000000\">Energia<\/span><\/td>\n<td style=\"width: 178.188px\"><span style=\"font-size: 18px;color: #000000\">780 kJ \/ 186 kcal<\/span><\/td>\n<\/tr>\n<tr>\n<td style=\"width: 216px\"><span style=\"font-size: 18px;color: #000000\">Rasva<\/span><\/td>\n<td style=\"width: 178.188px\"><span style=\"font-size: 18px;color: #000000\">15 g<\/span><\/td>\n<\/tr>\n<tr>\n<td style=\"width: 216px\"><span style=\"font-size: 18px;color: #000000\">josta tyydyttynytt\u00e4<\/span><\/td>\n<td style=\"width: 178.188px\"><span style=\"font-size: 18px;color: #000000\">4 g<\/span><\/td>\n<\/tr>\n<tr>\n<td style=\"width: 216px\"><span style=\"font-size: 18px;color: #000000\">Hiilihydraatit<\/span><\/td>\n<td style=\"width: 178.188px\"><span style=\"font-size: 18px;color: #000000\">0-1 g<\/span><\/td>\n<\/tr>\n<tr>\n<td style=\"width: 216px\"><span style=\"font-size: 18px;color: #000000\">josta sokereita<\/span><\/td>\n<td style=\"width: 178.188px\"><span style=\"font-size: 18px;color: #000000\">0-1 g<\/span><\/td>\n<\/tr>\n<tr>\n<td style=\"width: 216px\"><span style=\"font-size: 18px;color: #000000\">Proteiini<\/span><\/td>\n<td style=\"width: 178.188px\"><span style=\"font-size: 18px;color: #000000\">15 g<\/span><\/td>\n<\/tr>\n<tr>\n<td style=\"width: 216px\"><span style=\"font-size: 18px;color: #000000\">Suola<\/span><\/td>\n<td style=\"width: 178.188px\"><span style=\"font-size: 18px;color: #000000\">2 g<\/span><\/td>\n<\/tr>\n<tr>\n<td style=\"width: 216px\"><span style=\"font-size: 18px;color: #000000\">Sodium<\/span><\/td>\n<td style=\"width: 178.188px\"><span style=\"font-size: 18px;color: #000000\">0,80 g<\/span><\/td>\n<\/tr>\n<\/tbody>\n<\/table><\/div>\n<\/p><\/div>\n<\/p><\/div>\n","protected":false},"excerpt":{"rendered":"<p>Ainesosat: Koneellisesti eroteltu broilerin liha 80%, vesi,perunat\u00e4rkkelys, suola,\u00a0soijaproteiini, glukoosisiirappi,perunakuituja, pippuri, stabilointiaine (difosfaatti),valkosipuli, antioksidantti (askorbiinihappo), s\u00e4il\u00f6nt\u00e4aine(natriumnitriitti). Allergeeni:\u00a0Soijaproteiini. S\u00e4ilytys: Kuivassa ja huoneenl\u00e4mp\u00f6tilassa.Avattu<\/p>\n","protected":false},"featured_media":98960,"template":"","meta":{"om_disable_all_campaigns":false,"_monsterinsights_skip_tracking":false,"_monsterinsights_sitenote_active":false,"_monsterinsights_sitenote_note":"","_monsterinsights_sitenote_category":0},"location":[1422],"product_brand":[1423],"product_cat":[1362],"product_tag":[],"class_list":{"0":"post-42274","1":"product","2":"type-product","3":"status-publish","4":"has-post-thumbnail","6":"location-v","7":"product_brand-ararat-ari-food","8":"product_cat-salamit-fi","9":"stock_type-prk-en","11":"first","12":"instock","13":"taxable","14":"shipping-taxable","15":"purchasable","16":"product-type-simple"},"aioseo_notices":[],"locations":[{"id":1422,"name":"v","slug":"v","quantity":"240"}],"_links":{"self":[{"href":"https:\/\/araratfinland.com\/en\/wp-json\/wp\/v2\/product\/42274","targetHints":{"allow":["GET"]}}],"collection":[{"href":"https:\/\/araratfinland.com\/en\/wp-json\/wp\/v2\/product"}],"about":[{"href":"https:\/\/araratfinland.com\/en\/wp-json\/wp\/v2\/types\/product"}],"version-history":[{"count":1,"href":"https:\/\/araratfinland.com\/en\/wp-json\/wp\/v2\/product\/42274\/revisions"}],"predecessor-version":[{"id":47193,"href":"https:\/\/araratfinland.com\/en\/wp-json\/wp\/v2\/product\/42274\/revisions\/47193"}],"wp:featuredmedia":[{"embeddable":true,"href":"https:\/\/araratfinland.com\/en\/wp-json\/wp\/v2\/media\/98960"}],"wp:attachment":[{"href":"https:\/\/araratfinland.com\/en\/wp-json\/wp\/v2\/media?parent=42274"}],"wp:term":[{"taxonomy":"location","embeddable":true,"href":"https:\/\/araratfinland.com\/en\/wp-json\/wp\/v2\/location?post=42274"},{"taxonomy":"product_brand","embeddable":true,"href":"https:\/\/araratfinland.com\/en\/wp-json\/wp\/v2\/product_brand?post=42274"},{"taxonomy":"product_cat","embeddable":true,"href":"https:\/\/araratfinland.com\/en\/wp-json\/wp\/v2\/product_cat?post=42274"},{"taxonomy":"product_tag","embeddable":true,"href":"https:\/\/araratfinland.com\/en\/wp-json\/wp\/v2\/product_tag?post=42274"}],"curies":[{"name":"wp","href":"https:\/\/api.w.org\/{rel}","templated":true}]}}