{"id":42267,"date":"2024-06-02T02:14:14","date_gmt":"2024-06-01T23:14:14","guid":{"rendered":"https:\/\/araratfinland.com\/product\/nidolin-naudanjalka-leikattu-10x1-kg\/"},"modified":"2025-11-03T12:59:03","modified_gmt":"2025-11-03T10:59:03","slug":"nidolin-naudanjalka-leikattu-10x1-kg","status":"publish","type":"product","link":"https:\/\/araratfinland.com\/en\/product\/nidolin-naudanjalka-leikattu-10x1-kg\/","title":{"rendered":"Nidolin naudanjalka leikattu 10&#215;1 kg"},"content":{"rendered":"<h4><span style=\"font-size: 19px;color: #000000\"><strong>Ainesosat: <\/strong>Naudanlihaa, sokeri.<\/span><\/h4>\n<h4><span style=\"font-size: 19px;color: #000000\"><strong>S\u00e4ilytys: <\/strong>Pakastimessa: Alle -18\u2103:n<br \/>l\u00e4mp\u00f6tilassa katso &#039;&#039;parasta ennen&#039;&#039;.<\/span><\/h4>\n<h4><span style=\"font-size: 19px;color: #000000\"><strong>Alkuperamaa: <\/strong>Irlanti.<\/span><\/h4>\n<h4><span style=\"font-size: 19px;color: #000000\"><strong>Ei saa pakastaa uudelleen sulattamisen<br \/>j\u00e4\u00e4lkeen.<\/strong><\/span><\/h4>\n","protected":false},"excerpt":{"rendered":"<p>Ainesosat: Naudanlihaa, sokeri. S\u00e4ilytys: Pakastimessa: Alle -18\u2103:nl\u00e4mp\u00f6tilassa katso &#039;&#039;parasta ennen&#039;&#039;. Alkuperamaa: Irlanti. Ei saa pakastaa uudelleen sulattamisenj\u00e4\u00e4lkeen.<\/p>\n","protected":false},"featured_media":98610,"template":"","meta":{"om_disable_all_campaigns":false,"_monsterinsights_skip_tracking":false,"_monsterinsights_sitenote_active":false,"_monsterinsights_sitenote_note":"","_monsterinsights_sitenote_category":0},"location":[1422],"product_brand":[1423],"product_cat":[1464],"product_tag":[],"class_list":{"0":"post-42267","1":"product","2":"type-product","3":"status-publish","4":"has-post-thumbnail","6":"location-v","7":"product_brand-ararat-ari-food","8":"product_cat-pakasteet-en-2","9":"stock_type-ltk-en","11":"first","12":"instock","13":"taxable","14":"shipping-taxable","15":"purchasable","16":"product-type-simple"},"aioseo_notices":[],"locations":[{"id":1422,"name":"v","slug":"v","quantity":"24"}],"_links":{"self":[{"href":"https:\/\/araratfinland.com\/en\/wp-json\/wp\/v2\/product\/42267","targetHints":{"allow":["GET"]}}],"collection":[{"href":"https:\/\/araratfinland.com\/en\/wp-json\/wp\/v2\/product"}],"about":[{"href":"https:\/\/araratfinland.com\/en\/wp-json\/wp\/v2\/types\/product"}],"version-history":[{"count":1,"href":"https:\/\/araratfinland.com\/en\/wp-json\/wp\/v2\/product\/42267\/revisions"}],"predecessor-version":[{"id":49231,"href":"https:\/\/araratfinland.com\/en\/wp-json\/wp\/v2\/product\/42267\/revisions\/49231"}],"wp:featuredmedia":[{"embeddable":true,"href":"https:\/\/araratfinland.com\/en\/wp-json\/wp\/v2\/media\/98610"}],"wp:attachment":[{"href":"https:\/\/araratfinland.com\/en\/wp-json\/wp\/v2\/media?parent=42267"}],"wp:term":[{"taxonomy":"location","embeddable":true,"href":"https:\/\/araratfinland.com\/en\/wp-json\/wp\/v2\/location?post=42267"},{"taxonomy":"product_brand","embeddable":true,"href":"https:\/\/araratfinland.com\/en\/wp-json\/wp\/v2\/product_brand?post=42267"},{"taxonomy":"product_cat","embeddable":true,"href":"https:\/\/araratfinland.com\/en\/wp-json\/wp\/v2\/product_cat?post=42267"},{"taxonomy":"product_tag","embeddable":true,"href":"https:\/\/araratfinland.com\/en\/wp-json\/wp\/v2\/product_tag?post=42267"}],"curies":[{"name":"wp","href":"https:\/\/api.w.org\/{rel}","templated":true}]}}