{"id":42262,"date":"2024-06-02T02:14:14","date_gmt":"2024-06-01T23:14:14","guid":{"rendered":"https:\/\/araratfinland.com\/product\/yayla-sac-yufka-taikina-500g\/"},"modified":"2025-10-20T10:38:35","modified_gmt":"2025-10-20T07:38:35","slug":"yayla-sac-yufka-taikina-500g","status":"publish","type":"product","link":"https:\/\/araratfinland.com\/en\/product\/yayla-sac-yufka-taikina-500g\/","title":{"rendered":"Yayla Sac Yufka Taikina 500g"},"content":{"rendered":"<h4><span style=\"font-size: 19px;color: #000000\"><strong>Leivonnainen taikina.<br \/><\/strong><\/span><span style=\"color: #000000\"><span style=\"font-size: 19px\"><strong>Ainesosat: Vehn\u00e4jauhot<\/strong>, vesi,<br \/>auringonkukka\u00f6ljy, maissit\u00e4rkkelys,<br \/>suola,<strong> vehn\u00e4gluteeni<\/strong>,\u00a0<\/span><span style=\"font-size: 19px\">s\u00e4il\u00f6nt\u00e4aine (E202),<br \/>taikinanhoitoaine, <strong>vehn\u00e4jauhot<\/strong>, emulgointiaine<br \/>(E322), jauhojen k\u00e4sittelyaine (E920),\u00a0<\/span><span style=\"font-size: 19px\">entsyymi,<br \/>happamuudens\u00e4\u00e4t\u00f6aine (E262i).<\/span><\/span><\/h4>\n<h4><span style=\"font-size: 19px;color: #000000\"><strong>S\u00e4ilytys: <\/strong>S\u00e4ilyt\u00e4 viile\u00e4ss\u00e4 ja kuivassa paikassa.<\/span><\/h4>\n<h4><span style=\"font-size: 19px;color: #000000\">Suojaa nopeilta l\u00e4mp\u00f6tilan muutoksilta.<br \/>Avaamisen j\u00e4lkeen j\u00e4\u00e4kaapissa (0\u2103 &#8211; 8\u2103).<\/span><\/h4>\n<table style=\"width: 399.078px\">\n<tbody>\n<tr>\n<td style=\"width: 380.078px\" colspan=\"2\"><span style=\"font-size: 19px;color: #000000\"><strong>Ravintosis\u00e4lt\u00f6 per 100g<\/strong><\/span><\/td>\n<\/tr>\n<\/tbody>\n<tbody>\n<tr>\n<td style=\"width: 199px\"><span style=\"font-size: 19px;color: #000000\">Energia<\/span><\/td>\n<td style=\"width: 181.078px\"><span style=\"font-size: 19px;color: #000000\">1113 kJ \/266 kcal<\/span><\/td>\n<\/tr>\n<tr>\n<td style=\"width: 199px\"><span style=\"font-size: 19px;color: #000000\">Rasva<\/span><\/td>\n<td style=\"width: 181.078px\"><span style=\"font-size: 19px;color: #000000\">3,6 g<\/span><\/td>\n<\/tr>\n<tr>\n<td style=\"width: 199px\"><span style=\"font-size: 19px;color: #000000\">josta tyydyttynytt\u00e4<\/span><\/td>\n<td style=\"width: 181.078px\"><span style=\"font-size: 19px;color: #000000\">0,3 g<\/span><\/td>\n<\/tr>\n<tr>\n<td style=\"width: 199px\"><span style=\"font-size: 19px;color: #000000\">Hiilihydraatit<\/span><\/td>\n<td style=\"width: 181.078px\"><span style=\"font-size: 19px;color: #000000\">49,7 g<\/span><\/td>\n<\/tr>\n<tr>\n<td style=\"width: 199px\"><span style=\"font-size: 19px;color: #000000\">josta sokereita<\/span><\/td>\n<td style=\"width: 181.078px\"><span style=\"font-size: 19px;color: #000000\">0,5 g<\/span><\/td>\n<\/tr>\n<tr>\n<td style=\"width: 199px\"><span style=\"font-size: 19px;color: #000000\">Proteiini<\/span><\/td>\n<td style=\"width: 181.078px\"><span style=\"font-size: 19px;color: #000000\">7,5 g<\/span><\/td>\n<\/tr>\n<tr>\n<td style=\"width: 199px\"><span style=\"font-size: 19px;color: #000000\">Suola<\/span><\/td>\n<td style=\"width: 181.078px\"><span style=\"font-size: 19px;color: #000000\">1,4 g<\/span><\/td>\n<\/tr>\n<\/tbody>\n<\/table>\n","protected":false},"excerpt":{"rendered":"<p>Leivonnainen taikina.Ainesosat: Vehn\u00e4jauhot, vesi,auringonkukka\u00f6ljy, maissit\u00e4rkkelys,suola, vehn\u00e4gluteeni,\u00a0s\u00e4il\u00f6nt\u00e4aine (E202),taikinanhoitoaine, vehn\u00e4jauhot, emulgointiaine(E322), jauhojen k\u00e4sittelyaine (E920),\u00a0entsyymi,happamuudens\u00e4\u00e4t\u00f6aine (E262i). S\u00e4ilytys: S\u00e4ilyt\u00e4 viile\u00e4ss\u00e4 ja kuivassa paikassa. Suojaa<\/p>\n","protected":false},"featured_media":97635,"template":"","meta":{"om_disable_all_campaigns":false,"_monsterinsights_skip_tracking":false,"_monsterinsights_sitenote_active":false,"_monsterinsights_sitenote_note":"","_monsterinsights_sitenote_category":0},"location":[1422],"product_brand":[1423],"product_cat":[1376],"product_tag":[],"class_list":{"0":"post-42262","1":"product","2":"type-product","3":"status-publish","4":"has-post-thumbnail","6":"location-v","7":"product_brand-ararat-ari-food","8":"product_cat-taikinat-fi","9":"stock_type-pss-en","11":"first","12":"instock","13":"taxable","14":"shipping-taxable","15":"purchasable","16":"product-type-simple"},"aioseo_notices":[],"locations":[{"id":1422,"name":"v","slug":"v","quantity":"240"}],"_links":{"self":[{"href":"https:\/\/araratfinland.com\/en\/wp-json\/wp\/v2\/product\/42262","targetHints":{"allow":["GET"]}}],"collection":[{"href":"https:\/\/araratfinland.com\/en\/wp-json\/wp\/v2\/product"}],"about":[{"href":"https:\/\/araratfinland.com\/en\/wp-json\/wp\/v2\/types\/product"}],"version-history":[{"count":1,"href":"https:\/\/araratfinland.com\/en\/wp-json\/wp\/v2\/product\/42262\/revisions"}],"predecessor-version":[{"id":46424,"href":"https:\/\/araratfinland.com\/en\/wp-json\/wp\/v2\/product\/42262\/revisions\/46424"}],"wp:featuredmedia":[{"embeddable":true,"href":"https:\/\/araratfinland.com\/en\/wp-json\/wp\/v2\/media\/97635"}],"wp:attachment":[{"href":"https:\/\/araratfinland.com\/en\/wp-json\/wp\/v2\/media?parent=42262"}],"wp:term":[{"taxonomy":"location","embeddable":true,"href":"https:\/\/araratfinland.com\/en\/wp-json\/wp\/v2\/location?post=42262"},{"taxonomy":"product_brand","embeddable":true,"href":"https:\/\/araratfinland.com\/en\/wp-json\/wp\/v2\/product_brand?post=42262"},{"taxonomy":"product_cat","embeddable":true,"href":"https:\/\/araratfinland.com\/en\/wp-json\/wp\/v2\/product_cat?post=42262"},{"taxonomy":"product_tag","embeddable":true,"href":"https:\/\/araratfinland.com\/en\/wp-json\/wp\/v2\/product_tag?post=42262"}],"curies":[{"name":"wp","href":"https:\/\/api.w.org\/{rel}","templated":true}]}}