{"id":42254,"date":"2024-06-02T02:14:12","date_gmt":"2024-06-01T23:14:12","guid":{"rendered":"https:\/\/araratfinland.com\/product\/robert-lihasailyke-nauta-340g\/"},"modified":"2025-09-12T14:26:46","modified_gmt":"2025-09-12T11:26:46","slug":"robert-lihasailyke-nauta-340g","status":"publish","type":"product","link":"https:\/\/araratfinland.com\/en\/product\/robert-lihasailyke-nauta-340g\/","title":{"rendered":"Robert Naudan ja Kanan Lihas\u00e4ilyke 340g"},"content":{"rendered":"<h4><span style=\"font-size: 18px\">Robert naudan&amp;kana lihas\u00e4ilyke<\/span><\/p>\n<p><span style=\"font-size: 18px\"><strong>Ainesosat: <\/strong>Koneellisesti eroteltu naudanliha 48%, koneellisesti<br \/>eroteltu broilerin liha 43%,\u00a0<\/span><span style=\"font-size: 18px\">vesi, suola, glukoosisiirappi,<br \/>paprika, pippuri, stabilointiaine (difosfaatti), valkosipuli,\u00a0<br \/><\/span><span style=\"font-size: 18px\">antioksidantti (askorbiinihappo), s\u00e4il\u00f6nt\u00e4aine (natriumnitriitti).<\/span><\/h4>\n<h4 style=\"margin-top: 0cm;background-image: initial;background-position: initial;background-size: initial;background-repeat: initial;background-attachment: initial\"><span style=\"font-size: 18px\">S\u00e4ilytys: Kuivassa ja huoneenl\u00e4mp\u00f6tilassa.<br \/>S\u00e4ilyt\u00e4 avattu tuote j\u00e4\u00e4kapissa<br \/><\/span><span style=\"font-size: 18px\">ja k\u00e4yt\u00e4 3 vrk:n kuluessa avaamisesta.<\/span><\/h4>\n<h4><span style=\"font-size: 18px\">Valmistettu Tanskassa.<\/span><\/h4>\n<div class=\"collapsible-container-content\">\n<div class=\"product-details-collapsible-padding nutritional-details\">\n<div class=\"nutritional-contents\">\n<table style=\"height: 240px\" width=\"261\">\n<tr>\n<th colspan=\"2\"><span style=\"font-size: 18px\">Ravintosis\u00e4lt\u00f6 per 100g<\/span><\/th>\n<th><span style=\"font-size: 18px\">\u00a0<\/span><\/th>\n<\/tr>\n<tbody>\n<tr>\n<td><span style=\"font-size: 18px\">Energia<\/span><\/td>\n<td><span style=\"font-size: 18px\">\u00a0861 kJ \/ 207 kcal<\/span><\/td>\n<\/tr>\n<tr>\n<td><span style=\"font-size: 18px\">Rasva<\/span><\/td>\n<td><span style=\"font-size: 18px\">16 g<\/span><\/td>\n<\/tr>\n<tr class=\"sub-content\">\n<td><span style=\"font-size: 18px\">josta tyydyttynytt\u00e4<\/span><\/td>\n<td><span style=\"font-size: 18px\">5,2 g<\/span><\/td>\n<\/tr>\n<tr>\n<td><span style=\"font-size: 18px\">Hiilihydraatit<\/span><\/td>\n<td><span style=\"font-size: 18px\">0,6\u00a0 g<\/span><\/td>\n<\/tr>\n<tr class=\"sub-content\">\n<td><span style=\"font-size: 18px\">josta sokereita<\/span><\/td>\n<td><span style=\"font-size: 18px\">0 g<\/span><\/td>\n<\/tr>\n<tr>\n<td><span style=\"font-size: 18px\">Proteiini<\/span><\/td>\n<td><span style=\"font-size: 18px\">15 g<\/span><\/td>\n<\/tr>\n<tr>\n<td><span style=\"font-size: 18px\">Suola<\/span><\/td>\n<td><span style=\"font-size: 18px\">2,3 g<\/span><\/td>\n<\/tr>\n<\/tbody>\n<\/table><\/div>\n<\/p><\/div>\n<\/p><\/div>\n","protected":false},"excerpt":{"rendered":"<p>Robert naudan&amp;kana lihas\u00e4ilyke Ainesosat: Koneellisesti eroteltu naudanliha 48%, koneellisestieroteltu broilerin liha 43%,\u00a0vesi, suola, glukoosisiirappi,paprika, pippuri, stabilointiaine (difosfaatti), valkosipuli,\u00a0antioksidantti (askorbiinihappo), s\u00e4il\u00f6nt\u00e4aine<\/p>\n","protected":false},"featured_media":91470,"template":"","meta":{"om_disable_all_campaigns":false,"_monsterinsights_skip_tracking":false,"_monsterinsights_sitenote_active":false,"_monsterinsights_sitenote_note":"","_monsterinsights_sitenote_category":0},"location":[1422],"product_brand":[1423],"product_cat":[1362],"product_tag":[],"class_list":{"0":"post-42254","1":"product","2":"type-product","3":"status-publish","4":"has-post-thumbnail","6":"location-v","7":"product_brand-ararat-ari-food","8":"product_cat-salamit-fi","9":"stock_type-prk-en","11":"first","12":"instock","13":"taxable","14":"shipping-taxable","15":"purchasable","16":"product-type-simple"},"aioseo_notices":[],"locations":[{"id":1422,"name":"v","slug":"v","quantity":"199"}],"_links":{"self":[{"href":"https:\/\/araratfinland.com\/en\/wp-json\/wp\/v2\/product\/42254","targetHints":{"allow":["GET"]}}],"collection":[{"href":"https:\/\/araratfinland.com\/en\/wp-json\/wp\/v2\/product"}],"about":[{"href":"https:\/\/araratfinland.com\/en\/wp-json\/wp\/v2\/types\/product"}],"version-history":[{"count":4,"href":"https:\/\/araratfinland.com\/en\/wp-json\/wp\/v2\/product\/42254\/revisions"}],"predecessor-version":[{"id":65806,"href":"https:\/\/araratfinland.com\/en\/wp-json\/wp\/v2\/product\/42254\/revisions\/65806"}],"wp:featuredmedia":[{"embeddable":true,"href":"https:\/\/araratfinland.com\/en\/wp-json\/wp\/v2\/media\/91470"}],"wp:attachment":[{"href":"https:\/\/araratfinland.com\/en\/wp-json\/wp\/v2\/media?parent=42254"}],"wp:term":[{"taxonomy":"location","embeddable":true,"href":"https:\/\/araratfinland.com\/en\/wp-json\/wp\/v2\/location?post=42254"},{"taxonomy":"product_brand","embeddable":true,"href":"https:\/\/araratfinland.com\/en\/wp-json\/wp\/v2\/product_brand?post=42254"},{"taxonomy":"product_cat","embeddable":true,"href":"https:\/\/araratfinland.com\/en\/wp-json\/wp\/v2\/product_cat?post=42254"},{"taxonomy":"product_tag","embeddable":true,"href":"https:\/\/araratfinland.com\/en\/wp-json\/wp\/v2\/product_tag?post=42254"}],"curies":[{"name":"wp","href":"https:\/\/api.w.org\/{rel}","templated":true}]}}