{"id":42250,"date":"2024-06-02T02:14:11","date_gmt":"2024-06-01T23:14:11","guid":{"rendered":"https:\/\/araratfinland.com\/product\/banadir-somali-kahvi-200g\/"},"modified":"2025-10-17T10:54:22","modified_gmt":"2025-10-17T07:54:22","slug":"banadir-somali-kahvi-200g","status":"publish","type":"product","link":"https:\/\/araratfinland.com\/en\/product\/banadir-somali-kahvi-200g\/","title":{"rendered":"Banadir Somali Kahvi 200g"},"content":{"rendered":"<div><span style=\"color: #000000\"><strong><span style=\"font-size: 18px\">Somalialainen kahvi.<\/span><\/strong><\/span><\/div>\n<div><span style=\"color: #000000\">\u00a0<\/span><\/div>\n<div><span style=\"font-size: 18px;color: #000000\"><strong>Ainesosat:<\/strong>\u00a0Kahvijauhe, kaneli, <strong>inkiv\u00e4\u00e4ri<\/strong>,\u00a0<\/span><\/div>\n<div><span style=\"font-size: 18px;color: #000000\">kardemumma.<br \/><\/span><\/div>\n<div><span style=\"font-size: 18px;color: #000000\"><strong>S\u00e4ilytys:<\/strong> Kuivassa ja viile\u00e4ss\u00e4 paikassa.<\/span><\/div>\n","protected":false},"excerpt":{"rendered":"<p>Somalialainen kahvi. \u00a0 Ainesosat:\u00a0Kahvijauhe, kaneli, inkiv\u00e4\u00e4ri,\u00a0 kardemumma. S\u00e4ilytys: Kuivassa ja viile\u00e4ss\u00e4 paikassa.<\/p>\n","protected":false},"featured_media":97108,"template":"","meta":{"om_disable_all_campaigns":false,"_monsterinsights_skip_tracking":false,"_monsterinsights_sitenote_active":false,"_monsterinsights_sitenote_note":"","_monsterinsights_sitenote_category":0},"location":[1422],"product_brand":[1423],"product_cat":[1340],"product_tag":[],"class_list":{"0":"post-42250","1":"product","2":"type-product","3":"status-publish","4":"has-post-thumbnail","6":"location-v","7":"product_brand-ararat-ari-food","8":"product_cat-teet-kahvit-fi","9":"stock_type-pcs-en","11":"first","12":"instock","13":"taxable","14":"shipping-taxable","15":"purchasable","16":"product-type-simple"},"aioseo_notices":[],"locations":[{"id":1422,"name":"v","slug":"v","quantity":"300"}],"_links":{"self":[{"href":"https:\/\/araratfinland.com\/en\/wp-json\/wp\/v2\/product\/42250","targetHints":{"allow":["GET"]}}],"collection":[{"href":"https:\/\/araratfinland.com\/en\/wp-json\/wp\/v2\/product"}],"about":[{"href":"https:\/\/araratfinland.com\/en\/wp-json\/wp\/v2\/types\/product"}],"version-history":[{"count":1,"href":"https:\/\/araratfinland.com\/en\/wp-json\/wp\/v2\/product\/42250\/revisions"}],"predecessor-version":[{"id":50361,"href":"https:\/\/araratfinland.com\/en\/wp-json\/wp\/v2\/product\/42250\/revisions\/50361"}],"wp:featuredmedia":[{"embeddable":true,"href":"https:\/\/araratfinland.com\/en\/wp-json\/wp\/v2\/media\/97108"}],"wp:attachment":[{"href":"https:\/\/araratfinland.com\/en\/wp-json\/wp\/v2\/media?parent=42250"}],"wp:term":[{"taxonomy":"location","embeddable":true,"href":"https:\/\/araratfinland.com\/en\/wp-json\/wp\/v2\/location?post=42250"},{"taxonomy":"product_brand","embeddable":true,"href":"https:\/\/araratfinland.com\/en\/wp-json\/wp\/v2\/product_brand?post=42250"},{"taxonomy":"product_cat","embeddable":true,"href":"https:\/\/araratfinland.com\/en\/wp-json\/wp\/v2\/product_cat?post=42250"},{"taxonomy":"product_tag","embeddable":true,"href":"https:\/\/araratfinland.com\/en\/wp-json\/wp\/v2\/product_tag?post=42250"}],"curies":[{"name":"wp","href":"https:\/\/api.w.org\/{rel}","templated":true}]}}