{"id":42242,"date":"2024-06-02T02:14:09","date_gmt":"2024-06-01T23:14:09","guid":{"rendered":"https:\/\/araratfinland.com\/product\/durra-munakoiso-dippi-370g\/"},"modified":"2025-09-22T15:38:55","modified_gmt":"2025-09-22T12:38:55","slug":"durra-munakoiso-dippi-370g","status":"publish","type":"product","link":"https:\/\/araratfinland.com\/en\/product\/durra-munakoiso-dippi-370g\/","title":{"rendered":"Durra Munakoiso Dippi 370g"},"content":{"rendered":"<div><span style=\"font-size: 18px;color: #000000\"><strong>Ainesosat:<\/strong> Paahdetut munakoisot 87,5%,<\/span><\/div>\n<div><span style=\"font-size: 18px;color: #000000\">seesamipasta 11%, suola 1%,<\/span><\/div>\n<div><span style=\"font-size: 18px;color: #000000\">happamuudens\u00e4\u00e4t\u00f6aine: E330 (0,5%).<\/span><\/div>\n<div><span style=\"font-size: 18px;color: #000000\"><strong>S\u00e4ilytys:<\/strong> Kuivassa ja viile\u00e4ss\u00e4 paikassa.<\/span><\/div>\n<div><span style=\"font-size: 18px;color: #000000\">Avaamisen j\u00e4lkeen s\u00e4ilyt\u00e4 j\u00e4\u00e4kaapissa,<\/span><\/div>\n<div><span style=\"font-size: 18px;color: #000000\"><span style=\"font-size: 18px;color: #000000\">ja kuluta 3 p\u00e4iv\u00e4n kuluessa.<\/p>\n<p><\/span><\/span> <\/p>\n<table style=\"font-size: 12px;width: 402px\">\n<tbody>\n<tr style=\"height: 23px\">\n<td style=\"width: 382px;height: 23px\" colspan=\"2\"><span style=\"font-size: 19px;color: #000000\"><strong>Ravintosis\u00e4lt\u00f6 per 100g<\/strong><\/span><\/td>\n<\/tr>\n<\/tbody>\n<tbody>\n<tr style=\"height: 23px\">\n<td style=\"width: 213.234px;height: 23px\"><span style=\"font-size: 19px;color: #000000\">Energia<\/span><\/td>\n<td style=\"width: 168.766px;height: 23px\"><span style=\"font-size: 19px;color: #000000\">356 kJ \/ 85 kcal<\/span><\/td>\n<\/tr>\n<tr style=\"height: 23px\">\n<td style=\"width: 213.234px;height: 23px\"><span style=\"font-size: 19px;color: #000000\">Rasva<\/span><\/td>\n<td style=\"width: 168.766px;height: 23px\"><span style=\"font-size: 19px;color: #000000\">4,9 g<\/span><\/td>\n<\/tr>\n<tr style=\"height: 23px\">\n<td style=\"width: 213.234px;height: 23px\"><span style=\"font-size: 19px;color: #000000\">josta tyydyttyneitt\u00e4<\/span><\/td>\n<td style=\"width: 168.766px;height: 23px\"><span style=\"font-size: 19px;color: #000000\">0,7 g<\/span><\/td>\n<\/tr>\n<tr style=\"height: 23px\">\n<td style=\"width: 213.234px;height: 23px\"><span style=\"font-size: 19px;color: #000000\">Hiilihydraatit<\/span><\/td>\n<td style=\"width: 168.766px;height: 23px\"><span style=\"font-size: 19px;color: #000000\">10 g<\/span><\/td>\n<\/tr>\n<tr style=\"height: 23px\">\n<td style=\"width: 213.234px;height: 23px\"><span style=\"font-size: 19px;color: #000000\">joista sokereita<\/span><\/td>\n<td style=\"width: 168.766px;height: 23px\"><span style=\"font-size: 19px;color: #000000\">3,0 g<\/span><\/td>\n<\/tr>\n<tr style=\"height: 23px\">\n<td style=\"width: 213.234px;height: 23px\"><span style=\"font-size: 19px;color: #000000\">Proteiini<\/span><\/td>\n<td style=\"width: 168.766px;height: 23px\"><span style=\"font-size: 19px;color: #000000\">2,0 g<\/span><\/td>\n<\/tr>\n<tr style=\"height: 23px\">\n<td style=\"width: 213.234px;height: 23px\"><span style=\"font-size: 19px;color: #000000\">Suola<\/span><\/td>\n<td style=\"width: 168.766px;height: 23px\"><span style=\"font-size: 19px;color: #000000\">1,0 g<br \/><\/span><\/td>\n<\/tr>\n<\/tbody>\n<\/table><\/div>\n","protected":false},"excerpt":{"rendered":"<p>Ainesosat: Paahdetut munakoisot 87,5%, seesamipasta 11%, suola 1%, happamuudens\u00e4\u00e4t\u00f6aine: E330 (0,5%). S\u00e4ilytys: Kuivassa ja viile\u00e4ss\u00e4 paikassa. Avaamisen j\u00e4lkeen s\u00e4ilyt\u00e4 j\u00e4\u00e4kaapissa,<\/p>\n","protected":false},"featured_media":93078,"template":"","meta":{"om_disable_all_campaigns":false,"_monsterinsights_skip_tracking":false,"_monsterinsights_sitenote_active":false,"_monsterinsights_sitenote_note":"","_monsterinsights_sitenote_category":0},"location":[1422],"product_brand":[1423],"product_cat":[1360],"product_tag":[],"class_list":{"0":"post-42242","1":"product","2":"type-product","3":"status-publish","4":"has-post-thumbnail","6":"location-v","7":"product_brand-ararat-ari-food","8":"product_cat-silykeetvihannekset-fi","9":"stock_type-pcs-en","11":"first","12":"instock","13":"taxable","14":"shipping-taxable","15":"purchasable","16":"product-type-simple"},"aioseo_notices":[],"locations":[{"id":1422,"name":"v","slug":"v","quantity":"240"}],"_links":{"self":[{"href":"https:\/\/araratfinland.com\/en\/wp-json\/wp\/v2\/product\/42242","targetHints":{"allow":["GET"]}}],"collection":[{"href":"https:\/\/araratfinland.com\/en\/wp-json\/wp\/v2\/product"}],"about":[{"href":"https:\/\/araratfinland.com\/en\/wp-json\/wp\/v2\/types\/product"}],"version-history":[{"count":1,"href":"https:\/\/araratfinland.com\/en\/wp-json\/wp\/v2\/product\/42242\/revisions"}],"predecessor-version":[{"id":66941,"href":"https:\/\/araratfinland.com\/en\/wp-json\/wp\/v2\/product\/42242\/revisions\/66941"}],"wp:featuredmedia":[{"embeddable":true,"href":"https:\/\/araratfinland.com\/en\/wp-json\/wp\/v2\/media\/93078"}],"wp:attachment":[{"href":"https:\/\/araratfinland.com\/en\/wp-json\/wp\/v2\/media?parent=42242"}],"wp:term":[{"taxonomy":"location","embeddable":true,"href":"https:\/\/araratfinland.com\/en\/wp-json\/wp\/v2\/location?post=42242"},{"taxonomy":"product_brand","embeddable":true,"href":"https:\/\/araratfinland.com\/en\/wp-json\/wp\/v2\/product_brand?post=42242"},{"taxonomy":"product_cat","embeddable":true,"href":"https:\/\/araratfinland.com\/en\/wp-json\/wp\/v2\/product_cat?post=42242"},{"taxonomy":"product_tag","embeddable":true,"href":"https:\/\/araratfinland.com\/en\/wp-json\/wp\/v2\/product_tag?post=42242"}],"curies":[{"name":"wp","href":"https:\/\/api.w.org\/{rel}","templated":true}]}}