{"id":42234,"date":"2024-06-02T02:14:08","date_gmt":"2024-06-01T23:14:08","guid":{"rendered":"https:\/\/araratfinland.com\/product\/yesilova-juusto-sutd-400g\/"},"modified":"2025-11-10T11:36:18","modified_gmt":"2025-11-10T09:36:18","slug":"yesilova-juusto-sutd-400g","status":"publish","type":"product","link":"https:\/\/araratfinland.com\/en\/product\/yesilova-juusto-sutd-400g\/","title":{"rendered":"Yesilova, Maito Ja Kasvi\u00f6ljy Tuote 400g"},"content":{"rendered":"<h4><span style=\"font-size: 18px;color: #000000\"><strong>Rasvattomasta maidosta ja kasvi\u00f6ljyst\u00e4<br \/>valmistettu elintarvike suolavedess\u00e4.<\/strong><\/span><\/h4>\n<h4><span style=\"color: #000000\"><span style=\"font-size: 18px\"><strong>Ainesosat:<\/strong> Past\u00f6roitu <strong>rasvaton maito,<br \/><\/strong>sertofioitu, kest\u00e4v\u00e4sti tuotettu palmu\u00f6ljy (21%),<br \/><\/span><span style=\"font-size: 18px\">suola, mikrobipohjainen juoksute, hapateviljelm\u00e4.<\/span><\/span><\/h4>\n<h4><span style=\"font-size: 18px;color: #000000\"><strong>S\u00e4ilytys:<\/strong> S\u00e4ilyt\u00e4 j\u00e4\u00e4kaapissa: 2-5\u2103.<br \/>Avattuna 5 p\u00e4iv\u00e4\u00e4 j\u00e4\u00e4kaapissa.<\/span><\/h4>\n<h4><span style=\"font-size: 18px;color: #000000\">Valmistettu Tanskassa maidosta,<br \/>joka on per\u00e4isin EU:sta.<\/span><\/h4>\n<table style=\"width: 391.391px\">\n<tbody>\n<tr>\n<td style=\"width: 377.391px\" colspan=\"2\"><span style=\"font-size: 18px;color: #000000\"><strong>Ravintosis\u00e4lt\u00f6 per 100g<\/strong><\/span><\/td>\n<\/tr>\n<\/tbody>\n<tbody>\n<tr>\n<td style=\"width: 202px\"><span style=\"font-size: 18px;color: #000000\">Energia<\/span><\/td>\n<td style=\"width: 175.391px\"><span style=\"font-size: 18px;color: #000000\">964 kJ \/ 233 kcal<\/span><\/td>\n<\/tr>\n<tr>\n<td style=\"width: 202px\"><span style=\"font-size: 18px;color: #000000\">Rasva<\/span><\/td>\n<td style=\"width: 175.391px\"><span style=\"font-size: 18px;color: #000000\">21 g<\/span><\/td>\n<\/tr>\n<tr>\n<td style=\"width: 202px\"><span style=\"font-size: 18px;color: #000000\">josta tyydyttynytt\u00e4<\/span><\/td>\n<td style=\"width: 175.391px\"><span style=\"font-size: 18px;color: #000000\">10 g<\/span><\/td>\n<\/tr>\n<tr>\n<td style=\"width: 202px\"><span style=\"font-size: 18px;color: #000000\">Hiilihydraatit<\/span><\/td>\n<td style=\"width: 175.391px\"><span style=\"font-size: 18px;color: #000000\">2,0g<\/span><\/td>\n<\/tr>\n<tr>\n<td style=\"width: 202px\"><span style=\"font-size: 18px;color: #000000\">josta sokereita<\/span><\/td>\n<td style=\"width: 175.391px\"><span style=\"font-size: 18px;color: #000000\">2,0 g<\/span><\/td>\n<\/tr>\n<tr>\n<td style=\"width: 202px\"><span style=\"font-size: 18px;color: #000000\">Proteiini<\/span><\/td>\n<td style=\"width: 175.391px\"><span style=\"font-size: 18px;color: #000000\">9,0 g<\/span><\/td>\n<\/tr>\n<tr>\n<td style=\"width: 202px\"><span style=\"font-size: 18px;color: #000000\">Suola<\/span><\/td>\n<td style=\"width: 175.391px\"><span style=\"font-size: 18px;color: #000000\">3,5 g<\/span><\/td>\n<\/tr>\n<\/tbody>\n<\/table>\n","protected":false},"excerpt":{"rendered":"<p>Rasvattomasta maidosta ja kasvi\u00f6ljyst\u00e4valmistettu elintarvike suolavedess\u00e4. Ainesosat: Past\u00f6roitu rasvaton maito,sertofioitu, kest\u00e4v\u00e4sti tuotettu palmu\u00f6ljy (21%),suola, mikrobipohjainen juoksute, hapateviljelm\u00e4. S\u00e4ilytys: S\u00e4ilyt\u00e4 j\u00e4\u00e4kaapissa:<\/p>\n","protected":false},"featured_media":100025,"template":"","meta":{"om_disable_all_campaigns":false,"_monsterinsights_skip_tracking":false,"_monsterinsights_sitenote_active":false,"_monsterinsights_sitenote_note":"","_monsterinsights_sitenote_category":0},"location":[1422],"product_brand":[1423],"product_cat":[1354],"product_tag":[],"class_list":{"0":"post-42234","1":"product","2":"type-product","3":"status-publish","4":"has-post-thumbnail","6":"location-v","7":"product_brand-ararat-ari-food","8":"product_cat-juustot-fi","9":"stock_type-prk-en","11":"first","12":"instock","13":"taxable","14":"shipping-taxable","15":"purchasable","16":"product-type-simple"},"aioseo_notices":[],"locations":[{"id":1422,"name":"v","slug":"v","quantity":"72"}],"_links":{"self":[{"href":"https:\/\/araratfinland.com\/en\/wp-json\/wp\/v2\/product\/42234","targetHints":{"allow":["GET"]}}],"collection":[{"href":"https:\/\/araratfinland.com\/en\/wp-json\/wp\/v2\/product"}],"about":[{"href":"https:\/\/araratfinland.com\/en\/wp-json\/wp\/v2\/types\/product"}],"version-history":[{"count":4,"href":"https:\/\/araratfinland.com\/en\/wp-json\/wp\/v2\/product\/42234\/revisions"}],"predecessor-version":[{"id":62690,"href":"https:\/\/araratfinland.com\/en\/wp-json\/wp\/v2\/product\/42234\/revisions\/62690"}],"wp:featuredmedia":[{"embeddable":true,"href":"https:\/\/araratfinland.com\/en\/wp-json\/wp\/v2\/media\/100025"}],"wp:attachment":[{"href":"https:\/\/araratfinland.com\/en\/wp-json\/wp\/v2\/media?parent=42234"}],"wp:term":[{"taxonomy":"location","embeddable":true,"href":"https:\/\/araratfinland.com\/en\/wp-json\/wp\/v2\/location?post=42234"},{"taxonomy":"product_brand","embeddable":true,"href":"https:\/\/araratfinland.com\/en\/wp-json\/wp\/v2\/product_brand?post=42234"},{"taxonomy":"product_cat","embeddable":true,"href":"https:\/\/araratfinland.com\/en\/wp-json\/wp\/v2\/product_cat?post=42234"},{"taxonomy":"product_tag","embeddable":true,"href":"https:\/\/araratfinland.com\/en\/wp-json\/wp\/v2\/product_tag?post=42234"}],"curies":[{"name":"wp","href":"https:\/\/api.w.org\/{rel}","templated":true}]}}