{"id":42217,"date":"2024-06-02T02:14:04","date_gmt":"2024-06-01T23:14:04","guid":{"rendered":"https:\/\/araratfinland.com\/product\/agadeer-kanansiipi-6x2-kg-2\/"},"modified":"2025-09-26T15:36:55","modified_gmt":"2025-09-26T12:36:55","slug":"agadeer-kanansiipi-6x2-kg-2","status":"publish","type":"product","link":"https:\/\/araratfinland.com\/en\/product\/agadeer-kanansiipi-6x2-kg-2\/","title":{"rendered":"Agadeer kanansiipi 6&#215;2 kg"},"content":{"rendered":"<h4><span style=\"font-size: 18px;color: #000000\"><strong>Kanansiipi A-luokka.<\/strong><\/span><\/h4>\n<h4><span style=\"font-size: 18px;color: #000000\"><strong>Ainesosat:\u00a0<\/strong>Broilerinsiivet 100%.<\/span><\/h4>\n<h4><span style=\"color: #000000\"><span style=\"font-size: 18px\"><strong>S\u00e4ilytys: <\/strong>Pakastimessa: Alle -18\u2103:n l\u00e4mp\u00f6tilassa<br \/>katso &#039;&#039;parasta ennen&#039;&#039;.<br \/><\/span><span style=\"font-size: 18px\"><strong>J\u00e4\u00e4kaapissa:<\/strong> Alle 4\u2103:n l\u00e4mp\u00f6tilassa noin 24 tuntia.<br \/><\/span><span style=\"font-size: 18px\"><strong>Ei saa pakastaa uudelleen sulattamisen j\u00e4\u00e4lkeen.<\/strong><\/span><\/span><\/h4>\n<table style=\"height: 361px;width: 387px\">\n<tbody>\n<tr style=\"height: 6.51562px\">\n<td style=\"width: 369px;height: 6.51562px\" colspan=\"2\"><span style=\"font-size: 18px;color: #000000\"><strong>Ravintosis\u00e4lt\u00f6 per 100g<\/strong><\/span><\/td>\n<\/tr>\n<\/tbody>\n<tbody>\n<tr style=\"height: 9px\">\n<td style=\"width: 206.969px;height: 9px\"><span style=\"font-size: 18px;color: #000000\">Energiaa<\/span><\/td>\n<td style=\"width: 162.031px;height: 9px\"><span style=\"font-size: 18px;color: #000000\">861 kj \/ 205 kcal<\/span><\/td>\n<\/tr>\n<tr style=\"height: 11px\">\n<td style=\"width: 206.969px;height: 11px\"><span style=\"font-size: 18px;color: #000000\">Rasva<\/span><\/td>\n<td style=\"width: 162.031px;height: 11px\"><span style=\"font-size: 18px;color: #000000\">15,0 g<\/span><\/td>\n<\/tr>\n<tr style=\"height: 6px\">\n<td style=\"width: 206.969px;height: 6px\"><span style=\"font-size: 18px;color: #000000\">josta tyydyttynytt\u00e4<\/span><\/td>\n<td style=\"width: 162.031px;height: 6px\"><span style=\"font-size: 18px;color: #000000\">4,1 g<\/span><\/td>\n<\/tr>\n<tr style=\"height: 1px\">\n<td style=\"width: 206.969px;height: 1px\"><span style=\"font-size: 18px;color: #000000\">Hiilihydraatit<\/span><\/td>\n<td style=\"width: 162.031px;height: 1px\"><span style=\"font-size: 18px;color: #000000\">0,0 g<\/span><\/td>\n<\/tr>\n<tr style=\"height: 12px\">\n<td style=\"width: 206.969px;height: 12px\"><span style=\"font-size: 18px;color: #000000\">josta sokereita<\/span><\/td>\n<td style=\"width: 162.031px;height: 12px\"><span style=\"font-size: 18px;color: #000000\">0,0 g<\/span><\/td>\n<\/tr>\n<tr style=\"height: 1px\">\n<td style=\"width: 206.969px;height: 1px\"><span style=\"font-size: 18px;color: #000000\">Proteiini<\/span><\/td>\n<td style=\"width: 162.031px;height: 1px\"><span style=\"font-size: 18px;color: #000000\">18,0 g<\/span><\/td>\n<\/tr>\n<tr style=\"height: 10px\">\n<td style=\"width: 206.969px;height: 10px\"><span style=\"font-size: 18px;color: #000000\">Suola<\/span><\/td>\n<td style=\"width: 162.031px;height: 10px\"><span style=\"font-size: 18px;color: #000000\">0,19 g<\/span><\/td>\n<\/tr>\n<\/tbody>\n<\/table>\n","protected":false},"excerpt":{"rendered":"<p>Kanansiipi A-luokka. Ainesosat:\u00a0Broilerinsiivet 100%. S\u00e4ilytys: Pakastimessa: Alle -18\u2103:n l\u00e4mp\u00f6tilassakatso &#039;&#039;parasta ennen&#039;&#039;.J\u00e4\u00e4kaapissa: Alle 4\u2103:n l\u00e4mp\u00f6tilassa noin 24 tuntia.Ei saa pakastaa uudelleen<\/p>\n","protected":false},"featured_media":93711,"template":"","meta":{"om_disable_all_campaigns":false,"_monsterinsights_skip_tracking":false,"_monsterinsights_sitenote_active":false,"_monsterinsights_sitenote_note":"","_monsterinsights_sitenote_category":0},"location":[1422],"product_brand":[1423],"product_cat":[1464],"product_tag":[],"class_list":{"0":"post-42217","1":"product","2":"type-product","3":"status-publish","4":"has-post-thumbnail","6":"location-v","7":"product_brand-ararat-ari-food","8":"product_cat-pakasteet-en-2","9":"stock_type-ltk-en","11":"first","12":"instock","13":"taxable","14":"shipping-taxable","15":"purchasable","16":"product-type-simple"},"aioseo_notices":[],"locations":[{"id":1422,"name":"v","slug":"v","quantity":"50"}],"_links":{"self":[{"href":"https:\/\/araratfinland.com\/en\/wp-json\/wp\/v2\/product\/42217","targetHints":{"allow":["GET"]}}],"collection":[{"href":"https:\/\/araratfinland.com\/en\/wp-json\/wp\/v2\/product"}],"about":[{"href":"https:\/\/araratfinland.com\/en\/wp-json\/wp\/v2\/types\/product"}],"version-history":[{"count":1,"href":"https:\/\/araratfinland.com\/en\/wp-json\/wp\/v2\/product\/42217\/revisions"}],"predecessor-version":[{"id":49148,"href":"https:\/\/araratfinland.com\/en\/wp-json\/wp\/v2\/product\/42217\/revisions\/49148"}],"wp:featuredmedia":[{"embeddable":true,"href":"https:\/\/araratfinland.com\/en\/wp-json\/wp\/v2\/media\/93711"}],"wp:attachment":[{"href":"https:\/\/araratfinland.com\/en\/wp-json\/wp\/v2\/media?parent=42217"}],"wp:term":[{"taxonomy":"location","embeddable":true,"href":"https:\/\/araratfinland.com\/en\/wp-json\/wp\/v2\/location?post=42217"},{"taxonomy":"product_brand","embeddable":true,"href":"https:\/\/araratfinland.com\/en\/wp-json\/wp\/v2\/product_brand?post=42217"},{"taxonomy":"product_cat","embeddable":true,"href":"https:\/\/araratfinland.com\/en\/wp-json\/wp\/v2\/product_cat?post=42217"},{"taxonomy":"product_tag","embeddable":true,"href":"https:\/\/araratfinland.com\/en\/wp-json\/wp\/v2\/product_tag?post=42217"}],"curies":[{"name":"wp","href":"https:\/\/api.w.org\/{rel}","templated":true}]}}