{"id":42212,"date":"2024-06-02T02:14:03","date_gmt":"2024-06-01T23:14:03","guid":{"rendered":"https:\/\/araratfinland.com\/product\/coffee-cream-powder-400-g\/"},"modified":"2025-09-05T15:35:56","modified_gmt":"2025-09-05T12:35:56","slug":"coffee-cream-powder-400-g","status":"publish","type":"product","link":"https:\/\/araratfinland.com\/en\/product\/coffee-cream-powder-400-g\/","title":{"rendered":"Creme De La Cream Coffee Cream Powder 400 g"},"content":{"rendered":"<p><span style=\"color: #000000\"><strong><span style=\"font-size: 18px\">Kahvikermajauhe.<\/p>\n<p>Ainesosat: <\/span><\/strong><span style=\"font-size: 18px\">G<\/span><span style=\"font-size: 18px\"><span style=\"font-size: 18px\">lukoosisiirappi, kasvi\u00f6ljy<br \/>(ei-hydrattu kookos), <strong><span style=\"font-size: 18px\">maito<\/span><\/strong>proteiinit,<br \/>stabilointiaine (E340, (E452),<br \/>paakkuuntumisenestoaine (E341),<br \/>emulgointiaine (E471), v\u00e4ri (E160a).<\/p>\n<p><strong><span style=\"font-size: 18px\">Saattaa sis\u00e4lt\u00e4\u00e4: Laktoosia.<\/span><\/strong><\/p>\n<p><span style=\"font-size: 18px\"><strong>S\u00e4ilyt\u00e4:<\/strong> Kuivassa ja viile\u00e4ss\u00e4 paikassa.<\/p>\n<p><\/span><\/span><\/span><\/span> <\/p>\n<table style=\"width: 387.125px\">\n<tbody>\n<tr style=\"height: 22px\">\n<td style=\"width: 368.125px;height: 22px\" colspan=\"2\"><span style=\"font-size: 18px;color: #000000\"><strong>Ravintosis\u00e4lt\u00f6 per 100g<\/strong><\/span><\/td>\n<\/tr>\n<\/tbody>\n<tbody>\n<tr style=\"height: 22px\">\n<td style=\"width: 192px;height: 22px\"><span style=\"font-size: 18px;color: #000000\">Energia<\/span><\/td>\n<td style=\"width: 176.125px;height: 22px\"><span style=\"font-size: 18px;color: #000000\">2173 kj \/ 519 kcal<\/span><\/td>\n<\/tr>\n<tr style=\"height: 22px\">\n<td style=\"width: 192px;height: 22px\"><span style=\"font-size: 18px;color: #000000\">Rasva<\/span><\/td>\n<td style=\"width: 176.125px;height: 22px\"><span style=\"font-size: 18px;color: #000000\">27,2 g<\/span><\/td>\n<\/tr>\n<tr style=\"height: 26px\">\n<td style=\"width: 192px;height: 26px\"><span style=\"font-size: 18px;color: #000000\">josta tyydyttyneitt\u00e4<\/span><\/td>\n<td style=\"width: 176.125px;height: 26px\"><span style=\"font-size: 18px;color: #000000\">24,8 g<\/span><\/td>\n<\/tr>\n<tr style=\"height: 22px\">\n<td style=\"width: 192px;height: 22px\"><span style=\"font-size: 18px;color: #000000\">Hiilihydraatit<\/span><\/td>\n<td style=\"width: 176.125px;height: 22px\"><span style=\"font-size: 18px;color: #000000\">66,8 g<\/span><\/td>\n<\/tr>\n<tr style=\"height: 11px\">\n<td style=\"width: 192px;height: 11px\">\n<p><span style=\"font-size: 18px;color: #000000\">Sokeri<\/span><\/p>\n<p><span style=\"font-size: 18px;color: #000000\">Kuitu<\/span><\/p>\n<\/td>\n<td style=\"width: 176.125px;height: 11px\">\n<p><span style=\"font-size: 18px;color: #000000\">11,0 g<\/span><\/p>\n<p><span style=\"font-size: 18px;color: #000000\">0,0 g<\/span><\/p>\n<\/td>\n<\/tr>\n<tr style=\"height: 22px\">\n<td style=\"width: 192px;height: 22px\"><span style=\"font-size: 18px;color: #000000\">Proteiini<\/span><\/td>\n<td style=\"width: 176.125px;height: 22px\"><span style=\"font-size: 18px;color: #000000\">1,8 g<\/span><\/td>\n<\/tr>\n<tr style=\"height: 22px\">\n<td style=\"width: 192px;height: 22px\"><span style=\"font-size: 18px;color: #000000\">Suola<\/span><\/td>\n<td style=\"width: 176.125px;height: 22px\"><span style=\"font-size: 18px;color: #000000\">0,28 g<\/span><\/td>\n<\/tr>\n<\/tbody>\n<\/table>\n","protected":false},"excerpt":{"rendered":"<p>Kahvikermajauhe. Ainesosat: Glukoosisiirappi, kasvi\u00f6ljy(ei-hydrattu kookos), maitoproteiinit,stabilointiaine (E340, (E452),paakkuuntumisenestoaine (E341),emulgointiaine (E471), v\u00e4ri (E160a). Saattaa sis\u00e4lt\u00e4\u00e4: Laktoosia. S\u00e4ilyt\u00e4: Kuivassa ja viile\u00e4ss\u00e4 paikassa.<\/p>\n","protected":false},"featured_media":88583,"template":"","meta":{"om_disable_all_campaigns":false,"_monsterinsights_skip_tracking":false,"_monsterinsights_sitenote_active":false,"_monsterinsights_sitenote_note":"","_monsterinsights_sitenote_category":0},"location":[1422],"product_brand":[1423],"product_cat":[1346],"product_tag":[],"class_list":{"0":"post-42212","1":"product","2":"type-product","3":"status-publish","4":"has-post-thumbnail","6":"location-v","7":"product_brand-ararat-ari-food","8":"product_cat-kuiva-tuotteet-fi","9":"stock_type-prk-en","11":"first","12":"instock","13":"taxable","14":"shipping-taxable","15":"purchasable","16":"product-type-simple"},"aioseo_notices":[],"locations":[{"id":1422,"name":"v","slug":"v","quantity":"220"}],"_links":{"self":[{"href":"https:\/\/araratfinland.com\/en\/wp-json\/wp\/v2\/product\/42212","targetHints":{"allow":["GET"]}}],"collection":[{"href":"https:\/\/araratfinland.com\/en\/wp-json\/wp\/v2\/product"}],"about":[{"href":"https:\/\/araratfinland.com\/en\/wp-json\/wp\/v2\/types\/product"}],"version-history":[{"count":2,"href":"https:\/\/araratfinland.com\/en\/wp-json\/wp\/v2\/product\/42212\/revisions"}],"predecessor-version":[{"id":59004,"href":"https:\/\/araratfinland.com\/en\/wp-json\/wp\/v2\/product\/42212\/revisions\/59004"}],"wp:featuredmedia":[{"embeddable":true,"href":"https:\/\/araratfinland.com\/en\/wp-json\/wp\/v2\/media\/88583"}],"wp:attachment":[{"href":"https:\/\/araratfinland.com\/en\/wp-json\/wp\/v2\/media?parent=42212"}],"wp:term":[{"taxonomy":"location","embeddable":true,"href":"https:\/\/araratfinland.com\/en\/wp-json\/wp\/v2\/location?post=42212"},{"taxonomy":"product_brand","embeddable":true,"href":"https:\/\/araratfinland.com\/en\/wp-json\/wp\/v2\/product_brand?post=42212"},{"taxonomy":"product_cat","embeddable":true,"href":"https:\/\/araratfinland.com\/en\/wp-json\/wp\/v2\/product_cat?post=42212"},{"taxonomy":"product_tag","embeddable":true,"href":"https:\/\/araratfinland.com\/en\/wp-json\/wp\/v2\/product_tag?post=42212"}],"curies":[{"name":"wp","href":"https:\/\/api.w.org\/{rel}","templated":true}]}}