{"id":42208,"date":"2024-06-02T02:14:02","date_gmt":"2024-06-01T23:14:02","guid":{"rendered":"https:\/\/araratfinland.com\/product\/caykur-rize-tee-500g\/"},"modified":"2025-10-20T11:22:07","modified_gmt":"2025-10-20T08:22:07","slug":"caykur-rize-tee-500g","status":"publish","type":"product","link":"https:\/\/araratfinland.com\/en\/product\/caykur-rize-tee-500g\/","title":{"rendered":"Caykur Rize Tee 500g"},"content":{"rendered":"<p class=\"\" data-start=\"113\" data-end=\"143\"><strong data-start=\"130\" data-end=\"143\">Musta tee<\/strong><\/p>\n<p class=\"\" data-start=\"145\" data-end=\"179\"><strong data-start=\"145\" data-end=\"159\">Ainesosat:<\/strong><br data-start=\"159\" data-end=\"162\" \/> Musta tee (100 %)<\/p>\n<p class=\"\" data-start=\"181\" data-end=\"207\"><strong data-start=\"181\" data-end=\"198\">Valmistusmaa:<\/strong><br data-start=\"198\" data-end=\"201\" \/> Turkki<\/p>\n<p class=\"\" data-start=\"209\" data-end=\"399\"><strong data-start=\"209\" data-end=\"252\">Ravintosis\u00e4lt\u00f6 (100 ml valmista teet\u00e4):<\/strong><br data-start=\"252\" data-end=\"255\" \/> Energia: 1 kcal \/ 4 kJ<br data-start=\"277\" data-end=\"280\" \/> Rasva: 0 g \u2013 josta tyydyttynytt\u00e4: 0 g<br data-start=\"319\" data-end=\"322\" \/> Hiilihydraatit: 0,2 g \u2013 josta sokeria: 0,13 g<br data-start=\"369\" data-end=\"372\" \/> Proteiini: 0 g<br data-start=\"386\" data-end=\"389\" \/> Suola: 0 g<\/p>\n<p class=\"\" data-start=\"401\" data-end=\"505\"><strong data-start=\"401\" data-end=\"418\">S\u00e4ilytysohje:<\/strong><br data-start=\"418\" data-end=\"421\" \/> S\u00e4ilyt\u00e4 kuivassa ja viile\u00e4ss\u00e4 paikassa, poissa kosteudesta ja voimakkaista hajuista<\/p>\n","protected":false},"excerpt":{"rendered":"<p>Musta tee Ainesosat: Musta tee (100 %) Valmistusmaa: Turkki Ravintosis\u00e4lt\u00f6 (100 ml valmista teet\u00e4): Energia: 1 kcal \/ 4 kJ<\/p>\n","protected":false},"featured_media":97697,"template":"","meta":{"om_disable_all_campaigns":false,"_monsterinsights_skip_tracking":false,"_monsterinsights_sitenote_active":false,"_monsterinsights_sitenote_note":"","_monsterinsights_sitenote_category":0},"location":[1422],"product_brand":[1423],"product_cat":[1340],"product_tag":[],"class_list":{"0":"post-42208","1":"product","2":"type-product","3":"status-publish","4":"has-post-thumbnail","6":"location-v","7":"product_brand-ararat-ari-food","8":"product_cat-teet-kahvit-fi","9":"stock_type-pcs-en","11":"first","12":"instock","13":"taxable","14":"shipping-taxable","15":"purchasable","16":"product-type-simple"},"aioseo_notices":[],"locations":[{"id":1422,"name":"v","slug":"v","quantity":"15"}],"_links":{"self":[{"href":"https:\/\/araratfinland.com\/en\/wp-json\/wp\/v2\/product\/42208","targetHints":{"allow":["GET"]}}],"collection":[{"href":"https:\/\/araratfinland.com\/en\/wp-json\/wp\/v2\/product"}],"about":[{"href":"https:\/\/araratfinland.com\/en\/wp-json\/wp\/v2\/types\/product"}],"version-history":[{"count":1,"href":"https:\/\/araratfinland.com\/en\/wp-json\/wp\/v2\/product\/42208\/revisions"}],"predecessor-version":[{"id":78969,"href":"https:\/\/araratfinland.com\/en\/wp-json\/wp\/v2\/product\/42208\/revisions\/78969"}],"wp:featuredmedia":[{"embeddable":true,"href":"https:\/\/araratfinland.com\/en\/wp-json\/wp\/v2\/media\/97697"}],"wp:attachment":[{"href":"https:\/\/araratfinland.com\/en\/wp-json\/wp\/v2\/media?parent=42208"}],"wp:term":[{"taxonomy":"location","embeddable":true,"href":"https:\/\/araratfinland.com\/en\/wp-json\/wp\/v2\/location?post=42208"},{"taxonomy":"product_brand","embeddable":true,"href":"https:\/\/araratfinland.com\/en\/wp-json\/wp\/v2\/product_brand?post=42208"},{"taxonomy":"product_cat","embeddable":true,"href":"https:\/\/araratfinland.com\/en\/wp-json\/wp\/v2\/product_cat?post=42208"},{"taxonomy":"product_tag","embeddable":true,"href":"https:\/\/araratfinland.com\/en\/wp-json\/wp\/v2\/product_tag?post=42208"}],"curies":[{"name":"wp","href":"https:\/\/api.w.org\/{rel}","templated":true}]}}