{"id":42204,"date":"2024-06-02T02:14:01","date_gmt":"2024-06-01T23:14:01","guid":{"rendered":"https:\/\/araratfinland.com\/product\/patria-halloumi-juusto-250g\/"},"modified":"2025-10-09T10:13:12","modified_gmt":"2025-10-09T07:13:12","slug":"patria-halloumi-juusto-250g","status":"publish","type":"product","link":"https:\/\/araratfinland.com\/en\/product\/patria-halloumi-juusto-250g\/","title":{"rendered":"Patria Halloumi Juusto 250g"},"content":{"rendered":"<h4><span style=\"font-size: 18px\"><strong>Puolikova juusto 43% FDM.<\/strong><\/span><\/h4>\n<h4><span style=\"font-size: 18px\"><strong>Ainesosat:<\/strong>\u00a0L<strong>ehm\u00e4n-, lampaan- ja vuohenmaito<\/strong>,<br \/>suola, mikrobi-juoksete, minttu.<\/span><\/h4>\n<h4><span style=\"font-size: 18px\"><strong>S\u00e4ilytys:<\/strong> S\u00e4ilyt\u00e4 j\u00e4\u00e4kaapissa: 2-5\u00b0C.<\/span><\/h4>\n<table style=\"width: 320.484px\">\n<tbody>\n<tr style=\"height: 22px\">\n<td style=\"width: 303.484px;height: 22px\" colspan=\"2\"><span style=\"font-size: 18px\"><strong>Ravintosis\u00e4lt\u00f6 per 100g<\/strong><\/span><\/td>\n<\/tr>\n<\/tbody>\n<tbody>\n<tr style=\"height: 22px\">\n<td style=\"width: 141px;height: 22px\"><span style=\"font-size: 18px\">Energia<\/span><\/td>\n<td style=\"width: 162.484px;height: 22px\"><span style=\"font-size: 18px\">1322 kJ \/316 kcal<\/span><\/td>\n<\/tr>\n<tr style=\"height: 22px\">\n<td style=\"width: 141px;height: 22px\"><span style=\"font-size: 18px\">Rasva<\/span><\/td>\n<td style=\"width: 162.484px;height: 22px\"><span style=\"font-size: 18px\">24 g<\/span><\/td>\n<\/tr>\n<tr style=\"height: 33.8125px\">\n<td style=\"width: 141px;height: 33.8125px\"><span style=\"font-size: 18px\">josta tyydyttynytt\u00e4<\/span><\/td>\n<td style=\"width: 162.484px;height: 33.8125px\"><span style=\"font-size: 18px\">16 g<\/span><\/td>\n<\/tr>\n<tr style=\"height: 22px\">\n<td style=\"width: 141px;height: 22px\"><span style=\"font-size: 18px\">Hiilihydraatit<\/span><\/td>\n<td style=\"width: 162.484px;height: 22px\"><span style=\"font-size: 18px\">2,0 g<\/span><\/td>\n<\/tr>\n<tr style=\"height: 22px\">\n<td style=\"width: 141px;height: 22px\"><span style=\"font-size: 18px\">josta sokereita<\/span><\/td>\n<td style=\"width: 162.484px;height: 22px\"><span style=\"font-size: 18px\">2,0 g<\/span><\/td>\n<\/tr>\n<tr style=\"height: 22px\">\n<td style=\"width: 141px;height: 22px\"><span style=\"font-size: 18px\">Proteiini<\/span><\/td>\n<td style=\"width: 162.484px;height: 22px\"><span style=\"font-size: 18px\">23 g<\/span><\/td>\n<\/tr>\n<tr style=\"height: 22px\">\n<td style=\"width: 141px;height: 22px\"><span style=\"font-size: 18px\">Suola<\/span><\/td>\n<td style=\"width: 162.484px;height: 22px\"><span style=\"font-size: 18px\">3,0 g<\/span><\/td>\n<\/tr>\n<\/tbody>\n<\/table>\n","protected":false},"excerpt":{"rendered":"<p>Puolikova juusto 43% FDM. Ainesosat:\u00a0Lehm\u00e4n-, lampaan- ja vuohenmaito,suola, mikrobi-juoksete, minttu. S\u00e4ilytys: S\u00e4ilyt\u00e4 j\u00e4\u00e4kaapissa: 2-5\u00b0C. Ravintosis\u00e4lt\u00f6 per 100g Energia 1322 kJ<\/p>\n","protected":false},"featured_media":95805,"template":"","meta":{"om_disable_all_campaigns":false,"_monsterinsights_skip_tracking":false,"_monsterinsights_sitenote_active":false,"_monsterinsights_sitenote_note":"","_monsterinsights_sitenote_category":0},"location":[1422],"product_brand":[1423],"product_cat":[1354],"product_tag":[],"class_list":{"0":"post-42204","1":"product","2":"type-product","3":"status-publish","4":"has-post-thumbnail","6":"location-v","7":"product_brand-ararat-ari-food","8":"product_cat-juustot-fi","9":"stock_type-kpl-en","11":"first","12":"instock","13":"taxable","14":"shipping-taxable","15":"purchasable","16":"product-type-simple"},"aioseo_notices":[],"locations":[{"id":1422,"name":"v","slug":"v","quantity":"119"}],"_links":{"self":[{"href":"https:\/\/araratfinland.com\/en\/wp-json\/wp\/v2\/product\/42204","targetHints":{"allow":["GET"]}}],"collection":[{"href":"https:\/\/araratfinland.com\/en\/wp-json\/wp\/v2\/product"}],"about":[{"href":"https:\/\/araratfinland.com\/en\/wp-json\/wp\/v2\/types\/product"}],"version-history":[{"count":1,"href":"https:\/\/araratfinland.com\/en\/wp-json\/wp\/v2\/product\/42204\/revisions"}],"predecessor-version":[{"id":48211,"href":"https:\/\/araratfinland.com\/en\/wp-json\/wp\/v2\/product\/42204\/revisions\/48211"}],"wp:featuredmedia":[{"embeddable":true,"href":"https:\/\/araratfinland.com\/en\/wp-json\/wp\/v2\/media\/95805"}],"wp:attachment":[{"href":"https:\/\/araratfinland.com\/en\/wp-json\/wp\/v2\/media?parent=42204"}],"wp:term":[{"taxonomy":"location","embeddable":true,"href":"https:\/\/araratfinland.com\/en\/wp-json\/wp\/v2\/location?post=42204"},{"taxonomy":"product_brand","embeddable":true,"href":"https:\/\/araratfinland.com\/en\/wp-json\/wp\/v2\/product_brand?post=42204"},{"taxonomy":"product_cat","embeddable":true,"href":"https:\/\/araratfinland.com\/en\/wp-json\/wp\/v2\/product_cat?post=42204"},{"taxonomy":"product_tag","embeddable":true,"href":"https:\/\/araratfinland.com\/en\/wp-json\/wp\/v2\/product_tag?post=42204"}],"curies":[{"name":"wp","href":"https:\/\/api.w.org\/{rel}","templated":true}]}}