{"id":42189,"date":"2024-06-02T02:13:58","date_gmt":"2024-06-01T23:13:58","guid":{"rendered":"https:\/\/araratfinland.com\/product\/sebahat-halva-cacao-3-kg-2\/"},"modified":"2025-09-05T14:27:21","modified_gmt":"2025-09-05T11:27:21","slug":"sebahat-halva-cacao-3-kg-2","status":"publish","type":"product","link":"https:\/\/araratfinland.com\/en\/product\/sebahat-halva-cacao-3-kg-2\/","title":{"rendered":"Sebahat halva cacao 3 kg"},"content":{"rendered":"<p><span style=\"color: #000000\"><strong><span style=\"font-size: 18px\">Ainesosat: <\/span><span style=\"font-size: 18px;color: #000000\">S<\/span><\/strong><span style=\"font-size: 18px\"><strong>eesamitahna<\/strong> 55%, sokeri, glukoosisiirappi,<br \/>kaakao 1%, saippuamatouute, happamuudens\u00e4\u00e4t\u00f6aine:<br \/>sitruunahappo, emulgointiaine: rasvahappojen mono- ja<br \/>diglyseridit (palmu\u00f6ljy), aromi (vanilja).<strong><br \/><\/strong><\/span><\/span><br \/><span style=\"color: #000000\"><strong><span style=\"font-size: 18px\">S\u00e4ilytys: <\/span><\/strong><span style=\"font-size: 18px\">Kuivassa ja viile\u00e4ss\u00e4 paikassa.<\/span><\/span><\/p>\n","protected":false},"excerpt":{"rendered":"<p>Ainesosat: Seesamitahna 55%, sokeri, glukoosisiirappi,kaakao 1%, saippuamatouute, happamuudens\u00e4\u00e4t\u00f6aine:sitruunahappo, emulgointiaine: rasvahappojen mono- jadiglyseridit (palmu\u00f6ljy), aromi (vanilja).S\u00e4ilytys: Kuivassa ja viile\u00e4ss\u00e4 paikassa.<\/p>\n","protected":false},"featured_media":87878,"template":"","meta":{"om_disable_all_campaigns":false,"_monsterinsights_skip_tracking":false,"_monsterinsights_sitenote_active":false,"_monsterinsights_sitenote_note":"","_monsterinsights_sitenote_category":0},"location":[1422],"product_brand":[1423],"product_cat":[1442],"product_tag":[],"class_list":{"0":"post-42189","1":"product","2":"type-product","3":"status-publish","4":"has-post-thumbnail","6":"location-v","7":"product_brand-ararat-ari-food","8":"product_cat-makeiset-en-2","9":"stock_type-pcs-en","11":"first","12":"instock","13":"taxable","14":"shipping-taxable","15":"purchasable","16":"product-type-simple"},"aioseo_notices":[],"locations":[{"id":1422,"name":"v","slug":"v","quantity":"20"}],"_links":{"self":[{"href":"https:\/\/araratfinland.com\/en\/wp-json\/wp\/v2\/product\/42189","targetHints":{"allow":["GET"]}}],"collection":[{"href":"https:\/\/araratfinland.com\/en\/wp-json\/wp\/v2\/product"}],"about":[{"href":"https:\/\/araratfinland.com\/en\/wp-json\/wp\/v2\/types\/product"}],"version-history":[{"count":1,"href":"https:\/\/araratfinland.com\/en\/wp-json\/wp\/v2\/product\/42189\/revisions"}],"predecessor-version":[{"id":46528,"href":"https:\/\/araratfinland.com\/en\/wp-json\/wp\/v2\/product\/42189\/revisions\/46528"}],"wp:featuredmedia":[{"embeddable":true,"href":"https:\/\/araratfinland.com\/en\/wp-json\/wp\/v2\/media\/87878"}],"wp:attachment":[{"href":"https:\/\/araratfinland.com\/en\/wp-json\/wp\/v2\/media?parent=42189"}],"wp:term":[{"taxonomy":"location","embeddable":true,"href":"https:\/\/araratfinland.com\/en\/wp-json\/wp\/v2\/location?post=42189"},{"taxonomy":"product_brand","embeddable":true,"href":"https:\/\/araratfinland.com\/en\/wp-json\/wp\/v2\/product_brand?post=42189"},{"taxonomy":"product_cat","embeddable":true,"href":"https:\/\/araratfinland.com\/en\/wp-json\/wp\/v2\/product_cat?post=42189"},{"taxonomy":"product_tag","embeddable":true,"href":"https:\/\/araratfinland.com\/en\/wp-json\/wp\/v2\/product_tag?post=42189"}],"curies":[{"name":"wp","href":"https:\/\/api.w.org\/{rel}","templated":true}]}}