{"id":42184,"date":"2024-06-02T02:13:57","date_gmt":"2024-06-01T23:13:57","guid":{"rendered":"https:\/\/araratfinland.com\/product\/sutd-vuohen-juusto-400g\/"},"modified":"2025-10-13T10:46:05","modified_gmt":"2025-10-13T07:46:05","slug":"sutd-vuohen-juusto-400g","status":"publish","type":"product","link":"https:\/\/araratfinland.com\/en\/product\/sutd-vuohen-juusto-400g\/","title":{"rendered":"Sutdiyari Vuohen Juusto 400g"},"content":{"rendered":"<h4><span style=\"font-size: 18px\">Pehme\u00e4 vuohenmaitojuusto brie 45% FDM.<\/span><\/h4>\n<h4><span style=\"font-size: 18px\"><strong>Ainesosat:<\/strong> <strong>Past\u00f6roitu vuohenmaito<\/strong>, suola,<br \/>mikrobien juoksutin, juustoviljely.<\/span><\/h4>\n<h4><span style=\"font-size: 18px\">Tuote sopii kasvissy\u00f6jille.<\/span><\/h4>\n<h4><span style=\"font-size: 18px\"><strong>S\u00e4ilytys:<\/strong> S\u00e4ilyt\u00e4 j\u00e4\u00e4kaapissa: 2-5\u00b0C.<br \/>Avattuna 5 p\u00e4iv\u00e4\u00e4 j\u00e4\u00e4kaapissa.<\/span><\/h4>\n<h4><span style=\"font-size: 18px\">Sis\u00e4lt\u00e4\u00e4 vuohenmaitoa.<\/span><\/h4>\n","protected":false},"excerpt":{"rendered":"<p>Pehme\u00e4 vuohenmaitojuusto brie 45% FDM. Ainesosat: Past\u00f6roitu vuohenmaito, suola,mikrobien juoksutin, juustoviljely. Tuote sopii kasvissy\u00f6jille. S\u00e4ilytys: S\u00e4ilyt\u00e4 j\u00e4\u00e4kaapissa: 2-5\u00b0C.Avattuna 5 p\u00e4iv\u00e4\u00e4<\/p>\n","protected":false},"featured_media":96324,"template":"","meta":{"om_disable_all_campaigns":false,"_monsterinsights_skip_tracking":false,"_monsterinsights_sitenote_active":false,"_monsterinsights_sitenote_note":"","_monsterinsights_sitenote_category":0},"location":[1422],"product_brand":[1423],"product_cat":[1354],"product_tag":[],"class_list":{"0":"post-42184","1":"product","2":"type-product","3":"status-publish","4":"has-post-thumbnail","6":"location-v","7":"product_brand-ararat-ari-food","8":"product_cat-juustot-fi","9":"stock_type-prk-en","11":"first","12":"instock","13":"taxable","14":"shipping-taxable","15":"purchasable","16":"product-type-simple"},"aioseo_notices":[],"locations":[{"id":1422,"name":"v","slug":"v","quantity":"0"}],"_links":{"self":[{"href":"https:\/\/araratfinland.com\/en\/wp-json\/wp\/v2\/product\/42184","targetHints":{"allow":["GET"]}}],"collection":[{"href":"https:\/\/araratfinland.com\/en\/wp-json\/wp\/v2\/product"}],"about":[{"href":"https:\/\/araratfinland.com\/en\/wp-json\/wp\/v2\/types\/product"}],"version-history":[{"count":2,"href":"https:\/\/araratfinland.com\/en\/wp-json\/wp\/v2\/product\/42184\/revisions"}],"predecessor-version":[{"id":49815,"href":"https:\/\/araratfinland.com\/en\/wp-json\/wp\/v2\/product\/42184\/revisions\/49815"}],"wp:featuredmedia":[{"embeddable":true,"href":"https:\/\/araratfinland.com\/en\/wp-json\/wp\/v2\/media\/96324"}],"wp:attachment":[{"href":"https:\/\/araratfinland.com\/en\/wp-json\/wp\/v2\/media?parent=42184"}],"wp:term":[{"taxonomy":"location","embeddable":true,"href":"https:\/\/araratfinland.com\/en\/wp-json\/wp\/v2\/location?post=42184"},{"taxonomy":"product_brand","embeddable":true,"href":"https:\/\/araratfinland.com\/en\/wp-json\/wp\/v2\/product_brand?post=42184"},{"taxonomy":"product_cat","embeddable":true,"href":"https:\/\/araratfinland.com\/en\/wp-json\/wp\/v2\/product_cat?post=42184"},{"taxonomy":"product_tag","embeddable":true,"href":"https:\/\/araratfinland.com\/en\/wp-json\/wp\/v2\/product_tag?post=42184"}],"curies":[{"name":"wp","href":"https:\/\/api.w.org\/{rel}","templated":true}]}}