{"id":42136,"date":"2024-06-02T02:13:47","date_gmt":"2024-06-01T23:13:47","guid":{"rendered":"https:\/\/araratfinland.com\/product\/tam-yagli-feta-sutd-400g\/"},"modified":"2025-11-10T11:35:32","modified_gmt":"2025-11-10T09:35:32","slug":"tam-yagli-feta-sutd-400g","status":"publish","type":"product","link":"https:\/\/araratfinland.com\/en\/product\/tam-yagli-feta-sutd-400g\/","title":{"rendered":"Sutdiyari Tam Yagli Juusto 400g"},"content":{"rendered":"<p data-start=\"70\" data-end=\"132\"><strong data-start=\"70\" data-end=\"130\">Pehme\u00e4 juusto suolaliemess\u00e4 (45 % rasvaa kuiva-aineessa)<\/strong><\/p>\n<p data-start=\"134\" data-end=\"228\"><strong data-start=\"134\" data-end=\"148\">Ainesosat:<\/strong> Past\u00f6roitu lehm\u00e4nmaito, suola, mikrobiologinen juoksute, maitohappobakteerit.<\/p>\n<p data-start=\"230\" data-end=\"414\"><strong data-start=\"230\" data-end=\"257\">Ravintosis\u00e4lt\u00f6 \/ 100 g:<\/strong><br data-start=\"257\" data-end=\"260\" \/> Energia: 924 kJ \/ 223 kcal<br data-start=\"286\" data-end=\"289\" \/> Rasva: 18 g (josta tyydyttynytt\u00e4 12,9 g)<br data-start=\"329\" data-end=\"332\" \/> Hiilihydraatit: 1,2 g (joista sokereita 1,4 g)<br data-start=\"378\" data-end=\"381\" \/> Proteiini: 3,9 g | Suola: 2,0 g<\/p>\n<p data-start=\"416\" data-end=\"525\"><strong data-start=\"416\" data-end=\"429\">S\u00e4ilytys:<\/strong> 2-5 \u00b0C. Avattuna j\u00e4\u00e4kaapissa, k\u00e4ytett\u00e4v\u00e4 5 p\u00e4iv\u00e4n kuluessa. <strong data-start=\"490\" data-end=\"507\">Parasta ennen<\/strong>: katso pakkaus.<\/p>\n","protected":false},"excerpt":{"rendered":"<p>Pehme\u00e4 juusto suolaliemess\u00e4 (45 % rasvaa kuiva-aineessa) Ainesosat: Past\u00f6roitu lehm\u00e4nmaito, suola, mikrobiologinen juoksute, maitohappobakteerit. Ravintosis\u00e4lt\u00f6 \/ 100 g: Energia: 924<\/p>\n","protected":false},"featured_media":100021,"template":"","meta":{"om_disable_all_campaigns":false,"_monsterinsights_skip_tracking":false,"_monsterinsights_sitenote_active":false,"_monsterinsights_sitenote_note":"","_monsterinsights_sitenote_category":0},"location":[1422],"product_brand":[1423],"product_cat":[1354],"product_tag":[],"class_list":{"0":"post-42136","1":"product","2":"type-product","3":"status-publish","4":"has-post-thumbnail","6":"location-v","7":"product_brand-ararat-ari-food","8":"product_cat-juustot-fi","9":"stock_type-prk-en","11":"first","12":"instock","13":"taxable","14":"shipping-taxable","15":"purchasable","16":"product-type-simple"},"aioseo_notices":[],"locations":[{"id":1422,"name":"v","slug":"v","quantity":"72"}],"_links":{"self":[{"href":"https:\/\/araratfinland.com\/en\/wp-json\/wp\/v2\/product\/42136","targetHints":{"allow":["GET"]}}],"collection":[{"href":"https:\/\/araratfinland.com\/en\/wp-json\/wp\/v2\/product"}],"about":[{"href":"https:\/\/araratfinland.com\/en\/wp-json\/wp\/v2\/types\/product"}],"version-history":[{"count":3,"href":"https:\/\/araratfinland.com\/en\/wp-json\/wp\/v2\/product\/42136\/revisions"}],"predecessor-version":[{"id":74534,"href":"https:\/\/araratfinland.com\/en\/wp-json\/wp\/v2\/product\/42136\/revisions\/74534"}],"wp:featuredmedia":[{"embeddable":true,"href":"https:\/\/araratfinland.com\/en\/wp-json\/wp\/v2\/media\/100021"}],"wp:attachment":[{"href":"https:\/\/araratfinland.com\/en\/wp-json\/wp\/v2\/media?parent=42136"}],"wp:term":[{"taxonomy":"location","embeddable":true,"href":"https:\/\/araratfinland.com\/en\/wp-json\/wp\/v2\/location?post=42136"},{"taxonomy":"product_brand","embeddable":true,"href":"https:\/\/araratfinland.com\/en\/wp-json\/wp\/v2\/product_brand?post=42136"},{"taxonomy":"product_cat","embeddable":true,"href":"https:\/\/araratfinland.com\/en\/wp-json\/wp\/v2\/product_cat?post=42136"},{"taxonomy":"product_tag","embeddable":true,"href":"https:\/\/araratfinland.com\/en\/wp-json\/wp\/v2\/product_tag?post=42136"}],"curies":[{"name":"wp","href":"https:\/\/api.w.org\/{rel}","templated":true}]}}