{"id":42130,"date":"2024-06-02T02:13:46","date_gmt":"2024-06-01T23:13:46","guid":{"rendered":"https:\/\/araratfinland.com\/product\/sebahat-halva-kaakao-350g\/"},"modified":"2025-09-05T14:27:41","modified_gmt":"2025-09-05T11:27:41","slug":"sebahat-halva-kaakao-350g","status":"publish","type":"product","link":"https:\/\/araratfinland.com\/en\/product\/sebahat-halva-kaakao-350g\/","title":{"rendered":"Sebahat Halva Kaakao 350g"},"content":{"rendered":"<h4><span style=\"color: #000000\"><span style=\"font-size: 18px\"><strong>Ainesosat: Seesamipasta 55%,<\/strong> sokeri, kaakao 1%,<br \/>happamoittaja: sitruunahappo,\u00a0<\/span><span style=\"font-size: 18px\">emulgointiaine: mono<br \/> ja diglyseridit, rasvahapot (palmu\u00f6ljy), aromi (vanilja).<\/span><\/span><\/h4>\n<h4><span style=\"font-size: 18px;color: #000000\"><strong>S\u00e4ilytys: <\/strong>Kuivassa ja viile\u00e4ss\u00e4 paikassa.<\/span><\/h4>\n<table style=\"width: 379.328px\">\n<tbody>\n<tr style=\"height: 13px\">\n<td style=\"height: 13px;width: 365.328px\" colspan=\"2\"><span style=\"font-size: 18px;color: #000000\"><strong>Ravintosis\u00e4lt\u00f6 per 100g<\/strong><\/span><\/td>\n<\/tr>\n<\/tbody>\n<tbody>\n<tr style=\"height: 13px\">\n<td style=\"height: 13px;width: 192px\"><span style=\"font-size: 18px;color: #000000\">Energia<\/span><\/td>\n<td style=\"height: 13px;width: 173.328px\"><span style=\"font-size: 18px;color: #000000\">2276 kJ \/545 kcal<\/span><\/td>\n<\/tr>\n<tr style=\"height: 13px\">\n<td style=\"height: 13px;width: 192px\"><span style=\"font-size: 18px;color: #000000\">Rasva<\/span><\/td>\n<td style=\"height: 13px;width: 173.328px\"><span style=\"font-size: 18px;color: #000000\">33 g<\/span><\/td>\n<\/tr>\n<tr style=\"height: 13px\">\n<td style=\"height: 13px;width: 192px\"><span style=\"font-size: 18px;color: #000000\">josta tyydyttyneitt\u00e4<\/span><\/td>\n<td style=\"height: 13px;width: 173.328px\"><span style=\"font-size: 18px;color: #000000\">5,9 g<\/span><\/td>\n<\/tr>\n<tr style=\"height: 13px\">\n<td style=\"height: 13px;width: 192px\"><span style=\"font-size: 18px;color: #000000\">Hiilihydraatit<\/span><\/td>\n<td style=\"height: 13px;width: 173.328px\"><span style=\"font-size: 18px;color: #000000\">47 g<\/span><\/td>\n<\/tr>\n<tr style=\"height: 13px\">\n<td style=\"height: 13px;width: 192px\"><span style=\"font-size: 18px;color: #000000\">josta sokereita<\/span><\/td>\n<td style=\"height: 13px;width: 173.328px\"><span style=\"font-size: 18px;color: #000000\">31 g<\/span><\/td>\n<\/tr>\n<tr style=\"height: 13.8125px\">\n<td style=\"height: 13.8125px;width: 192px\"><span style=\"font-size: 18px;color: #000000\">Proteiini<\/span><\/td>\n<td style=\"height: 13.8125px;width: 173.328px\"><span style=\"font-size: 18px;color: #000000\">13 g<\/span><\/td>\n<\/tr>\n<tr style=\"height: 13px\">\n<td style=\"height: 13px;width: 192px\"><span style=\"font-size: 18px;color: #000000\">Suola<\/span><\/td>\n<td style=\"height: 13px;width: 173.328px\"><span style=\"font-size: 18px;color: #000000\">0,21\u00a0g<\/span><\/td>\n<\/tr>\n<\/tbody>\n<\/table>\n","protected":false},"excerpt":{"rendered":"<p>Ainesosat: Seesamipasta 55%, sokeri, kaakao 1%,happamoittaja: sitruunahappo,\u00a0emulgointiaine: mono ja diglyseridit, rasvahapot (palmu\u00f6ljy), aromi (vanilja). S\u00e4ilytys: Kuivassa ja viile\u00e4ss\u00e4 paikassa. Ravintosis\u00e4lt\u00f6<\/p>\n","protected":false},"featured_media":87884,"template":"","meta":{"om_disable_all_campaigns":false,"_monsterinsights_skip_tracking":false,"_monsterinsights_sitenote_active":false,"_monsterinsights_sitenote_note":"","_monsterinsights_sitenote_category":0},"location":[1422],"product_brand":[1423],"product_cat":[1324],"product_tag":[],"class_list":{"0":"post-42130","1":"product","2":"type-product","3":"status-publish","4":"has-post-thumbnail","6":"location-v","7":"product_brand-ararat-ari-food","8":"product_cat-makeiset-fi","9":"stock_type-pcs-en","11":"first","12":"instock","13":"taxable","14":"shipping-taxable","15":"purchasable","16":"product-type-simple"},"aioseo_notices":[],"locations":[{"id":1422,"name":"v","slug":"v","quantity":"68"}],"_links":{"self":[{"href":"https:\/\/araratfinland.com\/en\/wp-json\/wp\/v2\/product\/42130","targetHints":{"allow":["GET"]}}],"collection":[{"href":"https:\/\/araratfinland.com\/en\/wp-json\/wp\/v2\/product"}],"about":[{"href":"https:\/\/araratfinland.com\/en\/wp-json\/wp\/v2\/types\/product"}],"version-history":[{"count":1,"href":"https:\/\/araratfinland.com\/en\/wp-json\/wp\/v2\/product\/42130\/revisions"}],"predecessor-version":[{"id":46459,"href":"https:\/\/araratfinland.com\/en\/wp-json\/wp\/v2\/product\/42130\/revisions\/46459"}],"wp:featuredmedia":[{"embeddable":true,"href":"https:\/\/araratfinland.com\/en\/wp-json\/wp\/v2\/media\/87884"}],"wp:attachment":[{"href":"https:\/\/araratfinland.com\/en\/wp-json\/wp\/v2\/media?parent=42130"}],"wp:term":[{"taxonomy":"location","embeddable":true,"href":"https:\/\/araratfinland.com\/en\/wp-json\/wp\/v2\/location?post=42130"},{"taxonomy":"product_brand","embeddable":true,"href":"https:\/\/araratfinland.com\/en\/wp-json\/wp\/v2\/product_brand?post=42130"},{"taxonomy":"product_cat","embeddable":true,"href":"https:\/\/araratfinland.com\/en\/wp-json\/wp\/v2\/product_cat?post=42130"},{"taxonomy":"product_tag","embeddable":true,"href":"https:\/\/araratfinland.com\/en\/wp-json\/wp\/v2\/product_tag?post=42130"}],"curies":[{"name":"wp","href":"https:\/\/api.w.org\/{rel}","templated":true}]}}