{"id":42125,"date":"2024-06-02T02:13:45","date_gmt":"2024-06-01T23:13:45","guid":{"rendered":"https:\/\/araratfinland.com\/product\/qibbla-schnitzel-12x1000-g-2\/"},"modified":"2025-11-19T15:03:10","modified_gmt":"2025-11-19T13:03:10","slug":"qibbla-schnitzel-12x1000-g-2","status":"publish","type":"product","link":"https:\/\/araratfinland.com\/en\/product\/qibbla-schnitzel-12x1000-g-2\/","title":{"rendered":"Qibbla Schnitzel 12&#215;1000 g"},"content":{"rendered":"<h4><span style=\"color: #000000\"><strong><span style=\"font-size: 19px\">Qibbla Kananleike.<\/span><\/strong><\/span><\/h4>\n<h4><span style=\"color: #000000\"><span style=\"font-size: 19px\"><strong>Ainesosat:<\/strong> 48% kananliha, vesi, kana-rasva, murskat;<br \/><strong>(vehn\u00e4jauho)<\/strong>, suola, dekstroosi,\u00a0<\/span><span style=\"font-size: 19px\">perunat\u00e4rkkelys,<br \/>maissit\u00e4rkkelys, riisijauho, maissijauho, mausteet,<br \/><strong>leivin<\/strong>jauhe (leivinjauhe E500),\u00a0<\/span><span style=\"font-size: 19px\"><strong>rasvaton maito<\/strong>jauhe,<br \/>sipulit, v\u00e4riaine (Tartrazine E102) kasvis\u00f6ljy.<\/span><\/span><\/h4>\n<h4><span style=\"font-size: 19px;color: #000000\"><strong>Sis\u00e4lt\u00e4\u00e4 maitoa ja gluteenia.<\/strong><\/span><\/h4>\n<h4><span style=\"font-size: 19px;color: #000000\"><strong>S\u00e4ilytys: <\/strong>S\u00e4ilyt\u00e4 pakastimessa.<\/span><\/h4>\n<table style=\"height: 361px;width: 504.125px\">\n<tbody>\n<tr>\n<td style=\"width: 500.125px\" colspan=\"2\"><span style=\"font-size: 19px;color: #000000\"><strong>Ravintosis\u00e4lt\u00f6 per 100g<\/strong><\/span><\/td>\n<\/tr>\n<\/tbody>\n<tbody>\n<tr>\n<td style=\"width: 240px\"><span style=\"font-size: 19px;color: #000000\">Energiaa<\/span><\/td>\n<td style=\"width: 260.125px\"><span style=\"font-size: 19px;color: #000000\">291 kj \/ 1212 kcal<\/span><\/td>\n<\/tr>\n<tr>\n<td style=\"width: 240px\"><span style=\"font-size: 19px;color: #000000\">Rasva<\/span><\/td>\n<td style=\"width: 260.125px\"><span style=\"font-size: 19px;color: #000000\">20 g<\/span><\/td>\n<\/tr>\n<tr>\n<td style=\"width: 240px\"><span style=\"font-size: 19px;color: #000000\">josta tyydyttynytt\u00e4<\/span><\/td>\n<td style=\"width: 260.125px\"><span style=\"font-size: 19px;color: #000000\">6,7 g<\/span><\/td>\n<\/tr>\n<tr>\n<td style=\"width: 240px\"><span style=\"font-size: 19px;color: #000000\">Hiilihydraatit<\/span><\/td>\n<td style=\"width: 260.125px\"><span style=\"font-size: 19px;color: #000000\">17 g<\/span><\/td>\n<\/tr>\n<tr>\n<td style=\"width: 240px\"><span style=\"font-size: 19px;color: #000000\">josta sokereita<\/span><\/td>\n<td style=\"width: 260.125px\"><span style=\"font-size: 19px;color: #000000\">1,3 g<\/span><\/td>\n<\/tr>\n<tr>\n<td style=\"width: 240px\"><span style=\"font-size: 19px;color: #000000\">Proteiini<\/span><\/td>\n<td style=\"width: 260.125px\"><span style=\"font-size: 19px;color: #000000\">10,8 g<\/span><\/td>\n<\/tr>\n<tr>\n<td style=\"width: 240px\"><span style=\"font-size: 19px;color: #000000\">Suola<\/span><\/td>\n<td style=\"width: 260.125px\"><span style=\"font-size: 19px;color: #000000\">0,9 g<\/span><\/td>\n<\/tr>\n<\/tbody>\n<\/table>\n","protected":false},"excerpt":{"rendered":"<p>Qibbla Kananleike. Ainesosat: 48% kananliha, vesi, kana-rasva, murskat;(vehn\u00e4jauho), suola, dekstroosi,\u00a0perunat\u00e4rkkelys,maissit\u00e4rkkelys, riisijauho, maissijauho, mausteet,leivinjauhe (leivinjauhe E500),\u00a0rasvaton maitojauhe,sipulit, v\u00e4riaine (Tartrazine E102) kasvis\u00f6ljy.<\/p>\n","protected":false},"featured_media":100897,"template":"","meta":{"om_disable_all_campaigns":false,"_monsterinsights_skip_tracking":false,"_monsterinsights_sitenote_active":false,"_monsterinsights_sitenote_note":"","_monsterinsights_sitenote_category":0},"location":[1422],"product_brand":[1423],"product_cat":[1464],"product_tag":[],"class_list":{"0":"post-42125","1":"product","2":"type-product","3":"status-publish","4":"has-post-thumbnail","6":"location-v","7":"product_brand-ararat-ari-food","8":"product_cat-pakasteet-en-2","9":"stock_type-ltk-en","11":"first","12":"instock","13":"taxable","14":"shipping-taxable","15":"purchasable","16":"product-type-simple"},"aioseo_notices":[],"locations":[{"id":1422,"name":"v","slug":"v","quantity":"10"}],"_links":{"self":[{"href":"https:\/\/araratfinland.com\/en\/wp-json\/wp\/v2\/product\/42125","targetHints":{"allow":["GET"]}}],"collection":[{"href":"https:\/\/araratfinland.com\/en\/wp-json\/wp\/v2\/product"}],"about":[{"href":"https:\/\/araratfinland.com\/en\/wp-json\/wp\/v2\/types\/product"}],"version-history":[{"count":1,"href":"https:\/\/araratfinland.com\/en\/wp-json\/wp\/v2\/product\/42125\/revisions"}],"predecessor-version":[{"id":49894,"href":"https:\/\/araratfinland.com\/en\/wp-json\/wp\/v2\/product\/42125\/revisions\/49894"}],"wp:featuredmedia":[{"embeddable":true,"href":"https:\/\/araratfinland.com\/en\/wp-json\/wp\/v2\/media\/100897"}],"wp:attachment":[{"href":"https:\/\/araratfinland.com\/en\/wp-json\/wp\/v2\/media?parent=42125"}],"wp:term":[{"taxonomy":"location","embeddable":true,"href":"https:\/\/araratfinland.com\/en\/wp-json\/wp\/v2\/location?post=42125"},{"taxonomy":"product_brand","embeddable":true,"href":"https:\/\/araratfinland.com\/en\/wp-json\/wp\/v2\/product_brand?post=42125"},{"taxonomy":"product_cat","embeddable":true,"href":"https:\/\/araratfinland.com\/en\/wp-json\/wp\/v2\/product_cat?post=42125"},{"taxonomy":"product_tag","embeddable":true,"href":"https:\/\/araratfinland.com\/en\/wp-json\/wp\/v2\/product_tag?post=42125"}],"curies":[{"name":"wp","href":"https:\/\/api.w.org\/{rel}","templated":true}]}}