{"id":42117,"date":"2024-06-02T02:13:43","date_gmt":"2024-06-01T23:13:43","guid":{"rendered":"https:\/\/araratfinland.com\/product\/suolakurkku-viipaleita-2\/"},"modified":"2025-09-05T14:54:15","modified_gmt":"2025-09-05T11:54:15","slug":"suolakurkku-viipaleita-2","status":"publish","type":"product","link":"https:\/\/araratfinland.com\/en\/product\/suolakurkku-viipaleita-2\/","title":{"rendered":"Suolakurkku viipaleita"},"content":{"rendered":"<h4><span style=\"font-size: 18px;color: #000000\"><strong>Suomalaisia kurkkuja viipaloituna mausteliemess\u00e4.<br \/>Makeutettu sokerilla.<\/strong><\/span><\/h4>\n<h4><span style=\"font-size: 18px;color: #000000\"><strong>Ainesosat: <\/strong>Kurkku, vesi, suola 1,7%, etikka, sokeri,<br \/>s\u00e4il\u00f6nt\u00e4aine E211, stabiliontiaine E509, aromit.<\/span><\/h4>\n<h4><span style=\"font-size: 18px;color: #000000\"><strong>S\u00e4ilytys:<\/strong> Avaamisen j\u00e4lkeen s\u00e4ilyt\u00e4 j\u00e4\u00e4kaapissa lasi-<br \/>tai muoviastiassa ja k\u00e4yt\u00e4 se mahdollisimman pian.<\/span><\/h4>\n<table style=\"height: 361px;width: 381px\">\n<tbody>\n<tr style=\"height: 7px\">\n<td style=\"height: 7px;width: 362px\" colspan=\"2\"><span style=\"font-size: 18px;color: #000000\"><strong>Ravintosis\u00e4lt\u00f6 per 100g<\/strong><\/span><\/td>\n<\/tr>\n<\/tbody>\n<tbody>\n<tr style=\"height: 15px\">\n<td style=\"height: 15px;width: 200.781px\"><span style=\"font-size: 18px;color: #000000\">Energiaa<\/span><\/td>\n<td style=\"height: 15px;width: 161.219px\"><span style=\"font-size: 18px;color: #000000\">126 kj \/ 29 kcal<\/span><\/td>\n<\/tr>\n<tr style=\"height: 10px\">\n<td style=\"height: 10px;width: 200.781px\"><span style=\"font-size: 18px;color: #000000\">Rasva<\/span><\/td>\n<td style=\"height: 10px;width: 161.219px\"><span style=\"font-size: 18px;color: #000000\">0,1 g<\/span><\/td>\n<\/tr>\n<tr style=\"height: 2px\">\n<td style=\"height: 2px;width: 200.781px\"><span style=\"font-size: 18px;color: #000000\">josta tyydyttynytt\u00e4<\/span><\/td>\n<td style=\"height: 2px;width: 161.219px\"><span style=\"font-size: 18px;color: #000000\">0 g<\/span><\/td>\n<\/tr>\n<tr style=\"height: 4px\">\n<td style=\"height: 4px;width: 200.781px\"><span style=\"font-size: 18px;color: #000000\">Hiilihydraatit<\/span><\/td>\n<td style=\"height: 4px;width: 161.219px\"><span style=\"font-size: 18px;color: #000000\">6,8 g<\/span><\/td>\n<\/tr>\n<tr style=\"height: 13px\">\n<td style=\"height: 13px;width: 200.781px\"><span style=\"font-size: 18px;color: #000000\">Natriumia<\/span><\/td>\n<td style=\"height: 13px;width: 161.219px\"><span style=\"font-size: 18px;color: #000000\">0,6 g<\/span><\/td>\n<\/tr>\n<tr style=\"height: 4px\">\n<td style=\"height: 4px;width: 200.781px\"><span style=\"font-size: 18px;color: #000000\">Proteiini<\/span><\/td>\n<td style=\"height: 4px;width: 161.219px\"><span style=\"font-size: 18px;color: #000000\">0,4 g<\/span><\/td>\n<\/tr>\n<tr style=\"height: 12px\">\n<td style=\"height: 12px;width: 200.781px\"><span style=\"font-size: 18px;color: #000000\">Kuitu<\/span><\/td>\n<td style=\"height: 12px;width: 161.219px\"><span style=\"font-size: 18px;color: #000000\">0,7 g<\/span><\/td>\n<\/tr>\n<\/tbody>\n<\/table>\n","protected":false},"excerpt":{"rendered":"<p>Suomalaisia kurkkuja viipaloituna mausteliemess\u00e4.Makeutettu sokerilla. Ainesosat: Kurkku, vesi, suola 1,7%, etikka, sokeri,s\u00e4il\u00f6nt\u00e4aine E211, stabiliontiaine E509, aromit. S\u00e4ilytys: Avaamisen j\u00e4lkeen s\u00e4ilyt\u00e4<\/p>\n","protected":false},"featured_media":88249,"template":"","meta":{"om_disable_all_campaigns":false,"_monsterinsights_skip_tracking":false,"_monsterinsights_sitenote_active":false,"_monsterinsights_sitenote_note":"","_monsterinsights_sitenote_category":0},"location":[1422],"product_brand":[1423],"product_cat":[1469],"product_tag":[],"class_list":{"0":"post-42117","1":"product","2":"type-product","3":"status-publish","4":"has-post-thumbnail","6":"location-v","7":"product_brand-ararat-ari-food","8":"product_cat-restaurant-en-2","9":"stock_type-prk-en","11":"first","12":"instock","13":"taxable","14":"shipping-taxable","15":"purchasable","16":"product-type-simple"},"aioseo_notices":[],"locations":[{"id":1422,"name":"v","slug":"v","quantity":"29"}],"_links":{"self":[{"href":"https:\/\/araratfinland.com\/en\/wp-json\/wp\/v2\/product\/42117","targetHints":{"allow":["GET"]}}],"collection":[{"href":"https:\/\/araratfinland.com\/en\/wp-json\/wp\/v2\/product"}],"about":[{"href":"https:\/\/araratfinland.com\/en\/wp-json\/wp\/v2\/types\/product"}],"version-history":[{"count":1,"href":"https:\/\/araratfinland.com\/en\/wp-json\/wp\/v2\/product\/42117\/revisions"}],"predecessor-version":[{"id":52804,"href":"https:\/\/araratfinland.com\/en\/wp-json\/wp\/v2\/product\/42117\/revisions\/52804"}],"wp:featuredmedia":[{"embeddable":true,"href":"https:\/\/araratfinland.com\/en\/wp-json\/wp\/v2\/media\/88249"}],"wp:attachment":[{"href":"https:\/\/araratfinland.com\/en\/wp-json\/wp\/v2\/media?parent=42117"}],"wp:term":[{"taxonomy":"location","embeddable":true,"href":"https:\/\/araratfinland.com\/en\/wp-json\/wp\/v2\/location?post=42117"},{"taxonomy":"product_brand","embeddable":true,"href":"https:\/\/araratfinland.com\/en\/wp-json\/wp\/v2\/product_brand?post=42117"},{"taxonomy":"product_cat","embeddable":true,"href":"https:\/\/araratfinland.com\/en\/wp-json\/wp\/v2\/product_cat?post=42117"},{"taxonomy":"product_tag","embeddable":true,"href":"https:\/\/araratfinland.com\/en\/wp-json\/wp\/v2\/product_tag?post=42117"}],"curies":[{"name":"wp","href":"https:\/\/api.w.org\/{rel}","templated":true}]}}